{"id":7777,"date":"2024-04-15T16:11:40","date_gmt":"2024-04-15T16:11:40","guid":{"rendered":"https:\/\/ksproducts.ca\/?post_type=product&#038;p=7777"},"modified":"2026-04-14T21:01:59","modified_gmt":"2026-04-14T21:01:59","slug":"planche-a-decouper-en-bois-12x18","status":"publish","type":"product","link":"https:\/\/ksproducts.ca\/fr\/product\/12x18-wood-carving-board\/","title":{"rendered":"Blackstone Griddle Essentials Planche \u00e0 d\u00e9couper en bois de 12 pouces x 18 pouces"},"content":{"rendered":"<div class=\"pf-c\">\n<div class=\"sc-GEbAx giDaNS pf-95_\" data-pf-type=\"Column\">\n<div class=\"sc-eVmaCL bDIYPO pf-99_\" data-product-id=\"7285298561068\" data-pf-type=\"ProductMetafield\">\n<ul class=\"sc-eJRTFu jFgyke pf-101_ acumin\" data-pf-type=\"MetafieldValue\">\n<li class=\"sc-dtDOqo bEUZPZ metafield-list.single_line_text_field\">Planche \u00e0 d\u00e9couper en bois d'acacia, belle et durable, 12 po x 18 po<\/li>\n<li class=\"sc-dtDOqo bEUZPZ metafield-list.single_line_text_field\">L'un des c\u00f4t\u00e9s comporte une rainure pour les aliments juteux, tandis que l'autre est une surface plane et solide.<\/li>\n<li class=\"sc-dtDOqo bEUZPZ metafield-list.single_line_text_field\">Poign\u00e9e de transport pratique<\/li>\n<li class=\"sc-dtDOqo bEUZPZ metafield-list.single_line_text_field\">Lavage \u00e0 la main recommand\u00e9<\/li>\n<li class=\"sc-dtDOqo bEUZPZ metafield-list.single_line_text_field\">Finition pr\u00e9-assaisonn\u00e9e<\/li>\n<li class=\"sc-dtDOqo bEUZPZ metafield-list.single_line_text_field\">Con\u00e7u pour cuisiner avec les plaques de cuisson Blackstone \u00e0 la pointe de la technologie<\/li>\n<\/ul>\n<\/div>\n<\/div>\n<\/div>\n<div class=\"pf-c\"><\/div>","protected":false},"excerpt":{"rendered":"<p>Cette superbe planche \u00e0 d\u00e9couper en bois d'acacia de 12 pouces sur 18 pouces de Blackstone est \u00e0 la fois belle et fonctionnelle. Dot\u00e9e d'une poign\u00e9e de transport et d'une rainure pour recueillir les jus, elle sera la seule planche \u00e0 d\u00e9couper dont vous aurez besoin pour cuisiner tout au long de l'ann\u00e9e. Hachez les l\u00e9gumes ou tranchez la viande pour pr\u00e9parer un d\u00e9licieux repas en plein air sur votre plancha Blackstone.<\/p>","protected":false},"featured_media":7794,"comment_status":"closed","ping_status":"closed","template":"","meta":[],"product_cat":[436,441],"product_tag":[],"class_list":{"0":"post-7777","1":"product","2":"type-product","3":"status-publish","4":"has-post-thumbnail","6":"product_brand-blackstone","7":"product_cat-accessories","8":"product_cat-essential-extras","9":"product_shipping_class-class-1","11":"first","12":"instock","13":"taxable","14":"shipping-taxable","15":"purchasable","16":"product-type-simple"},"yoast_head":"<!-- This site is optimized with the Yoast SEO plugin v27.4 - https:\/\/yoast.com\/product\/yoast-seo-wordpress\/ -->\n<title>Blackstone Griddle Essentials 12inch x 18inch Wood Carving Board - Ks Products<\/title>\n<meta name=\"robots\" content=\"index, follow, max-snippet:-1, max-image-preview:large, max-video-preview:-1\" \/>\n<link rel=\"canonical\" href=\"https:\/\/ksproducts.ca\/fr\/product\/planche-a-decouper-en-bois-12x18\/\" \/>\n<meta property=\"og:locale\" content=\"fr_CA\" \/>\n<meta property=\"og:type\" content=\"article\" \/>\n<meta property=\"og:title\" content=\"Blackstone Griddle Essentials 12inch x 18inch Wood Carving Board - Ks Products\" \/>\n<meta property=\"og:description\" content=\"Find function and beauty in this stunning, durable Blackstone 12-in by 18-in Acacia wood carving board. Complete with a carry handle and a groove to catch juices, this will be the only cutting board you need for year-round cooking. Chop veggies or slice meat in preparation to whip up a delicious meal outdoors on your Blackstone griddle.\" \/>\n<meta property=\"og:url\" content=\"https:\/\/ksproducts.ca\/fr\/product\/planche-a-decouper-en-bois-12x18\/\" \/>\n<meta property=\"og:site_name\" content=\"Ks Products\" \/>\n<meta property=\"article:modified_time\" content=\"2026-04-14T21:01:59+00:00\" \/>\n<meta property=\"og:image\" content=\"https:\/\/ksproducts.ca\/wp-content\/uploads\/2024\/04\/bi71ytkkyfy5ogsf8rws-1.jpg\" \/>\n\t<meta property=\"og:image:width\" content=\"800\" \/>\n\t<meta property=\"og:image:height\" content=\"800\" \/>\n\t<meta property=\"og:image:type\" content=\"image\/jpeg\" \/>\n<meta name=\"twitter:card\" content=\"summary_large_image\" \/>\n<meta name=\"twitter:label1\" content=\"Estimation du temps de lecture\" \/>\n\t<meta name=\"twitter:data1\" content=\"1 minute\" \/>\n<script type=\"application\/ld+json\" class=\"yoast-schema-graph\">{\"@context\":\"https:\\\/\\\/schema.org\",\"@graph\":[{\"@type\":\"WebPage\",\"@id\":\"https:\\\/\\\/ksproducts.ca\\\/product\\\/12x18-wood-carving-board\\\/\",\"url\":\"https:\\\/\\\/ksproducts.ca\\\/product\\\/12x18-wood-carving-board\\\/\",\"name\":\"Blackstone Griddle Essentials 12inch x 18inch Wood Carving Board - Ks Products\",\"isPartOf\":{\"@id\":\"https:\\\/\\\/ksproducts.ca\\\/#website\"},\"primaryImageOfPage\":{\"@id\":\"https:\\\/\\\/ksproducts.ca\\\/product\\\/12x18-wood-carving-board\\\/#primaryimage\"},\"image\":{\"@id\":\"https:\\\/\\\/ksproducts.ca\\\/product\\\/12x18-wood-carving-board\\\/#primaryimage\"},\"thumbnailUrl\":\"https:\\\/\\\/ksproducts.ca\\\/wp-content\\\/uploads\\\/2024\\\/04\\\/bi71ytkkyfy5ogsf8rws-1.jpg\",\"datePublished\":\"2024-04-15T16:11:40+00:00\",\"dateModified\":\"2026-04-14T21:01:59+00:00\",\"breadcrumb\":{\"@id\":\"https:\\\/\\\/ksproducts.ca\\\/product\\\/12x18-wood-carving-board\\\/#breadcrumb\"},\"inLanguage\":\"fr-CA\",\"potentialAction\":[{\"@type\":\"ReadAction\",\"target\":[\"https:\\\/\\\/ksproducts.ca\\\/product\\\/12x18-wood-carving-board\\\/\"]}]},{\"@type\":\"ImageObject\",\"inLanguage\":\"fr-CA\",\"@id\":\"https:\\\/\\\/ksproducts.ca\\\/product\\\/12x18-wood-carving-board\\\/#primaryimage\",\"url\":\"https:\\\/\\\/ksproducts.ca\\\/wp-content\\\/uploads\\\/2024\\\/04\\\/bi71ytkkyfy5ogsf8rws-1.jpg\",\"contentUrl\":\"https:\\\/\\\/ksproducts.ca\\\/wp-content\\\/uploads\\\/2024\\\/04\\\/bi71ytkkyfy5ogsf8rws-1.jpg\",\"width\":800,\"height\":800,\"caption\":\"Blackstone Griddle Essentials 12inch x 18inch Wood Carving Board\"},{\"@type\":\"BreadcrumbList\",\"@id\":\"https:\\\/\\\/ksproducts.ca\\\/product\\\/12x18-wood-carving-board\\\/#breadcrumb\",\"itemListElement\":[{\"@type\":\"ListItem\",\"position\":1,\"name\":\"Home\",\"item\":\"https:\\\/\\\/ksproducts.ca\\\/\"},{\"@type\":\"ListItem\",\"position\":2,\"name\":\"Shop\",\"item\":\"https:\\\/\\\/ksproducts.ca\\\/shop\\\/\"},{\"@type\":\"ListItem\",\"position\":3,\"name\":\"Blackstone Griddle Essentials 12inch x 18inch Wood Carving Board\"}]},{\"@type\":\"WebSite\",\"@id\":\"https:\\\/\\\/ksproducts.ca\\\/#website\",\"url\":\"https:\\\/\\\/ksproducts.ca\\\/\",\"name\":\"Ks Products\",\"description\":\"Outdoor cooking and living, made easy in Canada\",\"publisher\":{\"@id\":\"https:\\\/\\\/ksproducts.ca\\\/#organization\"},\"potentialAction\":[{\"@type\":\"SearchAction\",\"target\":{\"@type\":\"EntryPoint\",\"urlTemplate\":\"https:\\\/\\\/ksproducts.ca\\\/?s={search_term_string}\"},\"query-input\":{\"@type\":\"PropertyValueSpecification\",\"valueRequired\":true,\"valueName\":\"search_term_string\"}}],\"inLanguage\":\"fr-CA\"},{\"@type\":\"Organization\",\"@id\":\"https:\\\/\\\/ksproducts.ca\\\/#organization\",\"name\":\"Ks Products\",\"url\":\"https:\\\/\\\/ksproducts.ca\\\/\",\"logo\":{\"@type\":\"ImageObject\",\"inLanguage\":\"fr-CA\",\"@id\":\"https:\\\/\\\/ksproducts.ca\\\/#\\\/schema\\\/logo\\\/image\\\/\",\"url\":\"https:\\\/\\\/ksproducts.ca\\\/wp-content\\\/uploads\\\/2023\\\/09\\\/Kennedy-Sales-Logo-header-1.png\",\"contentUrl\":\"https:\\\/\\\/ksproducts.ca\\\/wp-content\\\/uploads\\\/2023\\\/09\\\/Kennedy-Sales-Logo-header-1.png\",\"width\":150,\"height\":77,\"caption\":\"Ks Products\"},\"image\":{\"@id\":\"https:\\\/\\\/ksproducts.ca\\\/#\\\/schema\\\/logo\\\/image\\\/\"}}]}<\/script>\n<!-- \/ Yoast SEO plugin. -->","yoast_head_json":{"title":"Planche \u00e0 d\u00e9couper en bois Blackstone Essentials 12 x 18 pouces - Ks Products","robots":{"index":"index","follow":"follow","max-snippet":"max-snippet:-1","max-image-preview":"max-image-preview:large","max-video-preview":"max-video-preview:-1"},"canonical":"https:\/\/ksproducts.ca\/fr\/product\/planche-a-decouper-en-bois-12x18\/","og_locale":"fr_CA","og_type":"article","og_title":"Blackstone Griddle Essentials 12inch x 18inch Wood Carving Board - Ks Products","og_description":"Find function and beauty in this stunning, durable Blackstone 12-in by 18-in Acacia wood carving board. Complete with a carry handle and a groove to catch juices, this will be the only cutting board you need for year-round cooking. Chop veggies or slice meat in preparation to whip up a delicious meal outdoors on your Blackstone griddle.","og_url":"https:\/\/ksproducts.ca\/fr\/product\/planche-a-decouper-en-bois-12x18\/","og_site_name":"Ks Products","article_modified_time":"2026-04-14T21:01:59+00:00","og_image":[{"width":800,"height":800,"url":"https:\/\/ksproducts.ca\/wp-content\/uploads\/2024\/04\/bi71ytkkyfy5ogsf8rws-1.jpg","type":"image\/jpeg"}],"twitter_card":"summary_large_image","twitter_misc":{"Estimation du temps de lecture":"1 minute"},"schema":{"@context":"https:\/\/schema.org","@graph":[{"@type":"WebPage","@id":"https:\/\/ksproducts.ca\/product\/12x18-wood-carving-board\/","url":"https:\/\/ksproducts.ca\/product\/12x18-wood-carving-board\/","name":"Planche \u00e0 d\u00e9couper en bois Blackstone Essentials 12 x 18 pouces - Ks Products","isPartOf":{"@id":"https:\/\/ksproducts.ca\/#website"},"primaryImageOfPage":{"@id":"https:\/\/ksproducts.ca\/product\/12x18-wood-carving-board\/#primaryimage"},"image":{"@id":"https:\/\/ksproducts.ca\/product\/12x18-wood-carving-board\/#primaryimage"},"thumbnailUrl":"https:\/\/ksproducts.ca\/wp-content\/uploads\/2024\/04\/bi71ytkkyfy5ogsf8rws-1.jpg","datePublished":"2024-04-15T16:11:40+00:00","dateModified":"2026-04-14T21:01:59+00:00","breadcrumb":{"@id":"https:\/\/ksproducts.ca\/product\/12x18-wood-carving-board\/#breadcrumb"},"inLanguage":"fr-CA","potentialAction":[{"@type":"ReadAction","target":["https:\/\/ksproducts.ca\/product\/12x18-wood-carving-board\/"]}]},{"@type":"ImageObject","inLanguage":"fr-CA","@id":"https:\/\/ksproducts.ca\/product\/12x18-wood-carving-board\/#primaryimage","url":"https:\/\/ksproducts.ca\/wp-content\/uploads\/2024\/04\/bi71ytkkyfy5ogsf8rws-1.jpg","contentUrl":"https:\/\/ksproducts.ca\/wp-content\/uploads\/2024\/04\/bi71ytkkyfy5ogsf8rws-1.jpg","width":800,"height":800,"caption":"Blackstone Griddle Essentials 12inch x 18inch Wood Carving Board"},{"@type":"BreadcrumbList","@id":"https:\/\/ksproducts.ca\/product\/12x18-wood-carving-board\/#breadcrumb","itemListElement":[{"@type":"ListItem","position":1,"name":"Home","item":"https:\/\/ksproducts.ca\/"},{"@type":"ListItem","position":2,"name":"Shop","item":"https:\/\/ksproducts.ca\/shop\/"},{"@type":"ListItem","position":3,"name":"Blackstone Griddle Essentials 12inch x 18inch Wood Carving Board"}]},{"@type":"WebSite","@id":"https:\/\/ksproducts.ca\/#website","url":"https:\/\/ksproducts.ca\/","name":"Produits Ks","description":"Cuisiner et vivre en plein air, c'est facile au Canada","publisher":{"@id":"https:\/\/ksproducts.ca\/#organization"},"potentialAction":[{"@type":"SearchAction","target":{"@type":"EntryPoint","urlTemplate":"https:\/\/ksproducts.ca\/?s={search_term_string}"},"query-input":{"@type":"PropertyValueSpecification","valueRequired":true,"valueName":"search_term_string"}}],"inLanguage":"fr-CA"},{"@type":"Organization","@id":"https:\/\/ksproducts.ca\/#organization","name":"Produits Ks","url":"https:\/\/ksproducts.ca\/","logo":{"@type":"ImageObject","inLanguage":"fr-CA","@id":"https:\/\/ksproducts.ca\/#\/schema\/logo\/image\/","url":"https:\/\/ksproducts.ca\/wp-content\/uploads\/2023\/09\/Kennedy-Sales-Logo-header-1.png","contentUrl":"https:\/\/ksproducts.ca\/wp-content\/uploads\/2023\/09\/Kennedy-Sales-Logo-header-1.png","width":150,"height":77,"caption":"Ks Products"},"image":{"@id":"https:\/\/ksproducts.ca\/#\/schema\/logo\/image\/"}}]}},"_links":{"self":[{"href":"https:\/\/ksproducts.ca\/fr\/wp-json\/wp\/v2\/product\/7777","targetHints":{"allow":["GET"]}}],"collection":[{"href":"https:\/\/ksproducts.ca\/fr\/wp-json\/wp\/v2\/product"}],"about":[{"href":"https:\/\/ksproducts.ca\/fr\/wp-json\/wp\/v2\/types\/product"}],"replies":[{"embeddable":true,"href":"https:\/\/ksproducts.ca\/fr\/wp-json\/wp\/v2\/comments?post=7777"}],"version-history":[{"count":3,"href":"https:\/\/ksproducts.ca\/fr\/wp-json\/wp\/v2\/product\/7777\/revisions"}],"predecessor-version":[{"id":10576,"href":"https:\/\/ksproducts.ca\/fr\/wp-json\/wp\/v2\/product\/7777\/revisions\/10576"}],"wp:featuredmedia":[{"embeddable":true,"href":"https:\/\/ksproducts.ca\/fr\/wp-json\/wp\/v2\/media\/7794"}],"wp:attachment":[{"href":"https:\/\/ksproducts.ca\/fr\/wp-json\/wp\/v2\/media?parent=7777"}],"wp:term":[{"taxonomy":"product_cat","embeddable":true,"href":"https:\/\/ksproducts.ca\/fr\/wp-json\/wp\/v2\/product_cat?post=7777"},{"taxonomy":"product_tag","embeddable":true,"href":"https:\/\/ksproducts.ca\/fr\/wp-json\/wp\/v2\/product_tag?post=7777"}],"curies":[{"name":"wp","href":"https:\/\/api.w.org\/{rel}","templated":true}]}}