{"id":7801,"date":"2024-04-15T16:12:07","date_gmt":"2024-04-15T16:12:07","guid":{"rendered":"https:\/\/ksproducts.ca\/?post_type=product&#038;p=7801"},"modified":"2026-04-03T20:18:54","modified_gmt":"2026-04-03T20:18:54","slug":"table-de-preparation-28","status":"publish","type":"product","link":"https:\/\/ksproducts.ca\/fr\/product\/prep-table-28\/","title":{"rendered":"Blackstone 28inch Original Series Prep Table"},"content":{"rendered":"<ul>\n<li>Dimensions : 28 pouces x 20,4 pouces x 33,4 pouces.<\/li>\n<li>Surface de pr\u00e9paration en acier inoxydable de 28 pouces<\/li>\n<li>Porte-serviettes en papier<\/li>\n<li>Porte-sac \u00e0 ordures<\/li>\n<li>Deux (2) roues pivotantes pour la mobilit\u00e9 avec une poign\u00e9e<\/li>\n<li>Une seule \u00e9tag\u00e8re inf\u00e9rieure<\/li>\n<\/ul>","protected":false},"excerpt":{"rendered":"<p>Compl\u00e9tez votre cuisine ext\u00e9rieure avec le Blackstone 28-in. Prep Cart. L'espace de pr\u00e9paration suppl\u00e9mentaire offre des possibilit\u00e9s infinies. Hacher les l\u00e9gumes, avoir l'huile de cuisson \u00e0 port\u00e9e de main, ranger les planches \u00e0 d\u00e9couper et les assiettes de service, c'est facile avec ce chariot. Dot\u00e9 d'un porte-essuie-tout, d'un porte-sac \u00e0 ordures et d'une surface de pr\u00e9paration en acier inoxydable, vous aurez l'impression d'\u00eatre dans une cuisine de qualit\u00e9 professionnelle. Les deux roues pivotantes et la poign\u00e9e vous permettront de r\u00e9organiser facilement votre cuisine. Pr\u00e9parez vos grillades plus rapidement avec votre nouveau chariot de pr\u00e9paration Blackstone.<\/p>","protected":false},"featured_media":7817,"comment_status":"closed","ping_status":"closed","template":"","meta":[],"product_cat":[440],"product_tag":[],"class_list":{"0":"post-7801","1":"product","2":"type-product","3":"status-publish","4":"has-post-thumbnail","6":"product_cat-stands-prep-carts","7":"product_shipping_class-class-3","9":"first","10":"instock","11":"taxable","12":"shipping-taxable","13":"purchasable","14":"product-type-simple"},"yoast_head":"<!-- This site is optimized with the Yoast SEO plugin v27.3 - https:\/\/yoast.com\/product\/yoast-seo-wordpress\/ -->\n<title>Blackstone 28inch Original Series Prep Table - Ks Products<\/title>\n<meta name=\"robots\" content=\"index, follow, max-snippet:-1, max-image-preview:large, max-video-preview:-1\" \/>\n<link rel=\"canonical\" href=\"https:\/\/ksproducts.ca\/fr\/product\/table-de-preparation-28\/\" \/>\n<meta property=\"og:locale\" content=\"fr_CA\" \/>\n<meta property=\"og:type\" content=\"article\" \/>\n<meta property=\"og:title\" content=\"Blackstone 28inch Original Series Prep Table - Ks Products\" \/>\n<meta property=\"og:description\" content=\"Complete your outdoor kitchen with the Blackstone 28-in. Prep Cart. With additional prep space comes endless possibilities. Chopping up vegetables, having cooking oil within reach, stashing cutting boards and serving plates made easy with this cart. Featuring a paper towel holder, garbage bag holder, and a stainless steel prep surface you&#039;ll feel like you&#039;re in a professional grade kitchen. You&#039;ll be able to rearrange easily with the 2 caster wheels and handle. Get to griddling faster with your new Blackstone Prep Cart.\" \/>\n<meta property=\"og:url\" content=\"https:\/\/ksproducts.ca\/fr\/product\/table-de-preparation-28\/\" \/>\n<meta property=\"og:site_name\" content=\"Ks Products\" \/>\n<meta property=\"article:modified_time\" content=\"2026-04-03T20:18:54+00:00\" \/>\n<meta property=\"og:image\" content=\"https:\/\/ksproducts.ca\/wp-content\/uploads\/2024\/04\/2171_28PrepTable_WSQ_01-main-jpg.webp\" \/>\n\t<meta property=\"og:image:width\" content=\"800\" \/>\n\t<meta property=\"og:image:height\" content=\"800\" \/>\n\t<meta property=\"og:image:type\" content=\"image\/jpeg\" \/>\n<meta name=\"twitter:card\" content=\"summary_large_image\" \/>\n<meta name=\"twitter:label1\" content=\"Estimation du temps de lecture\" \/>\n\t<meta name=\"twitter:data1\" content=\"1 minute\" \/>\n<script type=\"application\/ld+json\" class=\"yoast-schema-graph\">{\"@context\":\"https:\\\/\\\/schema.org\",\"@graph\":[{\"@type\":\"WebPage\",\"@id\":\"https:\\\/\\\/ksproducts.ca\\\/product\\\/prep-table-28\\\/\",\"url\":\"https:\\\/\\\/ksproducts.ca\\\/product\\\/prep-table-28\\\/\",\"name\":\"Blackstone 28inch Original Series Prep Table - Ks Products\",\"isPartOf\":{\"@id\":\"https:\\\/\\\/ksproducts.ca\\\/#website\"},\"primaryImageOfPage\":{\"@id\":\"https:\\\/\\\/ksproducts.ca\\\/product\\\/prep-table-28\\\/#primaryimage\"},\"image\":{\"@id\":\"https:\\\/\\\/ksproducts.ca\\\/product\\\/prep-table-28\\\/#primaryimage\"},\"thumbnailUrl\":\"https:\\\/\\\/ksproducts.ca\\\/wp-content\\\/uploads\\\/2024\\\/04\\\/2171_28PrepTable_WSQ_01-main-jpg.webp\",\"datePublished\":\"2024-04-15T16:12:07+00:00\",\"dateModified\":\"2026-04-03T20:18:54+00:00\",\"breadcrumb\":{\"@id\":\"https:\\\/\\\/ksproducts.ca\\\/product\\\/prep-table-28\\\/#breadcrumb\"},\"inLanguage\":\"fr-CA\",\"potentialAction\":[{\"@type\":\"ReadAction\",\"target\":[\"https:\\\/\\\/ksproducts.ca\\\/product\\\/prep-table-28\\\/\"]}]},{\"@type\":\"ImageObject\",\"inLanguage\":\"fr-CA\",\"@id\":\"https:\\\/\\\/ksproducts.ca\\\/product\\\/prep-table-28\\\/#primaryimage\",\"url\":\"https:\\\/\\\/ksproducts.ca\\\/wp-content\\\/uploads\\\/2024\\\/04\\\/2171_28PrepTable_WSQ_01-main-jpg.webp\",\"contentUrl\":\"https:\\\/\\\/ksproducts.ca\\\/wp-content\\\/uploads\\\/2024\\\/04\\\/2171_28PrepTable_WSQ_01-main-jpg.webp\",\"width\":800,\"height\":800,\"caption\":\"Blackstone 28inch Original Series Prep Table\"},{\"@type\":\"BreadcrumbList\",\"@id\":\"https:\\\/\\\/ksproducts.ca\\\/product\\\/prep-table-28\\\/#breadcrumb\",\"itemListElement\":[{\"@type\":\"ListItem\",\"position\":1,\"name\":\"Home\",\"item\":\"https:\\\/\\\/ksproducts.ca\\\/\"},{\"@type\":\"ListItem\",\"position\":2,\"name\":\"Shop\",\"item\":\"https:\\\/\\\/ksproducts.ca\\\/shop\\\/\"},{\"@type\":\"ListItem\",\"position\":3,\"name\":\"Blackstone 28inch Original Series Prep Table\"}]},{\"@type\":\"WebSite\",\"@id\":\"https:\\\/\\\/ksproducts.ca\\\/#website\",\"url\":\"https:\\\/\\\/ksproducts.ca\\\/\",\"name\":\"Ks Products\",\"description\":\"Outdoor cooking and living, made easy in Canada\",\"publisher\":{\"@id\":\"https:\\\/\\\/ksproducts.ca\\\/#organization\"},\"potentialAction\":[{\"@type\":\"SearchAction\",\"target\":{\"@type\":\"EntryPoint\",\"urlTemplate\":\"https:\\\/\\\/ksproducts.ca\\\/?s={search_term_string}\"},\"query-input\":{\"@type\":\"PropertyValueSpecification\",\"valueRequired\":true,\"valueName\":\"search_term_string\"}}],\"inLanguage\":\"fr-CA\"},{\"@type\":\"Organization\",\"@id\":\"https:\\\/\\\/ksproducts.ca\\\/#organization\",\"name\":\"Ks Products\",\"url\":\"https:\\\/\\\/ksproducts.ca\\\/\",\"logo\":{\"@type\":\"ImageObject\",\"inLanguage\":\"fr-CA\",\"@id\":\"https:\\\/\\\/ksproducts.ca\\\/#\\\/schema\\\/logo\\\/image\\\/\",\"url\":\"https:\\\/\\\/ksproducts.ca\\\/wp-content\\\/uploads\\\/2023\\\/09\\\/Kennedy-Sales-Logo-header-1.png\",\"contentUrl\":\"https:\\\/\\\/ksproducts.ca\\\/wp-content\\\/uploads\\\/2023\\\/09\\\/Kennedy-Sales-Logo-header-1.png\",\"width\":150,\"height\":77,\"caption\":\"Ks Products\"},\"image\":{\"@id\":\"https:\\\/\\\/ksproducts.ca\\\/#\\\/schema\\\/logo\\\/image\\\/\"}}]}<\/script>\n<!-- \/ Yoast SEO plugin. -->","yoast_head_json":{"title":"Blackstone 28inch Original Series Prep Table - Ks Products","robots":{"index":"index","follow":"follow","max-snippet":"max-snippet:-1","max-image-preview":"max-image-preview:large","max-video-preview":"max-video-preview:-1"},"canonical":"https:\/\/ksproducts.ca\/fr\/product\/table-de-preparation-28\/","og_locale":"fr_CA","og_type":"article","og_title":"Blackstone 28inch Original Series Prep Table - Ks Products","og_description":"Complete your outdoor kitchen with the Blackstone 28-in. Prep Cart. With additional prep space comes endless possibilities. Chopping up vegetables, having cooking oil within reach, stashing cutting boards and serving plates made easy with this cart. Featuring a paper towel holder, garbage bag holder, and a stainless steel prep surface you'll feel like you're in a professional grade kitchen. You'll be able to rearrange easily with the 2 caster wheels and handle. Get to griddling faster with your new Blackstone Prep Cart.","og_url":"https:\/\/ksproducts.ca\/fr\/product\/table-de-preparation-28\/","og_site_name":"Ks Products","article_modified_time":"2026-04-03T20:18:54+00:00","og_image":[{"width":800,"height":800,"url":"https:\/\/ksproducts.ca\/wp-content\/uploads\/2024\/04\/2171_28PrepTable_WSQ_01-main-jpg.webp","type":"image\/jpeg"}],"twitter_card":"summary_large_image","twitter_misc":{"Estimation du temps de lecture":"1 minute"},"schema":{"@context":"https:\/\/schema.org","@graph":[{"@type":"WebPage","@id":"https:\/\/ksproducts.ca\/product\/prep-table-28\/","url":"https:\/\/ksproducts.ca\/product\/prep-table-28\/","name":"Blackstone 28inch Original Series Prep Table - Ks Products","isPartOf":{"@id":"https:\/\/ksproducts.ca\/#website"},"primaryImageOfPage":{"@id":"https:\/\/ksproducts.ca\/product\/prep-table-28\/#primaryimage"},"image":{"@id":"https:\/\/ksproducts.ca\/product\/prep-table-28\/#primaryimage"},"thumbnailUrl":"https:\/\/ksproducts.ca\/wp-content\/uploads\/2024\/04\/2171_28PrepTable_WSQ_01-main-jpg.webp","datePublished":"2024-04-15T16:12:07+00:00","dateModified":"2026-04-03T20:18:54+00:00","breadcrumb":{"@id":"https:\/\/ksproducts.ca\/product\/prep-table-28\/#breadcrumb"},"inLanguage":"fr-CA","potentialAction":[{"@type":"ReadAction","target":["https:\/\/ksproducts.ca\/product\/prep-table-28\/"]}]},{"@type":"ImageObject","inLanguage":"fr-CA","@id":"https:\/\/ksproducts.ca\/product\/prep-table-28\/#primaryimage","url":"https:\/\/ksproducts.ca\/wp-content\/uploads\/2024\/04\/2171_28PrepTable_WSQ_01-main-jpg.webp","contentUrl":"https:\/\/ksproducts.ca\/wp-content\/uploads\/2024\/04\/2171_28PrepTable_WSQ_01-main-jpg.webp","width":800,"height":800,"caption":"Blackstone 28inch Original Series Prep Table"},{"@type":"BreadcrumbList","@id":"https:\/\/ksproducts.ca\/product\/prep-table-28\/#breadcrumb","itemListElement":[{"@type":"ListItem","position":1,"name":"Home","item":"https:\/\/ksproducts.ca\/"},{"@type":"ListItem","position":2,"name":"Shop","item":"https:\/\/ksproducts.ca\/shop\/"},{"@type":"ListItem","position":3,"name":"Blackstone 28inch Original Series Prep Table"}]},{"@type":"WebSite","@id":"https:\/\/ksproducts.ca\/#website","url":"https:\/\/ksproducts.ca\/","name":"Produits Ks","description":"Cuisiner et vivre en plein air, c'est facile au Canada","publisher":{"@id":"https:\/\/ksproducts.ca\/#organization"},"potentialAction":[{"@type":"SearchAction","target":{"@type":"EntryPoint","urlTemplate":"https:\/\/ksproducts.ca\/?s={search_term_string}"},"query-input":{"@type":"PropertyValueSpecification","valueRequired":true,"valueName":"search_term_string"}}],"inLanguage":"fr-CA"},{"@type":"Organization","@id":"https:\/\/ksproducts.ca\/#organization","name":"Produits Ks","url":"https:\/\/ksproducts.ca\/","logo":{"@type":"ImageObject","inLanguage":"fr-CA","@id":"https:\/\/ksproducts.ca\/#\/schema\/logo\/image\/","url":"https:\/\/ksproducts.ca\/wp-content\/uploads\/2023\/09\/Kennedy-Sales-Logo-header-1.png","contentUrl":"https:\/\/ksproducts.ca\/wp-content\/uploads\/2023\/09\/Kennedy-Sales-Logo-header-1.png","width":150,"height":77,"caption":"Ks Products"},"image":{"@id":"https:\/\/ksproducts.ca\/#\/schema\/logo\/image\/"}}]}},"_links":{"self":[{"href":"https:\/\/ksproducts.ca\/fr\/wp-json\/wp\/v2\/product\/7801","targetHints":{"allow":["GET"]}}],"collection":[{"href":"https:\/\/ksproducts.ca\/fr\/wp-json\/wp\/v2\/product"}],"about":[{"href":"https:\/\/ksproducts.ca\/fr\/wp-json\/wp\/v2\/types\/product"}],"replies":[{"embeddable":true,"href":"https:\/\/ksproducts.ca\/fr\/wp-json\/wp\/v2\/comments?post=7801"}],"version-history":[{"count":3,"href":"https:\/\/ksproducts.ca\/fr\/wp-json\/wp\/v2\/product\/7801\/revisions"}],"predecessor-version":[{"id":10582,"href":"https:\/\/ksproducts.ca\/fr\/wp-json\/wp\/v2\/product\/7801\/revisions\/10582"}],"wp:featuredmedia":[{"embeddable":true,"href":"https:\/\/ksproducts.ca\/fr\/wp-json\/wp\/v2\/media\/7817"}],"wp:attachment":[{"href":"https:\/\/ksproducts.ca\/fr\/wp-json\/wp\/v2\/media?parent=7801"}],"wp:term":[{"taxonomy":"product_cat","embeddable":true,"href":"https:\/\/ksproducts.ca\/fr\/wp-json\/wp\/v2\/product_cat?post=7801"},{"taxonomy":"product_tag","embeddable":true,"href":"https:\/\/ksproducts.ca\/fr\/wp-json\/wp\/v2\/product_tag?post=7801"}],"curies":[{"name":"wp","href":"https:\/\/api.w.org\/{rel}","templated":true}]}}