{"id":7824,"date":"2024-04-15T16:12:43","date_gmt":"2024-04-15T16:12:43","guid":{"rendered":"https:\/\/ksproducts.ca\/?post_type=product&#038;p=7824"},"modified":"2025-09-17T18:10:57","modified_gmt":"2025-09-17T18:10:57","slug":"paire-de-gants-de-cuisine-ge","status":"publish","type":"product","link":"https:\/\/ksproducts.ca\/fr\/product\/ge-griddle-gloves-pair\/","title":{"rendered":"Paire de gants pour gril GE"},"content":{"rendered":"<ul>\n<li>R\u00e9sistant \u00e0 la chaleur jusqu'\u00e0 500 degr\u00e9s<\/li>\n<li>100% Paume de main en silicone<\/li>\n<li>M\u00e9lange de coton et d'aramide<\/li>\n<li>Design textur\u00e9 pour une prise en main facile<\/li>\n<li>Non sp\u00e9cifique aux droitiers\/gauchers<\/li>\n<li>Id\u00e9al pour l'int\u00e9rieur et l'ext\u00e9rieur<\/li>\n<li>Taille unique<\/li>\n<li>Nettoyage : Laver \u00e0 la main et s\u00e9cher \u00e0 l'air libre<\/li>\n<\/ul>","protected":false},"excerpt":{"rendered":"<p>Les gants Blackstone Griddle Gloves sont votre nouveau meilleur ami lorsqu'il s'agit de travailler autour de votre plaque de cuisson. Ces gants \u00e9l\u00e9gants et fonctionnels vous feront repenser aux gants de cuisine. Ces gants r\u00e9sistent \u00e0 la chaleur jusqu'\u00e0 500 degr\u00e9s et, contrairement aux gants de cuisine, ils offrent une grande maniabilit\u00e9. Les coussinets de la paume sont en silicone 100%, ce qui offre une meilleure adh\u00e9rence que les gants de cuisine traditionnels, et les gants eux-m\u00eames sont faits d'un m\u00e9lange de coton et d'aramide, ce qui leur conf\u00e8re une grande souplesse. Dot\u00e9s d'un design textur\u00e9 pour une meilleure prise en main, les Blackstone Griddle Gloves sont parfaits pour saisir des plats chauds et d'autres ustensiles de cuisine lourds sans glisser. Vous ne voudrez pas manquer d'ajouter ce superbe accessoire \u00e0 votre collection d'ustensiles de cuisine.<\/p>","protected":false},"featured_media":7828,"comment_status":"closed","ping_status":"closed","template":"","meta":[],"product_cat":[441],"product_tag":[],"class_list":{"0":"post-7824","1":"product","2":"type-product","3":"status-publish","4":"has-post-thumbnail","6":"product_cat-essential-extras","7":"product_shipping_class-class-1","9":"first","10":"instock","11":"taxable","12":"shipping-taxable","13":"purchasable","14":"product-type-simple"},"yoast_head":"<!-- This site is optimized with the Yoast SEO plugin v27.3 - https:\/\/yoast.com\/product\/yoast-seo-wordpress\/ -->\n<title>GE Griddle Gloves Pair - Ks Products<\/title>\n<meta name=\"robots\" content=\"index, follow, max-snippet:-1, max-image-preview:large, max-video-preview:-1\" \/>\n<link rel=\"canonical\" href=\"https:\/\/ksproducts.ca\/fr\/product\/paire-de-gants-de-cuisine-ge\/\" \/>\n<meta property=\"og:locale\" content=\"fr_CA\" \/>\n<meta property=\"og:type\" content=\"article\" \/>\n<meta property=\"og:title\" content=\"GE Griddle Gloves Pair - Ks Products\" \/>\n<meta property=\"og:description\" content=\"The Blackstone Griddle Gloves are your new best friend when it comes to working around your griddle. These stylish and functional gloves will have you rethinking oven mitts. These gloves are heat resistant up to 500 degrees, and unlike oven mitts, you get a great amount of maneuverability. The palm pads are made of 100% silicone, giving you more grip than traditional oven mitts, and the gloves themselves are made of a cotton and aramid blend, giving you flexibility. Made with a textured design for easy grip, the Blackstone Griddle Gloves are perfect for picking up hot casserole dishes and other heavy cookware without slipping. You don&#039;t want to skip out on adding this great griddling accessory to your cooking utensil collection.\" \/>\n<meta property=\"og:url\" content=\"https:\/\/ksproducts.ca\/fr\/product\/paire-de-gants-de-cuisine-ge\/\" \/>\n<meta property=\"og:site_name\" content=\"Ks Products\" \/>\n<meta property=\"article:modified_time\" content=\"2025-09-17T18:10:57+00:00\" \/>\n<meta property=\"og:image\" content=\"https:\/\/ksproducts.ca\/wp-content\/uploads\/2024\/04\/5558_GEGriddleGlovePair_OnWhite_Main_01-jpg.webp\" \/>\n\t<meta property=\"og:image:width\" content=\"800\" \/>\n\t<meta property=\"og:image:height\" content=\"730\" \/>\n\t<meta property=\"og:image:type\" content=\"image\/jpeg\" \/>\n<meta name=\"twitter:card\" content=\"summary_large_image\" \/>\n<script type=\"application\/ld+json\" class=\"yoast-schema-graph\">{\"@context\":\"https:\\\/\\\/schema.org\",\"@graph\":[{\"@type\":\"WebPage\",\"@id\":\"https:\\\/\\\/ksproducts.ca\\\/product\\\/ge-griddle-gloves-pair\\\/\",\"url\":\"https:\\\/\\\/ksproducts.ca\\\/product\\\/ge-griddle-gloves-pair\\\/\",\"name\":\"GE Griddle Gloves Pair - Ks Products\",\"isPartOf\":{\"@id\":\"https:\\\/\\\/ksproducts.ca\\\/#website\"},\"primaryImageOfPage\":{\"@id\":\"https:\\\/\\\/ksproducts.ca\\\/product\\\/ge-griddle-gloves-pair\\\/#primaryimage\"},\"image\":{\"@id\":\"https:\\\/\\\/ksproducts.ca\\\/product\\\/ge-griddle-gloves-pair\\\/#primaryimage\"},\"thumbnailUrl\":\"https:\\\/\\\/ksproducts.ca\\\/wp-content\\\/uploads\\\/2024\\\/04\\\/5558_GEGriddleGlovePair_OnWhite_Main_01-jpg.webp\",\"datePublished\":\"2024-04-15T16:12:43+00:00\",\"dateModified\":\"2025-09-17T18:10:57+00:00\",\"breadcrumb\":{\"@id\":\"https:\\\/\\\/ksproducts.ca\\\/product\\\/ge-griddle-gloves-pair\\\/#breadcrumb\"},\"inLanguage\":\"fr-CA\",\"potentialAction\":[{\"@type\":\"ReadAction\",\"target\":[\"https:\\\/\\\/ksproducts.ca\\\/product\\\/ge-griddle-gloves-pair\\\/\"]}]},{\"@type\":\"ImageObject\",\"inLanguage\":\"fr-CA\",\"@id\":\"https:\\\/\\\/ksproducts.ca\\\/product\\\/ge-griddle-gloves-pair\\\/#primaryimage\",\"url\":\"https:\\\/\\\/ksproducts.ca\\\/wp-content\\\/uploads\\\/2024\\\/04\\\/5558_GEGriddleGlovePair_OnWhite_Main_01-jpg.webp\",\"contentUrl\":\"https:\\\/\\\/ksproducts.ca\\\/wp-content\\\/uploads\\\/2024\\\/04\\\/5558_GEGriddleGlovePair_OnWhite_Main_01-jpg.webp\",\"width\":800,\"height\":730,\"caption\":\"Blackstone Griddle Essentials Heat Resistant Griddle Gloves\"},{\"@type\":\"BreadcrumbList\",\"@id\":\"https:\\\/\\\/ksproducts.ca\\\/product\\\/ge-griddle-gloves-pair\\\/#breadcrumb\",\"itemListElement\":[{\"@type\":\"ListItem\",\"position\":1,\"name\":\"Home\",\"item\":\"https:\\\/\\\/ksproducts.ca\\\/\"},{\"@type\":\"ListItem\",\"position\":2,\"name\":\"Shop\",\"item\":\"https:\\\/\\\/ksproducts.ca\\\/shop\\\/\"},{\"@type\":\"ListItem\",\"position\":3,\"name\":\"GE Griddle Gloves Pair\"}]},{\"@type\":\"WebSite\",\"@id\":\"https:\\\/\\\/ksproducts.ca\\\/#website\",\"url\":\"https:\\\/\\\/ksproducts.ca\\\/\",\"name\":\"Ks Products\",\"description\":\"Outdoor cooking and living, made easy in Canada\",\"publisher\":{\"@id\":\"https:\\\/\\\/ksproducts.ca\\\/#organization\"},\"potentialAction\":[{\"@type\":\"SearchAction\",\"target\":{\"@type\":\"EntryPoint\",\"urlTemplate\":\"https:\\\/\\\/ksproducts.ca\\\/?s={search_term_string}\"},\"query-input\":{\"@type\":\"PropertyValueSpecification\",\"valueRequired\":true,\"valueName\":\"search_term_string\"}}],\"inLanguage\":\"fr-CA\"},{\"@type\":\"Organization\",\"@id\":\"https:\\\/\\\/ksproducts.ca\\\/#organization\",\"name\":\"Ks Products\",\"url\":\"https:\\\/\\\/ksproducts.ca\\\/\",\"logo\":{\"@type\":\"ImageObject\",\"inLanguage\":\"fr-CA\",\"@id\":\"https:\\\/\\\/ksproducts.ca\\\/#\\\/schema\\\/logo\\\/image\\\/\",\"url\":\"https:\\\/\\\/ksproducts.ca\\\/wp-content\\\/uploads\\\/2023\\\/09\\\/Kennedy-Sales-Logo-header-1.png\",\"contentUrl\":\"https:\\\/\\\/ksproducts.ca\\\/wp-content\\\/uploads\\\/2023\\\/09\\\/Kennedy-Sales-Logo-header-1.png\",\"width\":150,\"height\":77,\"caption\":\"Ks Products\"},\"image\":{\"@id\":\"https:\\\/\\\/ksproducts.ca\\\/#\\\/schema\\\/logo\\\/image\\\/\"}}]}<\/script>\n<!-- \/ Yoast SEO plugin. -->","yoast_head_json":{"title":"Paire de gants pour gril GE - Ks Products","robots":{"index":"index","follow":"follow","max-snippet":"max-snippet:-1","max-image-preview":"max-image-preview:large","max-video-preview":"max-video-preview:-1"},"canonical":"https:\/\/ksproducts.ca\/fr\/product\/paire-de-gants-de-cuisine-ge\/","og_locale":"fr_CA","og_type":"article","og_title":"GE Griddle Gloves Pair - Ks Products","og_description":"The Blackstone Griddle Gloves are your new best friend when it comes to working around your griddle. These stylish and functional gloves will have you rethinking oven mitts. These gloves are heat resistant up to 500 degrees, and unlike oven mitts, you get a great amount of maneuverability. The palm pads are made of 100% silicone, giving you more grip than traditional oven mitts, and the gloves themselves are made of a cotton and aramid blend, giving you flexibility. Made with a textured design for easy grip, the Blackstone Griddle Gloves are perfect for picking up hot casserole dishes and other heavy cookware without slipping. You don't want to skip out on adding this great griddling accessory to your cooking utensil collection.","og_url":"https:\/\/ksproducts.ca\/fr\/product\/paire-de-gants-de-cuisine-ge\/","og_site_name":"Ks Products","article_modified_time":"2025-09-17T18:10:57+00:00","og_image":[{"width":800,"height":730,"url":"https:\/\/ksproducts.ca\/wp-content\/uploads\/2024\/04\/5558_GEGriddleGlovePair_OnWhite_Main_01-jpg.webp","type":"image\/jpeg"}],"twitter_card":"summary_large_image","schema":{"@context":"https:\/\/schema.org","@graph":[{"@type":"WebPage","@id":"https:\/\/ksproducts.ca\/product\/ge-griddle-gloves-pair\/","url":"https:\/\/ksproducts.ca\/product\/ge-griddle-gloves-pair\/","name":"Paire de gants pour gril GE - Ks Products","isPartOf":{"@id":"https:\/\/ksproducts.ca\/#website"},"primaryImageOfPage":{"@id":"https:\/\/ksproducts.ca\/product\/ge-griddle-gloves-pair\/#primaryimage"},"image":{"@id":"https:\/\/ksproducts.ca\/product\/ge-griddle-gloves-pair\/#primaryimage"},"thumbnailUrl":"https:\/\/ksproducts.ca\/wp-content\/uploads\/2024\/04\/5558_GEGriddleGlovePair_OnWhite_Main_01-jpg.webp","datePublished":"2024-04-15T16:12:43+00:00","dateModified":"2025-09-17T18:10:57+00:00","breadcrumb":{"@id":"https:\/\/ksproducts.ca\/product\/ge-griddle-gloves-pair\/#breadcrumb"},"inLanguage":"fr-CA","potentialAction":[{"@type":"ReadAction","target":["https:\/\/ksproducts.ca\/product\/ge-griddle-gloves-pair\/"]}]},{"@type":"ImageObject","inLanguage":"fr-CA","@id":"https:\/\/ksproducts.ca\/product\/ge-griddle-gloves-pair\/#primaryimage","url":"https:\/\/ksproducts.ca\/wp-content\/uploads\/2024\/04\/5558_GEGriddleGlovePair_OnWhite_Main_01-jpg.webp","contentUrl":"https:\/\/ksproducts.ca\/wp-content\/uploads\/2024\/04\/5558_GEGriddleGlovePair_OnWhite_Main_01-jpg.webp","width":800,"height":730,"caption":"Blackstone Griddle Essentials Heat Resistant Griddle Gloves"},{"@type":"BreadcrumbList","@id":"https:\/\/ksproducts.ca\/product\/ge-griddle-gloves-pair\/#breadcrumb","itemListElement":[{"@type":"ListItem","position":1,"name":"Home","item":"https:\/\/ksproducts.ca\/"},{"@type":"ListItem","position":2,"name":"Shop","item":"https:\/\/ksproducts.ca\/shop\/"},{"@type":"ListItem","position":3,"name":"GE Griddle Gloves Pair"}]},{"@type":"WebSite","@id":"https:\/\/ksproducts.ca\/#website","url":"https:\/\/ksproducts.ca\/","name":"Produits Ks","description":"Cuisiner et vivre en plein air, c'est facile au Canada","publisher":{"@id":"https:\/\/ksproducts.ca\/#organization"},"potentialAction":[{"@type":"SearchAction","target":{"@type":"EntryPoint","urlTemplate":"https:\/\/ksproducts.ca\/?s={search_term_string}"},"query-input":{"@type":"PropertyValueSpecification","valueRequired":true,"valueName":"search_term_string"}}],"inLanguage":"fr-CA"},{"@type":"Organization","@id":"https:\/\/ksproducts.ca\/#organization","name":"Produits Ks","url":"https:\/\/ksproducts.ca\/","logo":{"@type":"ImageObject","inLanguage":"fr-CA","@id":"https:\/\/ksproducts.ca\/#\/schema\/logo\/image\/","url":"https:\/\/ksproducts.ca\/wp-content\/uploads\/2023\/09\/Kennedy-Sales-Logo-header-1.png","contentUrl":"https:\/\/ksproducts.ca\/wp-content\/uploads\/2023\/09\/Kennedy-Sales-Logo-header-1.png","width":150,"height":77,"caption":"Ks Products"},"image":{"@id":"https:\/\/ksproducts.ca\/#\/schema\/logo\/image\/"}}]}},"_links":{"self":[{"href":"https:\/\/ksproducts.ca\/fr\/wp-json\/wp\/v2\/product\/7824","targetHints":{"allow":["GET"]}}],"collection":[{"href":"https:\/\/ksproducts.ca\/fr\/wp-json\/wp\/v2\/product"}],"about":[{"href":"https:\/\/ksproducts.ca\/fr\/wp-json\/wp\/v2\/types\/product"}],"replies":[{"embeddable":true,"href":"https:\/\/ksproducts.ca\/fr\/wp-json\/wp\/v2\/comments?post=7824"}],"version-history":[{"count":2,"href":"https:\/\/ksproducts.ca\/fr\/wp-json\/wp\/v2\/product\/7824\/revisions"}],"predecessor-version":[{"id":9829,"href":"https:\/\/ksproducts.ca\/fr\/wp-json\/wp\/v2\/product\/7824\/revisions\/9829"}],"wp:featuredmedia":[{"embeddable":true,"href":"https:\/\/ksproducts.ca\/fr\/wp-json\/wp\/v2\/media\/7828"}],"wp:attachment":[{"href":"https:\/\/ksproducts.ca\/fr\/wp-json\/wp\/v2\/media?parent=7824"}],"wp:term":[{"taxonomy":"product_cat","embeddable":true,"href":"https:\/\/ksproducts.ca\/fr\/wp-json\/wp\/v2\/product_cat?post=7824"},{"taxonomy":"product_tag","embeddable":true,"href":"https:\/\/ksproducts.ca\/fr\/wp-json\/wp\/v2\/product_tag?post=7824"}],"curies":[{"name":"wp","href":"https:\/\/api.w.org\/{rel}","templated":true}]}}