{"id":7825,"date":"2024-04-15T16:12:43","date_gmt":"2024-04-15T16:12:43","guid":{"rendered":"https:\/\/ksproducts.ca\/?post_type=product&#038;p=7825"},"modified":"2025-09-17T18:11:15","modified_gmt":"2025-09-17T18:11:15","slug":"patio-series-36-inch-cover","status":"publish","type":"product","link":"https:\/\/ksproducts.ca\/fr\/product\/patio-series-36-inch-cover\/","title":{"rendered":"S\u00e9rie Patio 36 pouces"},"content":{"rendered":"<ul>\n<li>Convient au gril de 36\u201d de la s\u00e9rie Patio<\/li>\n<li>Fabriqu\u00e9 en polyester 600 D tr\u00e8s r\u00e9sistant avec coutures renforc\u00e9es<\/li>\n<li>R\u00e9sistant aux intemp\u00e9ries<\/li>\n<\/ul>","protected":false},"excerpt":{"rendered":"<p>Prenez soin de votre plaque de cuisson avec la housse de la s\u00e9rie Patio 36\u201d. Con\u00e7ue sur mesure pour s'adapter parfaitement \u00e0 la temp\u00eate, elle est munie de boucles solides qui permettent de la serrer. Les coutures renforc\u00e9es vous aideront \u00e0 prendre soin de votre plancha pendant des ann\u00e9es.<\/p>","protected":false},"featured_media":7833,"comment_status":"closed","ping_status":"closed","template":"","meta":[],"product_cat":[437],"product_tag":[],"class_list":{"0":"post-7825","1":"product","2":"type-product","3":"status-publish","4":"has-post-thumbnail","6":"product_cat-covers-cases","7":"product_shipping_class-class-1","9":"first","10":"instock","11":"taxable","12":"shipping-taxable","13":"purchasable","14":"product-type-simple"},"yoast_head":"<!-- This site is optimized with the Yoast SEO plugin v27.3 - https:\/\/yoast.com\/product\/yoast-seo-wordpress\/ -->\n<title>Patio Series 36 Inch Cover - Ks Products<\/title>\n<meta name=\"robots\" content=\"index, follow, max-snippet:-1, max-image-preview:large, max-video-preview:-1\" \/>\n<link rel=\"canonical\" href=\"https:\/\/ksproducts.ca\/fr\/product\/patio-series-36-inch-cover\/\" \/>\n<meta property=\"og:locale\" content=\"fr_CA\" \/>\n<meta property=\"og:type\" content=\"article\" \/>\n<meta property=\"og:title\" content=\"Patio Series 36 Inch Cover - Ks Products\" \/>\n<meta property=\"og:description\" content=\"Care for your griddle with the 36\u201d Patio Series Cover. Custom designed to provide the perfect fit to weather the storm and strong buckles to cinch it tight. Reinforced stitching will help give the best care for you griddling buddy for years to come.\" \/>\n<meta property=\"og:url\" content=\"https:\/\/ksproducts.ca\/fr\/product\/patio-series-36-inch-cover\/\" \/>\n<meta property=\"og:site_name\" content=\"Ks Products\" \/>\n<meta property=\"article:modified_time\" content=\"2025-09-17T18:11:15+00:00\" \/>\n<meta property=\"og:image\" content=\"https:\/\/ksproducts.ca\/wp-content\/uploads\/2024\/04\/5460_36InGriddleCover_Front-1-jpg.webp\" \/>\n\t<meta property=\"og:image:width\" content=\"800\" \/>\n\t<meta property=\"og:image:height\" content=\"533\" \/>\n\t<meta property=\"og:image:type\" content=\"image\/jpeg\" \/>\n<meta name=\"twitter:card\" content=\"summary_large_image\" \/>\n<script type=\"application\/ld+json\" class=\"yoast-schema-graph\">{\"@context\":\"https:\\\/\\\/schema.org\",\"@graph\":[{\"@type\":\"WebPage\",\"@id\":\"https:\\\/\\\/ksproducts.ca\\\/product\\\/patio-series-36-inch-cover\\\/\",\"url\":\"https:\\\/\\\/ksproducts.ca\\\/product\\\/patio-series-36-inch-cover\\\/\",\"name\":\"Patio Series 36 Inch Cover - Ks Products\",\"isPartOf\":{\"@id\":\"https:\\\/\\\/ksproducts.ca\\\/#website\"},\"primaryImageOfPage\":{\"@id\":\"https:\\\/\\\/ksproducts.ca\\\/product\\\/patio-series-36-inch-cover\\\/#primaryimage\"},\"image\":{\"@id\":\"https:\\\/\\\/ksproducts.ca\\\/product\\\/patio-series-36-inch-cover\\\/#primaryimage\"},\"thumbnailUrl\":\"https:\\\/\\\/ksproducts.ca\\\/wp-content\\\/uploads\\\/2024\\\/04\\\/5460_36InGriddleCover_Front-1-jpg.webp\",\"datePublished\":\"2024-04-15T16:12:43+00:00\",\"dateModified\":\"2025-09-17T18:11:15+00:00\",\"breadcrumb\":{\"@id\":\"https:\\\/\\\/ksproducts.ca\\\/product\\\/patio-series-36-inch-cover\\\/#breadcrumb\"},\"inLanguage\":\"fr-CA\",\"potentialAction\":[{\"@type\":\"ReadAction\",\"target\":[\"https:\\\/\\\/ksproducts.ca\\\/product\\\/patio-series-36-inch-cover\\\/\"]}]},{\"@type\":\"ImageObject\",\"inLanguage\":\"fr-CA\",\"@id\":\"https:\\\/\\\/ksproducts.ca\\\/product\\\/patio-series-36-inch-cover\\\/#primaryimage\",\"url\":\"https:\\\/\\\/ksproducts.ca\\\/wp-content\\\/uploads\\\/2024\\\/04\\\/5460_36InGriddleCover_Front-1-jpg.webp\",\"contentUrl\":\"https:\\\/\\\/ksproducts.ca\\\/wp-content\\\/uploads\\\/2024\\\/04\\\/5460_36InGriddleCover_Front-1-jpg.webp\",\"width\":800,\"height\":533,\"caption\":\"Blackstone Patio Series Heavy Duty Soft Cover for 36inch Griddle\"},{\"@type\":\"BreadcrumbList\",\"@id\":\"https:\\\/\\\/ksproducts.ca\\\/product\\\/patio-series-36-inch-cover\\\/#breadcrumb\",\"itemListElement\":[{\"@type\":\"ListItem\",\"position\":1,\"name\":\"Home\",\"item\":\"https:\\\/\\\/ksproducts.ca\\\/\"},{\"@type\":\"ListItem\",\"position\":2,\"name\":\"Shop\",\"item\":\"https:\\\/\\\/ksproducts.ca\\\/shop\\\/\"},{\"@type\":\"ListItem\",\"position\":3,\"name\":\"Patio Series 36 Inch Cover\"}]},{\"@type\":\"WebSite\",\"@id\":\"https:\\\/\\\/ksproducts.ca\\\/#website\",\"url\":\"https:\\\/\\\/ksproducts.ca\\\/\",\"name\":\"Ks Products\",\"description\":\"Outdoor cooking and living, made easy in Canada\",\"publisher\":{\"@id\":\"https:\\\/\\\/ksproducts.ca\\\/#organization\"},\"potentialAction\":[{\"@type\":\"SearchAction\",\"target\":{\"@type\":\"EntryPoint\",\"urlTemplate\":\"https:\\\/\\\/ksproducts.ca\\\/?s={search_term_string}\"},\"query-input\":{\"@type\":\"PropertyValueSpecification\",\"valueRequired\":true,\"valueName\":\"search_term_string\"}}],\"inLanguage\":\"fr-CA\"},{\"@type\":\"Organization\",\"@id\":\"https:\\\/\\\/ksproducts.ca\\\/#organization\",\"name\":\"Ks Products\",\"url\":\"https:\\\/\\\/ksproducts.ca\\\/\",\"logo\":{\"@type\":\"ImageObject\",\"inLanguage\":\"fr-CA\",\"@id\":\"https:\\\/\\\/ksproducts.ca\\\/#\\\/schema\\\/logo\\\/image\\\/\",\"url\":\"https:\\\/\\\/ksproducts.ca\\\/wp-content\\\/uploads\\\/2023\\\/09\\\/Kennedy-Sales-Logo-header-1.png\",\"contentUrl\":\"https:\\\/\\\/ksproducts.ca\\\/wp-content\\\/uploads\\\/2023\\\/09\\\/Kennedy-Sales-Logo-header-1.png\",\"width\":150,\"height\":77,\"caption\":\"Ks Products\"},\"image\":{\"@id\":\"https:\\\/\\\/ksproducts.ca\\\/#\\\/schema\\\/logo\\\/image\\\/\"}}]}<\/script>\n<!-- \/ Yoast SEO plugin. -->","yoast_head_json":{"title":"S\u00e9rie Patio 36 pouces - Ks Products","robots":{"index":"index","follow":"follow","max-snippet":"max-snippet:-1","max-image-preview":"max-image-preview:large","max-video-preview":"max-video-preview:-1"},"canonical":"https:\/\/ksproducts.ca\/fr\/product\/patio-series-36-inch-cover\/","og_locale":"fr_CA","og_type":"article","og_title":"Patio Series 36 Inch Cover - Ks Products","og_description":"Care for your griddle with the 36\u201d Patio Series Cover. Custom designed to provide the perfect fit to weather the storm and strong buckles to cinch it tight. Reinforced stitching will help give the best care for you griddling buddy for years to come.","og_url":"https:\/\/ksproducts.ca\/fr\/product\/patio-series-36-inch-cover\/","og_site_name":"Ks Products","article_modified_time":"2025-09-17T18:11:15+00:00","og_image":[{"width":800,"height":533,"url":"https:\/\/ksproducts.ca\/wp-content\/uploads\/2024\/04\/5460_36InGriddleCover_Front-1-jpg.webp","type":"image\/jpeg"}],"twitter_card":"summary_large_image","schema":{"@context":"https:\/\/schema.org","@graph":[{"@type":"WebPage","@id":"https:\/\/ksproducts.ca\/product\/patio-series-36-inch-cover\/","url":"https:\/\/ksproducts.ca\/product\/patio-series-36-inch-cover\/","name":"S\u00e9rie Patio 36 pouces - Ks Products","isPartOf":{"@id":"https:\/\/ksproducts.ca\/#website"},"primaryImageOfPage":{"@id":"https:\/\/ksproducts.ca\/product\/patio-series-36-inch-cover\/#primaryimage"},"image":{"@id":"https:\/\/ksproducts.ca\/product\/patio-series-36-inch-cover\/#primaryimage"},"thumbnailUrl":"https:\/\/ksproducts.ca\/wp-content\/uploads\/2024\/04\/5460_36InGriddleCover_Front-1-jpg.webp","datePublished":"2024-04-15T16:12:43+00:00","dateModified":"2025-09-17T18:11:15+00:00","breadcrumb":{"@id":"https:\/\/ksproducts.ca\/product\/patio-series-36-inch-cover\/#breadcrumb"},"inLanguage":"fr-CA","potentialAction":[{"@type":"ReadAction","target":["https:\/\/ksproducts.ca\/product\/patio-series-36-inch-cover\/"]}]},{"@type":"ImageObject","inLanguage":"fr-CA","@id":"https:\/\/ksproducts.ca\/product\/patio-series-36-inch-cover\/#primaryimage","url":"https:\/\/ksproducts.ca\/wp-content\/uploads\/2024\/04\/5460_36InGriddleCover_Front-1-jpg.webp","contentUrl":"https:\/\/ksproducts.ca\/wp-content\/uploads\/2024\/04\/5460_36InGriddleCover_Front-1-jpg.webp","width":800,"height":533,"caption":"Blackstone Patio Series Heavy Duty Soft Cover for 36inch Griddle"},{"@type":"BreadcrumbList","@id":"https:\/\/ksproducts.ca\/product\/patio-series-36-inch-cover\/#breadcrumb","itemListElement":[{"@type":"ListItem","position":1,"name":"Home","item":"https:\/\/ksproducts.ca\/"},{"@type":"ListItem","position":2,"name":"Shop","item":"https:\/\/ksproducts.ca\/shop\/"},{"@type":"ListItem","position":3,"name":"Patio Series 36 Inch Cover"}]},{"@type":"WebSite","@id":"https:\/\/ksproducts.ca\/#website","url":"https:\/\/ksproducts.ca\/","name":"Produits Ks","description":"Cuisiner et vivre en plein air, c'est facile au Canada","publisher":{"@id":"https:\/\/ksproducts.ca\/#organization"},"potentialAction":[{"@type":"SearchAction","target":{"@type":"EntryPoint","urlTemplate":"https:\/\/ksproducts.ca\/?s={search_term_string}"},"query-input":{"@type":"PropertyValueSpecification","valueRequired":true,"valueName":"search_term_string"}}],"inLanguage":"fr-CA"},{"@type":"Organization","@id":"https:\/\/ksproducts.ca\/#organization","name":"Produits Ks","url":"https:\/\/ksproducts.ca\/","logo":{"@type":"ImageObject","inLanguage":"fr-CA","@id":"https:\/\/ksproducts.ca\/#\/schema\/logo\/image\/","url":"https:\/\/ksproducts.ca\/wp-content\/uploads\/2023\/09\/Kennedy-Sales-Logo-header-1.png","contentUrl":"https:\/\/ksproducts.ca\/wp-content\/uploads\/2023\/09\/Kennedy-Sales-Logo-header-1.png","width":150,"height":77,"caption":"Ks Products"},"image":{"@id":"https:\/\/ksproducts.ca\/#\/schema\/logo\/image\/"}}]}},"_links":{"self":[{"href":"https:\/\/ksproducts.ca\/fr\/wp-json\/wp\/v2\/product\/7825","targetHints":{"allow":["GET"]}}],"collection":[{"href":"https:\/\/ksproducts.ca\/fr\/wp-json\/wp\/v2\/product"}],"about":[{"href":"https:\/\/ksproducts.ca\/fr\/wp-json\/wp\/v2\/types\/product"}],"replies":[{"embeddable":true,"href":"https:\/\/ksproducts.ca\/fr\/wp-json\/wp\/v2\/comments?post=7825"}],"version-history":[{"count":1,"href":"https:\/\/ksproducts.ca\/fr\/wp-json\/wp\/v2\/product\/7825\/revisions"}],"predecessor-version":[{"id":7834,"href":"https:\/\/ksproducts.ca\/fr\/wp-json\/wp\/v2\/product\/7825\/revisions\/7834"}],"wp:featuredmedia":[{"embeddable":true,"href":"https:\/\/ksproducts.ca\/fr\/wp-json\/wp\/v2\/media\/7833"}],"wp:attachment":[{"href":"https:\/\/ksproducts.ca\/fr\/wp-json\/wp\/v2\/media?parent=7825"}],"wp:term":[{"taxonomy":"product_cat","embeddable":true,"href":"https:\/\/ksproducts.ca\/fr\/wp-json\/wp\/v2\/product_cat?post=7825"},{"taxonomy":"product_tag","embeddable":true,"href":"https:\/\/ksproducts.ca\/fr\/wp-json\/wp\/v2\/product_tag?post=7825"}],"curies":[{"name":"wp","href":"https:\/\/api.w.org\/{rel}","templated":true}]}}