{"id":7843,"date":"2024-04-15T16:13:06","date_gmt":"2024-04-15T16:13:06","guid":{"rendered":"https:\/\/ksproducts.ca\/?post_type=product&#038;p=7843"},"modified":"2026-02-04T14:36:40","modified_gmt":"2026-02-04T14:36:40","slug":"plat-en-fonte-avec-poignee-amovible-et-dessous-de-plat-en-bois","status":"publish","type":"product","link":"https:\/\/ksproducts.ca\/fr\/product\/cast-iron-dish-w-removable-handle-and-wood-trivet\/","title":{"rendered":"Blackstone Original Series Plat en fonte avec poign\u00e9e amovible et tr\u00e9pied en bois"},"content":{"rendered":"<ul>\n<li>Dimensions int\u00e9rieures de la plaque \u00e0 pizza en fonte : 9.5\u201d x 9.5\u201d x 1.25\u201d<\/li>\n<li>La poign\u00e9e amovible en fonte se verrouille facilement dans la casserole en fonte pour un transport en toute s\u00e9curit\u00e9.<\/li>\n<li>Le dessous de plat en bois est con\u00e7u pour prot\u00e9ger les plateaux de table et autres surfaces.<\/li>\n<li>La po\u00eale en fonte et la poign\u00e9e amovible sont pr\u00e9-assaisonn\u00e9es.<\/li>\n<li>1 an de garantie<\/li>\n<\/ul>","protected":false},"excerpt":{"rendered":"<p>Le kit Blackstone's Deep Dish Pizza va r\u00e9volutionner vos soir\u00e9es pizza ! Gr\u00e2ce \u00e0 la polyvalence du plat en fonte, vous pouvez pr\u00e9parer vos pizzas pr\u00e9f\u00e9r\u00e9es, steaks, gressins et bien plus encore. Le kit comprend tout ce dont vous avez besoin : un plateau \u00e0 pizza en fonte, une poign\u00e9e amovible en fonte et un \u00e9l\u00e9gant dessous de plat en bois. Con\u00e7u pour compl\u00e9ter le four \u00e0 pizza Blackstone, ce plat en fonte est \u00e9quip\u00e9 d'une poign\u00e9e amovible pour faciliter sa mise en place et sa r\u00e9cup\u00e9ration. Il ne vous reste plus qu'\u00e0 d\u00e9cider ce que vous allez cuisiner en premier.<\/p>","protected":false},"featured_media":7847,"comment_status":"closed","ping_status":"closed","template":"","meta":[],"product_cat":[436,441],"product_tag":[],"class_list":{"0":"post-7843","1":"product","2":"type-product","3":"status-publish","4":"has-post-thumbnail","6":"product_brand-blackstone","7":"product_cat-accessories","8":"product_cat-essential-extras","9":"product_shipping_class-class-1","11":"first","12":"instock","13":"taxable","14":"shipping-taxable","15":"purchasable","16":"product-type-simple"},"yoast_head":"<!-- This site is optimized with the Yoast SEO plugin v27.3 - https:\/\/yoast.com\/product\/yoast-seo-wordpress\/ -->\n<title>Blackstone Original Series Cast Iron Dish with Removable Handle &amp; Wood Trivet - Ks Products<\/title>\n<meta name=\"robots\" content=\"index, follow, max-snippet:-1, max-image-preview:large, max-video-preview:-1\" \/>\n<link rel=\"canonical\" href=\"https:\/\/ksproducts.ca\/fr\/product\/plat-en-fonte-avec-poignee-amovible-et-dessous-de-plat-en-bois\/\" \/>\n<meta property=\"og:locale\" content=\"fr_CA\" \/>\n<meta property=\"og:type\" content=\"article\" \/>\n<meta property=\"og:title\" content=\"Blackstone Original Series Cast Iron Dish with Removable Handle &amp; Wood Trivet - Ks Products\" \/>\n<meta property=\"og:description\" content=\"The Blackstone\u2019s Deep Dish Pizza Kit will revolutionize your pizza nights! With the added versatility of the cast-iron dish you can make your favorite deep dish style pizzas, steaks, breadsticks, and more. The kit includes everything you\u2019ll need: a cast iron pizza tray, a removable cast iron handle, and a stylish wooden trivet. Designed to complement the Blackstone Pizza Oven this cast-iron dish has been equipped with a removable handle for easy placement and retrieval. The only thing left to decide is: what will you cook first?\" \/>\n<meta property=\"og:url\" content=\"https:\/\/ksproducts.ca\/fr\/product\/plat-en-fonte-avec-poignee-amovible-et-dessous-de-plat-en-bois\/\" \/>\n<meta property=\"og:site_name\" content=\"Ks Products\" \/>\n<meta property=\"article:modified_time\" content=\"2026-02-04T14:36:40+00:00\" \/>\n<meta property=\"og:image\" content=\"https:\/\/ksproducts.ca\/wp-content\/uploads\/2024\/04\/deep-dish-pizza-pan-jpg.webp\" \/>\n\t<meta property=\"og:image:width\" content=\"800\" \/>\n\t<meta property=\"og:image:height\" content=\"800\" \/>\n\t<meta property=\"og:image:type\" content=\"image\/jpeg\" \/>\n<meta name=\"twitter:card\" content=\"summary_large_image\" \/>\n<meta name=\"twitter:label1\" content=\"Estimation du temps de lecture\" \/>\n\t<meta name=\"twitter:data1\" content=\"1 minute\" \/>\n<script type=\"application\/ld+json\" class=\"yoast-schema-graph\">{\"@context\":\"https:\\\/\\\/schema.org\",\"@graph\":[{\"@type\":\"WebPage\",\"@id\":\"https:\\\/\\\/ksproducts.ca\\\/product\\\/cast-iron-dish-w-removable-handle-and-wood-trivet\\\/\",\"url\":\"https:\\\/\\\/ksproducts.ca\\\/product\\\/cast-iron-dish-w-removable-handle-and-wood-trivet\\\/\",\"name\":\"Blackstone Original Series Cast Iron Dish with Removable Handle & Wood Trivet - Ks Products\",\"isPartOf\":{\"@id\":\"https:\\\/\\\/ksproducts.ca\\\/#website\"},\"primaryImageOfPage\":{\"@id\":\"https:\\\/\\\/ksproducts.ca\\\/product\\\/cast-iron-dish-w-removable-handle-and-wood-trivet\\\/#primaryimage\"},\"image\":{\"@id\":\"https:\\\/\\\/ksproducts.ca\\\/product\\\/cast-iron-dish-w-removable-handle-and-wood-trivet\\\/#primaryimage\"},\"thumbnailUrl\":\"https:\\\/\\\/ksproducts.ca\\\/wp-content\\\/uploads\\\/2024\\\/04\\\/deep-dish-pizza-pan-jpg.webp\",\"datePublished\":\"2024-04-15T16:13:06+00:00\",\"dateModified\":\"2026-02-04T14:36:40+00:00\",\"breadcrumb\":{\"@id\":\"https:\\\/\\\/ksproducts.ca\\\/product\\\/cast-iron-dish-w-removable-handle-and-wood-trivet\\\/#breadcrumb\"},\"inLanguage\":\"fr-CA\",\"potentialAction\":[{\"@type\":\"ReadAction\",\"target\":[\"https:\\\/\\\/ksproducts.ca\\\/product\\\/cast-iron-dish-w-removable-handle-and-wood-trivet\\\/\"]}]},{\"@type\":\"ImageObject\",\"inLanguage\":\"fr-CA\",\"@id\":\"https:\\\/\\\/ksproducts.ca\\\/product\\\/cast-iron-dish-w-removable-handle-and-wood-trivet\\\/#primaryimage\",\"url\":\"https:\\\/\\\/ksproducts.ca\\\/wp-content\\\/uploads\\\/2024\\\/04\\\/deep-dish-pizza-pan-jpg.webp\",\"contentUrl\":\"https:\\\/\\\/ksproducts.ca\\\/wp-content\\\/uploads\\\/2024\\\/04\\\/deep-dish-pizza-pan-jpg.webp\",\"width\":800,\"height\":800,\"caption\":\"Blackstone Original Series Cast Iron Dish with Removable Handle & Wood Trivet\"},{\"@type\":\"BreadcrumbList\",\"@id\":\"https:\\\/\\\/ksproducts.ca\\\/product\\\/cast-iron-dish-w-removable-handle-and-wood-trivet\\\/#breadcrumb\",\"itemListElement\":[{\"@type\":\"ListItem\",\"position\":1,\"name\":\"Home\",\"item\":\"https:\\\/\\\/ksproducts.ca\\\/\"},{\"@type\":\"ListItem\",\"position\":2,\"name\":\"Shop\",\"item\":\"https:\\\/\\\/ksproducts.ca\\\/shop\\\/\"},{\"@type\":\"ListItem\",\"position\":3,\"name\":\"Blackstone Original Series Cast Iron Dish with Removable Handle &#038; Wood Trivet\"}]},{\"@type\":\"WebSite\",\"@id\":\"https:\\\/\\\/ksproducts.ca\\\/#website\",\"url\":\"https:\\\/\\\/ksproducts.ca\\\/\",\"name\":\"Ks Products\",\"description\":\"Outdoor cooking and living, made easy in Canada\",\"publisher\":{\"@id\":\"https:\\\/\\\/ksproducts.ca\\\/#organization\"},\"potentialAction\":[{\"@type\":\"SearchAction\",\"target\":{\"@type\":\"EntryPoint\",\"urlTemplate\":\"https:\\\/\\\/ksproducts.ca\\\/?s={search_term_string}\"},\"query-input\":{\"@type\":\"PropertyValueSpecification\",\"valueRequired\":true,\"valueName\":\"search_term_string\"}}],\"inLanguage\":\"fr-CA\"},{\"@type\":\"Organization\",\"@id\":\"https:\\\/\\\/ksproducts.ca\\\/#organization\",\"name\":\"Ks Products\",\"url\":\"https:\\\/\\\/ksproducts.ca\\\/\",\"logo\":{\"@type\":\"ImageObject\",\"inLanguage\":\"fr-CA\",\"@id\":\"https:\\\/\\\/ksproducts.ca\\\/#\\\/schema\\\/logo\\\/image\\\/\",\"url\":\"https:\\\/\\\/ksproducts.ca\\\/wp-content\\\/uploads\\\/2023\\\/09\\\/Kennedy-Sales-Logo-header-1.png\",\"contentUrl\":\"https:\\\/\\\/ksproducts.ca\\\/wp-content\\\/uploads\\\/2023\\\/09\\\/Kennedy-Sales-Logo-header-1.png\",\"width\":150,\"height\":77,\"caption\":\"Ks Products\"},\"image\":{\"@id\":\"https:\\\/\\\/ksproducts.ca\\\/#\\\/schema\\\/logo\\\/image\\\/\"}}]}<\/script>\n<!-- \/ Yoast SEO plugin. -->","yoast_head_json":{"title":"Plat en fonte Blackstone Original Series avec poign\u00e9e amovible et tr\u00e9pied en bois - Ks Products","robots":{"index":"index","follow":"follow","max-snippet":"max-snippet:-1","max-image-preview":"max-image-preview:large","max-video-preview":"max-video-preview:-1"},"canonical":"https:\/\/ksproducts.ca\/fr\/product\/plat-en-fonte-avec-poignee-amovible-et-dessous-de-plat-en-bois\/","og_locale":"fr_CA","og_type":"article","og_title":"Blackstone Original Series Cast Iron Dish with Removable Handle & Wood Trivet - Ks Products","og_description":"The Blackstone\u2019s Deep Dish Pizza Kit will revolutionize your pizza nights! With the added versatility of the cast-iron dish you can make your favorite deep dish style pizzas, steaks, breadsticks, and more. The kit includes everything you\u2019ll need: a cast iron pizza tray, a removable cast iron handle, and a stylish wooden trivet. Designed to complement the Blackstone Pizza Oven this cast-iron dish has been equipped with a removable handle for easy placement and retrieval. The only thing left to decide is: what will you cook first?","og_url":"https:\/\/ksproducts.ca\/fr\/product\/plat-en-fonte-avec-poignee-amovible-et-dessous-de-plat-en-bois\/","og_site_name":"Ks Products","article_modified_time":"2026-02-04T14:36:40+00:00","og_image":[{"width":800,"height":800,"url":"https:\/\/ksproducts.ca\/wp-content\/uploads\/2024\/04\/deep-dish-pizza-pan-jpg.webp","type":"image\/jpeg"}],"twitter_card":"summary_large_image","twitter_misc":{"Estimation du temps de lecture":"1 minute"},"schema":{"@context":"https:\/\/schema.org","@graph":[{"@type":"WebPage","@id":"https:\/\/ksproducts.ca\/product\/cast-iron-dish-w-removable-handle-and-wood-trivet\/","url":"https:\/\/ksproducts.ca\/product\/cast-iron-dish-w-removable-handle-and-wood-trivet\/","name":"Plat en fonte Blackstone Original Series avec poign\u00e9e amovible et tr\u00e9pied en bois - Ks Products","isPartOf":{"@id":"https:\/\/ksproducts.ca\/#website"},"primaryImageOfPage":{"@id":"https:\/\/ksproducts.ca\/product\/cast-iron-dish-w-removable-handle-and-wood-trivet\/#primaryimage"},"image":{"@id":"https:\/\/ksproducts.ca\/product\/cast-iron-dish-w-removable-handle-and-wood-trivet\/#primaryimage"},"thumbnailUrl":"https:\/\/ksproducts.ca\/wp-content\/uploads\/2024\/04\/deep-dish-pizza-pan-jpg.webp","datePublished":"2024-04-15T16:13:06+00:00","dateModified":"2026-02-04T14:36:40+00:00","breadcrumb":{"@id":"https:\/\/ksproducts.ca\/product\/cast-iron-dish-w-removable-handle-and-wood-trivet\/#breadcrumb"},"inLanguage":"fr-CA","potentialAction":[{"@type":"ReadAction","target":["https:\/\/ksproducts.ca\/product\/cast-iron-dish-w-removable-handle-and-wood-trivet\/"]}]},{"@type":"ImageObject","inLanguage":"fr-CA","@id":"https:\/\/ksproducts.ca\/product\/cast-iron-dish-w-removable-handle-and-wood-trivet\/#primaryimage","url":"https:\/\/ksproducts.ca\/wp-content\/uploads\/2024\/04\/deep-dish-pizza-pan-jpg.webp","contentUrl":"https:\/\/ksproducts.ca\/wp-content\/uploads\/2024\/04\/deep-dish-pizza-pan-jpg.webp","width":800,"height":800,"caption":"Blackstone Original Series Cast Iron Dish with Removable Handle & Wood Trivet"},{"@type":"BreadcrumbList","@id":"https:\/\/ksproducts.ca\/product\/cast-iron-dish-w-removable-handle-and-wood-trivet\/#breadcrumb","itemListElement":[{"@type":"ListItem","position":1,"name":"Home","item":"https:\/\/ksproducts.ca\/"},{"@type":"ListItem","position":2,"name":"Shop","item":"https:\/\/ksproducts.ca\/shop\/"},{"@type":"ListItem","position":3,"name":"Blackstone Original Series Cast Iron Dish with Removable Handle &#038; Wood Trivet"}]},{"@type":"WebSite","@id":"https:\/\/ksproducts.ca\/#website","url":"https:\/\/ksproducts.ca\/","name":"Produits Ks","description":"Cuisiner et vivre en plein air, c'est facile au Canada","publisher":{"@id":"https:\/\/ksproducts.ca\/#organization"},"potentialAction":[{"@type":"SearchAction","target":{"@type":"EntryPoint","urlTemplate":"https:\/\/ksproducts.ca\/?s={search_term_string}"},"query-input":{"@type":"PropertyValueSpecification","valueRequired":true,"valueName":"search_term_string"}}],"inLanguage":"fr-CA"},{"@type":"Organization","@id":"https:\/\/ksproducts.ca\/#organization","name":"Produits Ks","url":"https:\/\/ksproducts.ca\/","logo":{"@type":"ImageObject","inLanguage":"fr-CA","@id":"https:\/\/ksproducts.ca\/#\/schema\/logo\/image\/","url":"https:\/\/ksproducts.ca\/wp-content\/uploads\/2023\/09\/Kennedy-Sales-Logo-header-1.png","contentUrl":"https:\/\/ksproducts.ca\/wp-content\/uploads\/2023\/09\/Kennedy-Sales-Logo-header-1.png","width":150,"height":77,"caption":"Ks Products"},"image":{"@id":"https:\/\/ksproducts.ca\/#\/schema\/logo\/image\/"}}]}},"_links":{"self":[{"href":"https:\/\/ksproducts.ca\/fr\/wp-json\/wp\/v2\/product\/7843","targetHints":{"allow":["GET"]}}],"collection":[{"href":"https:\/\/ksproducts.ca\/fr\/wp-json\/wp\/v2\/product"}],"about":[{"href":"https:\/\/ksproducts.ca\/fr\/wp-json\/wp\/v2\/types\/product"}],"replies":[{"embeddable":true,"href":"https:\/\/ksproducts.ca\/fr\/wp-json\/wp\/v2\/comments?post=7843"}],"version-history":[{"count":3,"href":"https:\/\/ksproducts.ca\/fr\/wp-json\/wp\/v2\/product\/7843\/revisions"}],"predecessor-version":[{"id":10571,"href":"https:\/\/ksproducts.ca\/fr\/wp-json\/wp\/v2\/product\/7843\/revisions\/10571"}],"wp:featuredmedia":[{"embeddable":true,"href":"https:\/\/ksproducts.ca\/fr\/wp-json\/wp\/v2\/media\/7847"}],"wp:attachment":[{"href":"https:\/\/ksproducts.ca\/fr\/wp-json\/wp\/v2\/media?parent=7843"}],"wp:term":[{"taxonomy":"product_cat","embeddable":true,"href":"https:\/\/ksproducts.ca\/fr\/wp-json\/wp\/v2\/product_cat?post=7843"},{"taxonomy":"product_tag","embeddable":true,"href":"https:\/\/ksproducts.ca\/fr\/wp-json\/wp\/v2\/product_tag?post=7843"}],"curies":[{"name":"wp","href":"https:\/\/api.w.org\/{rel}","templated":true}]}}