{"id":7844,"date":"2024-04-15T16:13:06","date_gmt":"2024-04-15T16:13:06","guid":{"rendered":"https:\/\/ksproducts.ca\/?post_type=product&#038;p=7844"},"modified":"2026-04-21T16:02:53","modified_gmt":"2026-04-21T16:02:53","slug":"combinaison-plancha-et-grill-a-pellets-blackstone","status":"publish","type":"product","link":"https:\/\/ksproducts.ca\/fr\/product\/blackstone-griddle-and-pellet-grill-combo\/","title":{"rendered":"Blackstone 22inch Culinary Series XL Pellet Grill with Griddle (gril \u00e0 granul\u00e9s de bois)"},"content":{"rendered":"<ul class=\"metafield-single_line_text_field-array\">\n<li class=\"metafield-single_line_text_field\">Gril de 22 po et gril \u00e0 granules de 884 po Combo gril \u00e0 granules<\/li>\n<li class=\"metafield-single_line_text_field\">Gril de 22 pouces avec 2 br\u00fbleurs \u00e0 commande ind\u00e9pendante et armoire de rangement pour le propane<\/li>\n<li class=\"metafield-single_line_text_field\">Compatible avec les technologies Wi-Fi et Bluetooth<\/li>\n<li class=\"metafield-single_line_text_field\">Tablette avant rabattable<\/li>\n<li class=\"metafield-single_line_text_field\">Tr\u00e9mie de 20 livres avec fen\u00eatre de remplissage facile \u00e0 voir<\/li>\n<li class=\"metafield-single_line_text_field\">Capuche enroulable pour un acc\u00e8s plus facile<\/li>\n<li class=\"metafield-single_line_text_field\">Porte-bagages sup\u00e9rieur \u00e0 3 \u00e9tages<\/li>\n<li class=\"metafield-single_line_text_field\">Comprend 2 sondes \u00e0 viande<\/li>\n<li class=\"metafield-single_line_text_field\">Peut prendre en charge jusqu'\u00e0 4 sondes de viande<\/li>\n<\/ul>","protected":false},"excerpt":{"rendered":"<p>Le nec plus ultra de la cuisson en plein air est l\u00e0 : le Blackstone Culinary 22\u201d XL Pellet Combo. Ce gril \u00e0 granul\u00e9s de 884 pouces carr\u00e9s est \u00e9quip\u00e9 d'une tr\u00e9mie de 20 livres. Ce gril \u00e0 granul\u00e9s de 884 pouces carr\u00e9s est \u00e9quip\u00e9 d'une tr\u00e9mie de 20 livres, d'une tablette avant rabattable et d'une connectivit\u00e9 Wi-Fi et Bluetooth. La plaque de gril de 22 pouces est dot\u00e9e de deux br\u00fbleurs \u00e0 commande ind\u00e9pendante et de la nouvelle technologie de plaque de gril Omnivore pour une cuisson plus rapide et plus efficace. Les possibilit\u00e9s sont vraiment infinies avec le Combo Gril et Pellet 22 pouces.<\/p>","protected":false},"featured_media":7856,"comment_status":"closed","ping_status":"closed","template":"","meta":[],"product_cat":[428,446],"product_tag":[],"class_list":{"0":"post-7844","1":"product","2":"type-product","3":"status-publish","4":"has-post-thumbnail","6":"product_brand-blackstone","7":"product_cat-outdoor-cooking","8":"product_cat-pellet-grills","9":"product_shipping_class-class-5","11":"first","12":"instock","13":"taxable","14":"shipping-taxable","15":"purchasable","16":"product-type-simple"},"yoast_head":"<!-- This site is optimized with the Yoast SEO plugin v27.4 - https:\/\/yoast.com\/product\/yoast-seo-wordpress\/ -->\n<title>Blackstone 22inch Culinary Series XL Pellet Grill with Griddle - Ks Products<\/title>\n<meta name=\"robots\" content=\"index, follow, max-snippet:-1, max-image-preview:large, max-video-preview:-1\" \/>\n<link rel=\"canonical\" href=\"https:\/\/ksproducts.ca\/fr\/product\/combinaison-plancha-et-grill-a-pellets-blackstone\/\" \/>\n<meta property=\"og:locale\" content=\"fr_CA\" \/>\n<meta property=\"og:type\" content=\"article\" \/>\n<meta property=\"og:title\" content=\"Blackstone 22inch Culinary Series XL Pellet Grill with Griddle - Ks Products\" \/>\n<meta property=\"og:description\" content=\"The ultimate outdoor cooking unit is here: the Blackstone Culinary 22\u201d XL Pellet Combo. This 884 sq. in. Pellet Grill is expertly equipped with a 20 lb. Hopper, a folding front shelf, plus Wi-Fi and Bluetooth connectivity. The 22-in. Griddle boasts two independently controlled burners is equipped with new Omnivore Griddle Plate Technology for a quicker and more efficient cooking experience. The possibilities are truly endless with the 22-in. Griddle and Pellet Combo.\" \/>\n<meta property=\"og:url\" content=\"https:\/\/ksproducts.ca\/fr\/product\/combinaison-plancha-et-grill-a-pellets-blackstone\/\" \/>\n<meta property=\"og:site_name\" content=\"Ks Products\" \/>\n<meta property=\"article:modified_time\" content=\"2026-04-21T16:02:53+00:00\" \/>\n<meta property=\"og:image\" content=\"https:\/\/ksproducts.ca\/wp-content\/uploads\/2024\/04\/2022_CulinarySidebySideSmoker_On-jpg.webp\" \/>\n\t<meta property=\"og:image:width\" content=\"800\" \/>\n\t<meta property=\"og:image:height\" content=\"800\" \/>\n\t<meta property=\"og:image:type\" content=\"image\/jpeg\" \/>\n<meta name=\"twitter:card\" content=\"summary_large_image\" \/>\n<meta name=\"twitter:label1\" content=\"Estimation du temps de lecture\" \/>\n\t<meta name=\"twitter:data1\" content=\"1 minute\" \/>\n<script type=\"application\/ld+json\" class=\"yoast-schema-graph\">{\"@context\":\"https:\\\/\\\/schema.org\",\"@graph\":[{\"@type\":\"WebPage\",\"@id\":\"https:\\\/\\\/ksproducts.ca\\\/product\\\/blackstone-griddle-and-pellet-grill-combo\\\/\",\"url\":\"https:\\\/\\\/ksproducts.ca\\\/product\\\/blackstone-griddle-and-pellet-grill-combo\\\/\",\"name\":\"Blackstone 22inch Culinary Series XL Pellet Grill with Griddle - Ks Products\",\"isPartOf\":{\"@id\":\"https:\\\/\\\/ksproducts.ca\\\/#website\"},\"primaryImageOfPage\":{\"@id\":\"https:\\\/\\\/ksproducts.ca\\\/product\\\/blackstone-griddle-and-pellet-grill-combo\\\/#primaryimage\"},\"image\":{\"@id\":\"https:\\\/\\\/ksproducts.ca\\\/product\\\/blackstone-griddle-and-pellet-grill-combo\\\/#primaryimage\"},\"thumbnailUrl\":\"https:\\\/\\\/ksproducts.ca\\\/wp-content\\\/uploads\\\/2024\\\/04\\\/2022_CulinarySidebySideSmoker_On-jpg.webp\",\"datePublished\":\"2024-04-15T16:13:06+00:00\",\"dateModified\":\"2026-04-21T16:02:53+00:00\",\"breadcrumb\":{\"@id\":\"https:\\\/\\\/ksproducts.ca\\\/product\\\/blackstone-griddle-and-pellet-grill-combo\\\/#breadcrumb\"},\"inLanguage\":\"fr-CA\",\"potentialAction\":[{\"@type\":\"ReadAction\",\"target\":[\"https:\\\/\\\/ksproducts.ca\\\/product\\\/blackstone-griddle-and-pellet-grill-combo\\\/\"]}]},{\"@type\":\"ImageObject\",\"inLanguage\":\"fr-CA\",\"@id\":\"https:\\\/\\\/ksproducts.ca\\\/product\\\/blackstone-griddle-and-pellet-grill-combo\\\/#primaryimage\",\"url\":\"https:\\\/\\\/ksproducts.ca\\\/wp-content\\\/uploads\\\/2024\\\/04\\\/2022_CulinarySidebySideSmoker_On-jpg.webp\",\"contentUrl\":\"https:\\\/\\\/ksproducts.ca\\\/wp-content\\\/uploads\\\/2024\\\/04\\\/2022_CulinarySidebySideSmoker_On-jpg.webp\",\"width\":800,\"height\":800,\"caption\":\"Blackstone 22inch Culinary Series XL Pellet Grill with Griddle\"},{\"@type\":\"BreadcrumbList\",\"@id\":\"https:\\\/\\\/ksproducts.ca\\\/product\\\/blackstone-griddle-and-pellet-grill-combo\\\/#breadcrumb\",\"itemListElement\":[{\"@type\":\"ListItem\",\"position\":1,\"name\":\"Home\",\"item\":\"https:\\\/\\\/ksproducts.ca\\\/\"},{\"@type\":\"ListItem\",\"position\":2,\"name\":\"Shop\",\"item\":\"https:\\\/\\\/ksproducts.ca\\\/shop\\\/\"},{\"@type\":\"ListItem\",\"position\":3,\"name\":\"Blackstone 22inch Culinary Series XL Pellet Grill with Griddle\"}]},{\"@type\":\"WebSite\",\"@id\":\"https:\\\/\\\/ksproducts.ca\\\/#website\",\"url\":\"https:\\\/\\\/ksproducts.ca\\\/\",\"name\":\"Ks Products\",\"description\":\"Outdoor cooking and living, made easy in Canada\",\"publisher\":{\"@id\":\"https:\\\/\\\/ksproducts.ca\\\/#organization\"},\"potentialAction\":[{\"@type\":\"SearchAction\",\"target\":{\"@type\":\"EntryPoint\",\"urlTemplate\":\"https:\\\/\\\/ksproducts.ca\\\/?s={search_term_string}\"},\"query-input\":{\"@type\":\"PropertyValueSpecification\",\"valueRequired\":true,\"valueName\":\"search_term_string\"}}],\"inLanguage\":\"fr-CA\"},{\"@type\":\"Organization\",\"@id\":\"https:\\\/\\\/ksproducts.ca\\\/#organization\",\"name\":\"Ks Products\",\"url\":\"https:\\\/\\\/ksproducts.ca\\\/\",\"logo\":{\"@type\":\"ImageObject\",\"inLanguage\":\"fr-CA\",\"@id\":\"https:\\\/\\\/ksproducts.ca\\\/#\\\/schema\\\/logo\\\/image\\\/\",\"url\":\"https:\\\/\\\/ksproducts.ca\\\/wp-content\\\/uploads\\\/2023\\\/09\\\/Kennedy-Sales-Logo-header-1.png\",\"contentUrl\":\"https:\\\/\\\/ksproducts.ca\\\/wp-content\\\/uploads\\\/2023\\\/09\\\/Kennedy-Sales-Logo-header-1.png\",\"width\":150,\"height\":77,\"caption\":\"Ks Products\"},\"image\":{\"@id\":\"https:\\\/\\\/ksproducts.ca\\\/#\\\/schema\\\/logo\\\/image\\\/\"}}]}<\/script>\n<!-- \/ Yoast SEO plugin. -->","yoast_head_json":{"title":"Blackstone 22inch Culinary Series XL Pellet Grill with Griddle - Ks Products","robots":{"index":"index","follow":"follow","max-snippet":"max-snippet:-1","max-image-preview":"max-image-preview:large","max-video-preview":"max-video-preview:-1"},"canonical":"https:\/\/ksproducts.ca\/fr\/product\/combinaison-plancha-et-grill-a-pellets-blackstone\/","og_locale":"fr_CA","og_type":"article","og_title":"Blackstone 22inch Culinary Series XL Pellet Grill with Griddle - Ks Products","og_description":"The ultimate outdoor cooking unit is here: the Blackstone Culinary 22\u201d XL Pellet Combo. This 884 sq. in. Pellet Grill is expertly equipped with a 20 lb. Hopper, a folding front shelf, plus Wi-Fi and Bluetooth connectivity. The 22-in. Griddle boasts two independently controlled burners is equipped with new Omnivore Griddle Plate Technology for a quicker and more efficient cooking experience. The possibilities are truly endless with the 22-in. Griddle and Pellet Combo.","og_url":"https:\/\/ksproducts.ca\/fr\/product\/combinaison-plancha-et-grill-a-pellets-blackstone\/","og_site_name":"Ks Products","article_modified_time":"2026-04-21T16:02:53+00:00","og_image":[{"width":800,"height":800,"url":"https:\/\/ksproducts.ca\/wp-content\/uploads\/2024\/04\/2022_CulinarySidebySideSmoker_On-jpg.webp","type":"image\/jpeg"}],"twitter_card":"summary_large_image","twitter_misc":{"Estimation du temps de lecture":"1 minute"},"schema":{"@context":"https:\/\/schema.org","@graph":[{"@type":"WebPage","@id":"https:\/\/ksproducts.ca\/product\/blackstone-griddle-and-pellet-grill-combo\/","url":"https:\/\/ksproducts.ca\/product\/blackstone-griddle-and-pellet-grill-combo\/","name":"Blackstone 22inch Culinary Series XL Pellet Grill with Griddle - Ks Products","isPartOf":{"@id":"https:\/\/ksproducts.ca\/#website"},"primaryImageOfPage":{"@id":"https:\/\/ksproducts.ca\/product\/blackstone-griddle-and-pellet-grill-combo\/#primaryimage"},"image":{"@id":"https:\/\/ksproducts.ca\/product\/blackstone-griddle-and-pellet-grill-combo\/#primaryimage"},"thumbnailUrl":"https:\/\/ksproducts.ca\/wp-content\/uploads\/2024\/04\/2022_CulinarySidebySideSmoker_On-jpg.webp","datePublished":"2024-04-15T16:13:06+00:00","dateModified":"2026-04-21T16:02:53+00:00","breadcrumb":{"@id":"https:\/\/ksproducts.ca\/product\/blackstone-griddle-and-pellet-grill-combo\/#breadcrumb"},"inLanguage":"fr-CA","potentialAction":[{"@type":"ReadAction","target":["https:\/\/ksproducts.ca\/product\/blackstone-griddle-and-pellet-grill-combo\/"]}]},{"@type":"ImageObject","inLanguage":"fr-CA","@id":"https:\/\/ksproducts.ca\/product\/blackstone-griddle-and-pellet-grill-combo\/#primaryimage","url":"https:\/\/ksproducts.ca\/wp-content\/uploads\/2024\/04\/2022_CulinarySidebySideSmoker_On-jpg.webp","contentUrl":"https:\/\/ksproducts.ca\/wp-content\/uploads\/2024\/04\/2022_CulinarySidebySideSmoker_On-jpg.webp","width":800,"height":800,"caption":"Blackstone 22inch Culinary Series XL Pellet Grill with Griddle"},{"@type":"BreadcrumbList","@id":"https:\/\/ksproducts.ca\/product\/blackstone-griddle-and-pellet-grill-combo\/#breadcrumb","itemListElement":[{"@type":"ListItem","position":1,"name":"Home","item":"https:\/\/ksproducts.ca\/"},{"@type":"ListItem","position":2,"name":"Shop","item":"https:\/\/ksproducts.ca\/shop\/"},{"@type":"ListItem","position":3,"name":"Blackstone 22inch Culinary Series XL Pellet Grill with Griddle"}]},{"@type":"WebSite","@id":"https:\/\/ksproducts.ca\/#website","url":"https:\/\/ksproducts.ca\/","name":"Produits Ks","description":"Cuisiner et vivre en plein air, c'est facile au Canada","publisher":{"@id":"https:\/\/ksproducts.ca\/#organization"},"potentialAction":[{"@type":"SearchAction","target":{"@type":"EntryPoint","urlTemplate":"https:\/\/ksproducts.ca\/?s={search_term_string}"},"query-input":{"@type":"PropertyValueSpecification","valueRequired":true,"valueName":"search_term_string"}}],"inLanguage":"fr-CA"},{"@type":"Organization","@id":"https:\/\/ksproducts.ca\/#organization","name":"Produits Ks","url":"https:\/\/ksproducts.ca\/","logo":{"@type":"ImageObject","inLanguage":"fr-CA","@id":"https:\/\/ksproducts.ca\/#\/schema\/logo\/image\/","url":"https:\/\/ksproducts.ca\/wp-content\/uploads\/2023\/09\/Kennedy-Sales-Logo-header-1.png","contentUrl":"https:\/\/ksproducts.ca\/wp-content\/uploads\/2023\/09\/Kennedy-Sales-Logo-header-1.png","width":150,"height":77,"caption":"Ks Products"},"image":{"@id":"https:\/\/ksproducts.ca\/#\/schema\/logo\/image\/"}}]}},"_links":{"self":[{"href":"https:\/\/ksproducts.ca\/fr\/wp-json\/wp\/v2\/product\/7844","targetHints":{"allow":["GET"]}}],"collection":[{"href":"https:\/\/ksproducts.ca\/fr\/wp-json\/wp\/v2\/product"}],"about":[{"href":"https:\/\/ksproducts.ca\/fr\/wp-json\/wp\/v2\/types\/product"}],"replies":[{"embeddable":true,"href":"https:\/\/ksproducts.ca\/fr\/wp-json\/wp\/v2\/comments?post=7844"}],"version-history":[{"count":4,"href":"https:\/\/ksproducts.ca\/fr\/wp-json\/wp\/v2\/product\/7844\/revisions"}],"predecessor-version":[{"id":10573,"href":"https:\/\/ksproducts.ca\/fr\/wp-json\/wp\/v2\/product\/7844\/revisions\/10573"}],"wp:featuredmedia":[{"embeddable":true,"href":"https:\/\/ksproducts.ca\/fr\/wp-json\/wp\/v2\/media\/7856"}],"wp:attachment":[{"href":"https:\/\/ksproducts.ca\/fr\/wp-json\/wp\/v2\/media?parent=7844"}],"wp:term":[{"taxonomy":"product_cat","embeddable":true,"href":"https:\/\/ksproducts.ca\/fr\/wp-json\/wp\/v2\/product_cat?post=7844"},{"taxonomy":"product_tag","embeddable":true,"href":"https:\/\/ksproducts.ca\/fr\/wp-json\/wp\/v2\/product_tag?post=7844"}],"curies":[{"name":"wp","href":"https:\/\/api.w.org\/{rel}","templated":true}]}}