{"id":7845,"date":"2024-04-15T16:13:06","date_gmt":"2024-04-15T16:13:06","guid":{"rendered":"https:\/\/ksproducts.ca\/?post_type=product&#038;p=7845"},"modified":"2026-04-15T05:32:14","modified_gmt":"2026-04-15T05:32:14","slug":"22-gril-de-table-omnivore-original","status":"publish","type":"product","link":"https:\/\/ksproducts.ca\/fr\/product\/22-omnivore-original-tabletop-griddle\/","title":{"rendered":"Blackstone 22inch Original Series Omnivore Tabletop Griddle (gril de table)"},"content":{"rendered":"<ul class=\"title-block_features__6IcHW\" data-testid=\"product-features\">\n<li>Gril de table 22in<\/li>\n<li>Deux zones de cuisson contr\u00f4l\u00e9es ind\u00e9pendamment l'une de l'autre<\/li>\n<li>Br\u00fbleurs doubles en acier inoxydable<\/li>\n<li>Syst\u00e8me brevet\u00e9 de gestion des graisses \u00e0 l'arri\u00e8re<\/li>\n<li>1 an de garantie<\/li>\n<\/ul>","protected":false},"excerpt":{"rendered":"<p>La plaque parfaite pour les amateurs d'aventures en plein air. Que vous partiez \u00e0 la montagne, au bord d'un lac ou d'une plage, ou que vous assistiez au match de l'\u00e9quipe de football locale, emportez votre plancha de 22 pouces avec vous. Deux zones de chaleur ind\u00e9pendantes et un design portable pour un transport facile vous permettront d'alimenter n'importe quel \u00e9v\u00e9nement. Ce gril plat est le compl\u00e9ment id\u00e9al d'une cuisine de patio ou de camping. La polyvalence de ce gril est in\u00e9gal\u00e9e !<\/p>","protected":false},"featured_media":7864,"comment_status":"closed","ping_status":"closed","template":"","meta":[],"product_cat":[403,428],"product_tag":[],"class_list":{"0":"post-7845","1":"product","2":"type-product","3":"status-publish","4":"has-post-thumbnail","6":"product_brand-blackstone","7":"product_cat-22-inch-griddle","8":"product_cat-outdoor-cooking","9":"product_shipping_class-class-4","11":"first","12":"instock","13":"taxable","14":"shipping-taxable","15":"purchasable","16":"product-type-simple"},"yoast_head":"<!-- This site is optimized with the Yoast SEO plugin v27.4 - https:\/\/yoast.com\/product\/yoast-seo-wordpress\/ -->\n<title>Blackstone 22inch Original Series Omnivore Tabletop Griddle - Ks Products<\/title>\n<meta name=\"robots\" content=\"index, follow, max-snippet:-1, max-image-preview:large, max-video-preview:-1\" \/>\n<link rel=\"canonical\" href=\"https:\/\/ksproducts.ca\/fr\/product\/22-gril-de-table-omnivore-original\/\" \/>\n<meta property=\"og:locale\" content=\"fr_CA\" \/>\n<meta property=\"og:type\" content=\"article\" \/>\n<meta property=\"og:title\" content=\"Blackstone 22inch Original Series Omnivore Tabletop Griddle - Ks Products\" \/>\n<meta property=\"og:description\" content=\"The perfect griddle for the outdoor adventure seeker. Whether your adventure is in the mountains, at lakes or beaches, or tailgating for the local football team take your 22-in Tabletop Griddle with you. Fuel any event with two independently controlled heat zones and a portable design for easy transport. This flat top grill is the perfect addition to a patio kitchen or camping kitchen. This griddle&#039;s versatility is unmatched!\" \/>\n<meta property=\"og:url\" content=\"https:\/\/ksproducts.ca\/fr\/product\/22-gril-de-table-omnivore-original\/\" \/>\n<meta property=\"og:site_name\" content=\"Ks Products\" \/>\n<meta property=\"article:modified_time\" content=\"2026-04-15T05:32:14+00:00\" \/>\n<meta property=\"og:image\" content=\"https:\/\/ksproducts.ca\/wp-content\/uploads\/2024\/04\/2203-22in-Omni-Griddle-jpg.webp\" \/>\n\t<meta property=\"og:image:width\" content=\"800\" \/>\n\t<meta property=\"og:image:height\" content=\"800\" \/>\n\t<meta property=\"og:image:type\" content=\"image\/jpeg\" \/>\n<meta name=\"twitter:card\" content=\"summary_large_image\" \/>\n<meta name=\"twitter:label1\" content=\"Estimation du temps de lecture\" \/>\n\t<meta name=\"twitter:data1\" content=\"1 minute\" \/>\n<script type=\"application\/ld+json\" class=\"yoast-schema-graph\">{\"@context\":\"https:\\\/\\\/schema.org\",\"@graph\":[{\"@type\":\"WebPage\",\"@id\":\"https:\\\/\\\/ksproducts.ca\\\/product\\\/22-omnivore-original-tabletop-griddle\\\/\",\"url\":\"https:\\\/\\\/ksproducts.ca\\\/product\\\/22-omnivore-original-tabletop-griddle\\\/\",\"name\":\"Blackstone 22inch Original Series Omnivore Tabletop Griddle - Ks Products\",\"isPartOf\":{\"@id\":\"https:\\\/\\\/ksproducts.ca\\\/#website\"},\"primaryImageOfPage\":{\"@id\":\"https:\\\/\\\/ksproducts.ca\\\/product\\\/22-omnivore-original-tabletop-griddle\\\/#primaryimage\"},\"image\":{\"@id\":\"https:\\\/\\\/ksproducts.ca\\\/product\\\/22-omnivore-original-tabletop-griddle\\\/#primaryimage\"},\"thumbnailUrl\":\"https:\\\/\\\/ksproducts.ca\\\/wp-content\\\/uploads\\\/2024\\\/04\\\/2203-22in-Omni-Griddle-jpg.webp\",\"datePublished\":\"2024-04-15T16:13:06+00:00\",\"dateModified\":\"2026-04-15T05:32:14+00:00\",\"breadcrumb\":{\"@id\":\"https:\\\/\\\/ksproducts.ca\\\/product\\\/22-omnivore-original-tabletop-griddle\\\/#breadcrumb\"},\"inLanguage\":\"fr-CA\",\"potentialAction\":[{\"@type\":\"ReadAction\",\"target\":[\"https:\\\/\\\/ksproducts.ca\\\/product\\\/22-omnivore-original-tabletop-griddle\\\/\"]}]},{\"@type\":\"ImageObject\",\"inLanguage\":\"fr-CA\",\"@id\":\"https:\\\/\\\/ksproducts.ca\\\/product\\\/22-omnivore-original-tabletop-griddle\\\/#primaryimage\",\"url\":\"https:\\\/\\\/ksproducts.ca\\\/wp-content\\\/uploads\\\/2024\\\/04\\\/2203-22in-Omni-Griddle-jpg.webp\",\"contentUrl\":\"https:\\\/\\\/ksproducts.ca\\\/wp-content\\\/uploads\\\/2024\\\/04\\\/2203-22in-Omni-Griddle-jpg.webp\",\"width\":800,\"height\":800,\"caption\":\"Blackstone 22inch Original Series Omnivore Tabletop Griddle\"},{\"@type\":\"BreadcrumbList\",\"@id\":\"https:\\\/\\\/ksproducts.ca\\\/product\\\/22-omnivore-original-tabletop-griddle\\\/#breadcrumb\",\"itemListElement\":[{\"@type\":\"ListItem\",\"position\":1,\"name\":\"Home\",\"item\":\"https:\\\/\\\/ksproducts.ca\\\/\"},{\"@type\":\"ListItem\",\"position\":2,\"name\":\"Shop\",\"item\":\"https:\\\/\\\/ksproducts.ca\\\/shop\\\/\"},{\"@type\":\"ListItem\",\"position\":3,\"name\":\"Blackstone 22inch Original Series Omnivore Tabletop Griddle\"}]},{\"@type\":\"WebSite\",\"@id\":\"https:\\\/\\\/ksproducts.ca\\\/#website\",\"url\":\"https:\\\/\\\/ksproducts.ca\\\/\",\"name\":\"Ks Products\",\"description\":\"Outdoor cooking and living, made easy in Canada\",\"publisher\":{\"@id\":\"https:\\\/\\\/ksproducts.ca\\\/#organization\"},\"potentialAction\":[{\"@type\":\"SearchAction\",\"target\":{\"@type\":\"EntryPoint\",\"urlTemplate\":\"https:\\\/\\\/ksproducts.ca\\\/?s={search_term_string}\"},\"query-input\":{\"@type\":\"PropertyValueSpecification\",\"valueRequired\":true,\"valueName\":\"search_term_string\"}}],\"inLanguage\":\"fr-CA\"},{\"@type\":\"Organization\",\"@id\":\"https:\\\/\\\/ksproducts.ca\\\/#organization\",\"name\":\"Ks Products\",\"url\":\"https:\\\/\\\/ksproducts.ca\\\/\",\"logo\":{\"@type\":\"ImageObject\",\"inLanguage\":\"fr-CA\",\"@id\":\"https:\\\/\\\/ksproducts.ca\\\/#\\\/schema\\\/logo\\\/image\\\/\",\"url\":\"https:\\\/\\\/ksproducts.ca\\\/wp-content\\\/uploads\\\/2023\\\/09\\\/Kennedy-Sales-Logo-header-1.png\",\"contentUrl\":\"https:\\\/\\\/ksproducts.ca\\\/wp-content\\\/uploads\\\/2023\\\/09\\\/Kennedy-Sales-Logo-header-1.png\",\"width\":150,\"height\":77,\"caption\":\"Ks Products\"},\"image\":{\"@id\":\"https:\\\/\\\/ksproducts.ca\\\/#\\\/schema\\\/logo\\\/image\\\/\"}}]}<\/script>\n<!-- \/ Yoast SEO plugin. -->","yoast_head_json":{"title":"Blackstone 22inch Original Series Omnivore Tabletop Griddle - Ks Products","robots":{"index":"index","follow":"follow","max-snippet":"max-snippet:-1","max-image-preview":"max-image-preview:large","max-video-preview":"max-video-preview:-1"},"canonical":"https:\/\/ksproducts.ca\/fr\/product\/22-gril-de-table-omnivore-original\/","og_locale":"fr_CA","og_type":"article","og_title":"Blackstone 22inch Original Series Omnivore Tabletop Griddle - Ks Products","og_description":"The perfect griddle for the outdoor adventure seeker. Whether your adventure is in the mountains, at lakes or beaches, or tailgating for the local football team take your 22-in Tabletop Griddle with you. Fuel any event with two independently controlled heat zones and a portable design for easy transport. This flat top grill is the perfect addition to a patio kitchen or camping kitchen. This griddle's versatility is unmatched!","og_url":"https:\/\/ksproducts.ca\/fr\/product\/22-gril-de-table-omnivore-original\/","og_site_name":"Ks Products","article_modified_time":"2026-04-15T05:32:14+00:00","og_image":[{"width":800,"height":800,"url":"https:\/\/ksproducts.ca\/wp-content\/uploads\/2024\/04\/2203-22in-Omni-Griddle-jpg.webp","type":"image\/jpeg"}],"twitter_card":"summary_large_image","twitter_misc":{"Estimation du temps de lecture":"1 minute"},"schema":{"@context":"https:\/\/schema.org","@graph":[{"@type":"WebPage","@id":"https:\/\/ksproducts.ca\/product\/22-omnivore-original-tabletop-griddle\/","url":"https:\/\/ksproducts.ca\/product\/22-omnivore-original-tabletop-griddle\/","name":"Blackstone 22inch Original Series Omnivore Tabletop Griddle - Ks Products","isPartOf":{"@id":"https:\/\/ksproducts.ca\/#website"},"primaryImageOfPage":{"@id":"https:\/\/ksproducts.ca\/product\/22-omnivore-original-tabletop-griddle\/#primaryimage"},"image":{"@id":"https:\/\/ksproducts.ca\/product\/22-omnivore-original-tabletop-griddle\/#primaryimage"},"thumbnailUrl":"https:\/\/ksproducts.ca\/wp-content\/uploads\/2024\/04\/2203-22in-Omni-Griddle-jpg.webp","datePublished":"2024-04-15T16:13:06+00:00","dateModified":"2026-04-15T05:32:14+00:00","breadcrumb":{"@id":"https:\/\/ksproducts.ca\/product\/22-omnivore-original-tabletop-griddle\/#breadcrumb"},"inLanguage":"fr-CA","potentialAction":[{"@type":"ReadAction","target":["https:\/\/ksproducts.ca\/product\/22-omnivore-original-tabletop-griddle\/"]}]},{"@type":"ImageObject","inLanguage":"fr-CA","@id":"https:\/\/ksproducts.ca\/product\/22-omnivore-original-tabletop-griddle\/#primaryimage","url":"https:\/\/ksproducts.ca\/wp-content\/uploads\/2024\/04\/2203-22in-Omni-Griddle-jpg.webp","contentUrl":"https:\/\/ksproducts.ca\/wp-content\/uploads\/2024\/04\/2203-22in-Omni-Griddle-jpg.webp","width":800,"height":800,"caption":"Blackstone 22inch Original Series Omnivore Tabletop Griddle"},{"@type":"BreadcrumbList","@id":"https:\/\/ksproducts.ca\/product\/22-omnivore-original-tabletop-griddle\/#breadcrumb","itemListElement":[{"@type":"ListItem","position":1,"name":"Home","item":"https:\/\/ksproducts.ca\/"},{"@type":"ListItem","position":2,"name":"Shop","item":"https:\/\/ksproducts.ca\/shop\/"},{"@type":"ListItem","position":3,"name":"Blackstone 22inch Original Series Omnivore Tabletop Griddle"}]},{"@type":"WebSite","@id":"https:\/\/ksproducts.ca\/#website","url":"https:\/\/ksproducts.ca\/","name":"Produits Ks","description":"Cuisiner et vivre en plein air, c'est facile au Canada","publisher":{"@id":"https:\/\/ksproducts.ca\/#organization"},"potentialAction":[{"@type":"SearchAction","target":{"@type":"EntryPoint","urlTemplate":"https:\/\/ksproducts.ca\/?s={search_term_string}"},"query-input":{"@type":"PropertyValueSpecification","valueRequired":true,"valueName":"search_term_string"}}],"inLanguage":"fr-CA"},{"@type":"Organization","@id":"https:\/\/ksproducts.ca\/#organization","name":"Produits Ks","url":"https:\/\/ksproducts.ca\/","logo":{"@type":"ImageObject","inLanguage":"fr-CA","@id":"https:\/\/ksproducts.ca\/#\/schema\/logo\/image\/","url":"https:\/\/ksproducts.ca\/wp-content\/uploads\/2023\/09\/Kennedy-Sales-Logo-header-1.png","contentUrl":"https:\/\/ksproducts.ca\/wp-content\/uploads\/2023\/09\/Kennedy-Sales-Logo-header-1.png","width":150,"height":77,"caption":"Ks Products"},"image":{"@id":"https:\/\/ksproducts.ca\/#\/schema\/logo\/image\/"}}]}},"_links":{"self":[{"href":"https:\/\/ksproducts.ca\/fr\/wp-json\/wp\/v2\/product\/7845","targetHints":{"allow":["GET"]}}],"collection":[{"href":"https:\/\/ksproducts.ca\/fr\/wp-json\/wp\/v2\/product"}],"about":[{"href":"https:\/\/ksproducts.ca\/fr\/wp-json\/wp\/v2\/types\/product"}],"replies":[{"embeddable":true,"href":"https:\/\/ksproducts.ca\/fr\/wp-json\/wp\/v2\/comments?post=7845"}],"version-history":[{"count":4,"href":"https:\/\/ksproducts.ca\/fr\/wp-json\/wp\/v2\/product\/7845\/revisions"}],"predecessor-version":[{"id":10783,"href":"https:\/\/ksproducts.ca\/fr\/wp-json\/wp\/v2\/product\/7845\/revisions\/10783"}],"wp:featuredmedia":[{"embeddable":true,"href":"https:\/\/ksproducts.ca\/fr\/wp-json\/wp\/v2\/media\/7864"}],"wp:attachment":[{"href":"https:\/\/ksproducts.ca\/fr\/wp-json\/wp\/v2\/media?parent=7845"}],"wp:term":[{"taxonomy":"product_cat","embeddable":true,"href":"https:\/\/ksproducts.ca\/fr\/wp-json\/wp\/v2\/product_cat?post=7845"},{"taxonomy":"product_tag","embeddable":true,"href":"https:\/\/ksproducts.ca\/fr\/wp-json\/wp\/v2\/product_tag?post=7845"}],"curies":[{"name":"wp","href":"https:\/\/api.w.org\/{rel}","templated":true}]}}