{"id":7846,"date":"2024-04-15T16:13:07","date_gmt":"2024-04-15T16:13:07","guid":{"rendered":"https:\/\/ksproducts.ca\/?post_type=product&#038;p=7846"},"modified":"2026-04-26T16:32:14","modified_gmt":"2026-04-26T16:32:14","slug":"36-original-series-omnivore-griddle-with-hard-cover","status":"publish","type":"product","link":"https:\/\/ksproducts.ca\/fr\/product\/36-original-series-omnivore-griddle-with-hard-cover\/","title":{"rendered":"Blackstone 36inch Original Series Omnivore Griddle Cooking Station with Hard Cover (gril de cuisson omnivore de 36 pouces avec couvercle rigide)"},"content":{"rendered":"<ul class=\"title-block_features__6IcHW\" data-testid=\"product-features\">\n<li>Planche \u00e0 griller originale de 36 pouces avec couvercle rigide<\/li>\n<li>Quatre zones de cuisson contr\u00f4l\u00e9es ind\u00e9pendamment avec 38 000 BTU<\/li>\n<li>Syst\u00e8me brevet\u00e9 de gestion des graisses \u00e0 l'arri\u00e8re<\/li>\n<li>Capot \u00e9l\u00e9gant peint avec quincaillerie en inox<\/li>\n<li>Syst\u00e8me d'allumage \u00e9lectronique<\/li>\n<\/ul>","protected":false},"excerpt":{"rendered":"<p>Une station de cuisson ext\u00e9rieure parfaite pour pr\u00e9parer des montagnes de nourriture en quelques minutes. La station de cuisson Original 36-in Griddle avec couvercle rigide dispose de 60 000 BTU et d'une surface de cuisson de 768 pouces carr\u00e9s. Vous aimerez utiliser la bande magn\u00e9tique pour tenir les outils de cuisine et le porte-essuie-tout pivotant. Les deux tablettes lat\u00e9rales rabattables cr\u00e9ent un espace de pr\u00e9paration suppl\u00e9mentaire sans encombrer l'espace de rangement. Ouvrez une bouteille froide avec le d\u00e9capsuleur Blackstone et r\u00e9volutionnez votre exp\u00e9rience de la cuisine en plein air.<\/p>","protected":false},"featured_media":7866,"comment_status":"closed","ping_status":"closed","template":"","meta":[],"product_cat":[402,394,428],"product_tag":[],"class_list":{"0":"post-7846","1":"product","2":"type-product","3":"status-publish","4":"has-post-thumbnail","6":"product_brand-blackstone","7":"product_cat-36-inch-griddle","8":"product_cat-griddles-2","9":"product_cat-outdoor-cooking","10":"product_shipping_class-class-5","12":"first","13":"instock","14":"taxable","15":"shipping-taxable","16":"purchasable","17":"product-type-simple"},"yoast_head":"<!-- This site is optimized with the Yoast SEO plugin v27.4 - https:\/\/yoast.com\/product\/yoast-seo-wordpress\/ -->\n<title>Blackstone 36inch Original Series Omnivore Griddle Cooking Station with Hard Cover - Ks Products<\/title>\n<meta name=\"robots\" content=\"index, follow, max-snippet:-1, max-image-preview:large, max-video-preview:-1\" \/>\n<link rel=\"canonical\" href=\"https:\/\/ksproducts.ca\/fr\/product\/36-original-series-omnivore-griddle-with-hard-cover\/\" \/>\n<meta property=\"og:locale\" content=\"fr_CA\" \/>\n<meta property=\"og:type\" content=\"article\" \/>\n<meta property=\"og:title\" content=\"Blackstone 36inch Original Series Omnivore Griddle Cooking Station with Hard Cover - Ks Products\" \/>\n<meta property=\"og:description\" content=\"An outdoor cooking station that&#039;s perfect for making mountains of food within minutes. The Original 36-in Griddle Cooking Station with Hard Cover boasts 60,000 BTU&#039;s and a 768 square inches of cooking area. You&#039;ll love using the magnetic strip to hold cooking tools, and the pivoting paper towel holder. Dual folding side shelves create extra prep space without taking up storage space. Crack open a cold one on the featured Blackstone bottle opener and revolutionize your outdoor cooking experience.\" \/>\n<meta property=\"og:url\" content=\"https:\/\/ksproducts.ca\/fr\/product\/36-original-series-omnivore-griddle-with-hard-cover\/\" \/>\n<meta property=\"og:site_name\" content=\"Ks Products\" \/>\n<meta property=\"article:modified_time\" content=\"2026-04-26T16:32:14+00:00\" \/>\n<meta property=\"og:image\" content=\"https:\/\/ksproducts.ca\/wp-content\/uploads\/2024\/04\/2212-36in-with-Hardcover-Final-jpg.webp\" \/>\n\t<meta property=\"og:image:width\" content=\"800\" \/>\n\t<meta property=\"og:image:height\" content=\"500\" \/>\n\t<meta property=\"og:image:type\" content=\"image\/jpeg\" \/>\n<meta name=\"twitter:card\" content=\"summary_large_image\" \/>\n<meta name=\"twitter:label1\" content=\"Estimation du temps de lecture\" \/>\n\t<meta name=\"twitter:data1\" content=\"1 minute\" \/>\n<script type=\"application\/ld+json\" class=\"yoast-schema-graph\">{\"@context\":\"https:\\\/\\\/schema.org\",\"@graph\":[{\"@type\":\"WebPage\",\"@id\":\"https:\\\/\\\/ksproducts.ca\\\/product\\\/36-original-series-omnivore-griddle-with-hard-cover\\\/\",\"url\":\"https:\\\/\\\/ksproducts.ca\\\/product\\\/36-original-series-omnivore-griddle-with-hard-cover\\\/\",\"name\":\"Blackstone 36inch Original Series Omnivore Griddle Cooking Station with Hard Cover - Ks Products\",\"isPartOf\":{\"@id\":\"https:\\\/\\\/ksproducts.ca\\\/#website\"},\"primaryImageOfPage\":{\"@id\":\"https:\\\/\\\/ksproducts.ca\\\/product\\\/36-original-series-omnivore-griddle-with-hard-cover\\\/#primaryimage\"},\"image\":{\"@id\":\"https:\\\/\\\/ksproducts.ca\\\/product\\\/36-original-series-omnivore-griddle-with-hard-cover\\\/#primaryimage\"},\"thumbnailUrl\":\"https:\\\/\\\/ksproducts.ca\\\/wp-content\\\/uploads\\\/2024\\\/04\\\/2212-36in-with-Hardcover-Final-jpg.webp\",\"datePublished\":\"2024-04-15T16:13:07+00:00\",\"dateModified\":\"2026-04-26T16:32:14+00:00\",\"breadcrumb\":{\"@id\":\"https:\\\/\\\/ksproducts.ca\\\/product\\\/36-original-series-omnivore-griddle-with-hard-cover\\\/#breadcrumb\"},\"inLanguage\":\"fr-CA\",\"potentialAction\":[{\"@type\":\"ReadAction\",\"target\":[\"https:\\\/\\\/ksproducts.ca\\\/product\\\/36-original-series-omnivore-griddle-with-hard-cover\\\/\"]}]},{\"@type\":\"ImageObject\",\"inLanguage\":\"fr-CA\",\"@id\":\"https:\\\/\\\/ksproducts.ca\\\/product\\\/36-original-series-omnivore-griddle-with-hard-cover\\\/#primaryimage\",\"url\":\"https:\\\/\\\/ksproducts.ca\\\/wp-content\\\/uploads\\\/2024\\\/04\\\/2212-36in-with-Hardcover-Final-jpg.webp\",\"contentUrl\":\"https:\\\/\\\/ksproducts.ca\\\/wp-content\\\/uploads\\\/2024\\\/04\\\/2212-36in-with-Hardcover-Final-jpg.webp\",\"width\":800,\"height\":500,\"caption\":\"Blackstone 36inch Original Series Omnivore Griddle Cooking Station with Hard Cover\"},{\"@type\":\"BreadcrumbList\",\"@id\":\"https:\\\/\\\/ksproducts.ca\\\/product\\\/36-original-series-omnivore-griddle-with-hard-cover\\\/#breadcrumb\",\"itemListElement\":[{\"@type\":\"ListItem\",\"position\":1,\"name\":\"Home\",\"item\":\"https:\\\/\\\/ksproducts.ca\\\/\"},{\"@type\":\"ListItem\",\"position\":2,\"name\":\"Shop\",\"item\":\"https:\\\/\\\/ksproducts.ca\\\/shop\\\/\"},{\"@type\":\"ListItem\",\"position\":3,\"name\":\"Blackstone 36inch Original Series Omnivore Griddle Cooking Station with Hard Cover\"}]},{\"@type\":\"WebSite\",\"@id\":\"https:\\\/\\\/ksproducts.ca\\\/#website\",\"url\":\"https:\\\/\\\/ksproducts.ca\\\/\",\"name\":\"Ks Products\",\"description\":\"Outdoor cooking and living, made easy in Canada\",\"publisher\":{\"@id\":\"https:\\\/\\\/ksproducts.ca\\\/#organization\"},\"potentialAction\":[{\"@type\":\"SearchAction\",\"target\":{\"@type\":\"EntryPoint\",\"urlTemplate\":\"https:\\\/\\\/ksproducts.ca\\\/?s={search_term_string}\"},\"query-input\":{\"@type\":\"PropertyValueSpecification\",\"valueRequired\":true,\"valueName\":\"search_term_string\"}}],\"inLanguage\":\"fr-CA\"},{\"@type\":\"Organization\",\"@id\":\"https:\\\/\\\/ksproducts.ca\\\/#organization\",\"name\":\"Ks Products\",\"url\":\"https:\\\/\\\/ksproducts.ca\\\/\",\"logo\":{\"@type\":\"ImageObject\",\"inLanguage\":\"fr-CA\",\"@id\":\"https:\\\/\\\/ksproducts.ca\\\/#\\\/schema\\\/logo\\\/image\\\/\",\"url\":\"https:\\\/\\\/ksproducts.ca\\\/wp-content\\\/uploads\\\/2023\\\/09\\\/Kennedy-Sales-Logo-header-1.png\",\"contentUrl\":\"https:\\\/\\\/ksproducts.ca\\\/wp-content\\\/uploads\\\/2023\\\/09\\\/Kennedy-Sales-Logo-header-1.png\",\"width\":150,\"height\":77,\"caption\":\"Ks Products\"},\"image\":{\"@id\":\"https:\\\/\\\/ksproducts.ca\\\/#\\\/schema\\\/logo\\\/image\\\/\"}}]}<\/script>\n<!-- \/ Yoast SEO plugin. -->","yoast_head_json":{"title":"Plancha Blackstone 36 pouces Original Series Omnivore avec couvercle rigide - Ks Products","robots":{"index":"index","follow":"follow","max-snippet":"max-snippet:-1","max-image-preview":"max-image-preview:large","max-video-preview":"max-video-preview:-1"},"canonical":"https:\/\/ksproducts.ca\/fr\/product\/36-original-series-omnivore-griddle-with-hard-cover\/","og_locale":"fr_CA","og_type":"article","og_title":"Blackstone 36inch Original Series Omnivore Griddle Cooking Station with Hard Cover - Ks Products","og_description":"An outdoor cooking station that's perfect for making mountains of food within minutes. The Original 36-in Griddle Cooking Station with Hard Cover boasts 60,000 BTU's and a 768 square inches of cooking area. You'll love using the magnetic strip to hold cooking tools, and the pivoting paper towel holder. Dual folding side shelves create extra prep space without taking up storage space. Crack open a cold one on the featured Blackstone bottle opener and revolutionize your outdoor cooking experience.","og_url":"https:\/\/ksproducts.ca\/fr\/product\/36-original-series-omnivore-griddle-with-hard-cover\/","og_site_name":"Ks Products","article_modified_time":"2026-04-26T16:32:14+00:00","og_image":[{"width":800,"height":500,"url":"https:\/\/ksproducts.ca\/wp-content\/uploads\/2024\/04\/2212-36in-with-Hardcover-Final-jpg.webp","type":"image\/jpeg"}],"twitter_card":"summary_large_image","twitter_misc":{"Estimation du temps de lecture":"1 minute"},"schema":{"@context":"https:\/\/schema.org","@graph":[{"@type":"WebPage","@id":"https:\/\/ksproducts.ca\/product\/36-original-series-omnivore-griddle-with-hard-cover\/","url":"https:\/\/ksproducts.ca\/product\/36-original-series-omnivore-griddle-with-hard-cover\/","name":"Plancha Blackstone 36 pouces Original Series Omnivore avec couvercle rigide - Ks Products","isPartOf":{"@id":"https:\/\/ksproducts.ca\/#website"},"primaryImageOfPage":{"@id":"https:\/\/ksproducts.ca\/product\/36-original-series-omnivore-griddle-with-hard-cover\/#primaryimage"},"image":{"@id":"https:\/\/ksproducts.ca\/product\/36-original-series-omnivore-griddle-with-hard-cover\/#primaryimage"},"thumbnailUrl":"https:\/\/ksproducts.ca\/wp-content\/uploads\/2024\/04\/2212-36in-with-Hardcover-Final-jpg.webp","datePublished":"2024-04-15T16:13:07+00:00","dateModified":"2026-04-26T16:32:14+00:00","breadcrumb":{"@id":"https:\/\/ksproducts.ca\/product\/36-original-series-omnivore-griddle-with-hard-cover\/#breadcrumb"},"inLanguage":"fr-CA","potentialAction":[{"@type":"ReadAction","target":["https:\/\/ksproducts.ca\/product\/36-original-series-omnivore-griddle-with-hard-cover\/"]}]},{"@type":"ImageObject","inLanguage":"fr-CA","@id":"https:\/\/ksproducts.ca\/product\/36-original-series-omnivore-griddle-with-hard-cover\/#primaryimage","url":"https:\/\/ksproducts.ca\/wp-content\/uploads\/2024\/04\/2212-36in-with-Hardcover-Final-jpg.webp","contentUrl":"https:\/\/ksproducts.ca\/wp-content\/uploads\/2024\/04\/2212-36in-with-Hardcover-Final-jpg.webp","width":800,"height":500,"caption":"Blackstone 36inch Original Series Omnivore Griddle Cooking Station with Hard Cover"},{"@type":"BreadcrumbList","@id":"https:\/\/ksproducts.ca\/product\/36-original-series-omnivore-griddle-with-hard-cover\/#breadcrumb","itemListElement":[{"@type":"ListItem","position":1,"name":"Home","item":"https:\/\/ksproducts.ca\/"},{"@type":"ListItem","position":2,"name":"Shop","item":"https:\/\/ksproducts.ca\/shop\/"},{"@type":"ListItem","position":3,"name":"Blackstone 36inch Original Series Omnivore Griddle Cooking Station with Hard Cover"}]},{"@type":"WebSite","@id":"https:\/\/ksproducts.ca\/#website","url":"https:\/\/ksproducts.ca\/","name":"Produits Ks","description":"Cuisiner et vivre en plein air, c'est facile au Canada","publisher":{"@id":"https:\/\/ksproducts.ca\/#organization"},"potentialAction":[{"@type":"SearchAction","target":{"@type":"EntryPoint","urlTemplate":"https:\/\/ksproducts.ca\/?s={search_term_string}"},"query-input":{"@type":"PropertyValueSpecification","valueRequired":true,"valueName":"search_term_string"}}],"inLanguage":"fr-CA"},{"@type":"Organization","@id":"https:\/\/ksproducts.ca\/#organization","name":"Produits Ks","url":"https:\/\/ksproducts.ca\/","logo":{"@type":"ImageObject","inLanguage":"fr-CA","@id":"https:\/\/ksproducts.ca\/#\/schema\/logo\/image\/","url":"https:\/\/ksproducts.ca\/wp-content\/uploads\/2023\/09\/Kennedy-Sales-Logo-header-1.png","contentUrl":"https:\/\/ksproducts.ca\/wp-content\/uploads\/2023\/09\/Kennedy-Sales-Logo-header-1.png","width":150,"height":77,"caption":"Ks Products"},"image":{"@id":"https:\/\/ksproducts.ca\/#\/schema\/logo\/image\/"}}]}},"_links":{"self":[{"href":"https:\/\/ksproducts.ca\/fr\/wp-json\/wp\/v2\/product\/7846","targetHints":{"allow":["GET"]}}],"collection":[{"href":"https:\/\/ksproducts.ca\/fr\/wp-json\/wp\/v2\/product"}],"about":[{"href":"https:\/\/ksproducts.ca\/fr\/wp-json\/wp\/v2\/types\/product"}],"replies":[{"embeddable":true,"href":"https:\/\/ksproducts.ca\/fr\/wp-json\/wp\/v2\/comments?post=7846"}],"version-history":[{"count":3,"href":"https:\/\/ksproducts.ca\/fr\/wp-json\/wp\/v2\/product\/7846\/revisions"}],"predecessor-version":[{"id":10569,"href":"https:\/\/ksproducts.ca\/fr\/wp-json\/wp\/v2\/product\/7846\/revisions\/10569"}],"wp:featuredmedia":[{"embeddable":true,"href":"https:\/\/ksproducts.ca\/fr\/wp-json\/wp\/v2\/media\/7866"}],"wp:attachment":[{"href":"https:\/\/ksproducts.ca\/fr\/wp-json\/wp\/v2\/media?parent=7846"}],"wp:term":[{"taxonomy":"product_cat","embeddable":true,"href":"https:\/\/ksproducts.ca\/fr\/wp-json\/wp\/v2\/product_cat?post=7846"},{"taxonomy":"product_tag","embeddable":true,"href":"https:\/\/ksproducts.ca\/fr\/wp-json\/wp\/v2\/product_tag?post=7846"}],"curies":[{"name":"wp","href":"https:\/\/api.w.org\/{rel}","templated":true}]}}