{"id":7870,"date":"2024-04-15T16:13:40","date_gmt":"2024-04-15T16:13:40","guid":{"rendered":"https:\/\/ksproducts.ca\/?post_type=product&#038;p=7870"},"modified":"2026-04-03T20:17:52","modified_gmt":"2026-04-03T20:17:52","slug":"36-original-series-griddle-with-omnivore-top","status":"publish","type":"product","link":"https:\/\/ksproducts.ca\/fr\/product\/36-original-series-griddle-with-omnivore-top\/","title":{"rendered":"36\u2033 Original Series Griddle avec Omnivore Top"},"content":{"rendered":"<ul class=\"title-block_features__6IcHW\" data-testid=\"product-features\">\n<li>avec les pieds pliables. Avec quatre zones de chaleur ind\u00e9pendantes, vous pouvez cuire une grande vari\u00e9t\u00e9 d'aliments, tous \u00e0 des temp\u00e9ratures diff\u00e9rentes !<\/li>\n<li>Espace de cuisson de 769 pouces carr\u00e9s<\/li>\n<li>Quatre zones de chauffage ind\u00e9pendantes<\/li>\n<li>Deux \u00e9tag\u00e8res lat\u00e9rales rabattables<\/li>\n<li>Syst\u00e8me brevet\u00e9 de gestion de la graisse \u00e0 l'arri\u00e8re.<\/li>\n<li>Allumage \u00e9lectrique<\/li>\n<\/ul>","protected":false},"excerpt":{"rendered":"<p>Obtenez le chariot de grillade classique 36\u2033 pour votre patio et commencez \u00e0 cuisiner tous vos repas pr\u00e9f\u00e9r\u00e9s en plein air avec votre famille et vos amis. Vous pouvez m\u00eame emmener cette plancha sur la route gr\u00e2ce \u00e0 ses pieds pliables. Avec quatre zones de chaleur ind\u00e9pendantes, vous pouvez cuire une vari\u00e9t\u00e9 d'aliments, tous \u00e0 des temp\u00e9ratures diff\u00e9rentes !<\/p>","protected":false},"featured_media":7874,"comment_status":"closed","ping_status":"closed","template":"","meta":[],"product_cat":[402],"product_tag":[404],"class_list":{"0":"post-7870","1":"product","2":"type-product","3":"status-publish","4":"has-post-thumbnail","6":"product_cat-36-inch-griddle","7":"product_tag-griddle-week","9":"first","10":"outofstock","11":"taxable","12":"shipping-taxable","13":"purchasable","14":"product-type-simple"},"yoast_head":"<!-- This site is optimized with the Yoast SEO plugin v27.3 - https:\/\/yoast.com\/product\/yoast-seo-wordpress\/ -->\n<title>36&quot; Original Series Griddle with Omnivore Top - Ks Products<\/title>\n<meta name=\"robots\" content=\"index, follow, max-snippet:-1, max-image-preview:large, max-video-preview:-1\" \/>\n<link rel=\"canonical\" href=\"https:\/\/ksproducts.ca\/fr\/product\/36-original-series-griddle-with-omnivore-top\/\" \/>\n<meta property=\"og:locale\" content=\"fr_CA\" \/>\n<meta property=\"og:type\" content=\"article\" \/>\n<meta property=\"og:title\" content=\"36&quot; Original Series Griddle with Omnivore Top - Ks Products\" \/>\n<meta property=\"og:description\" content=\"Get the classic 36&quot; griddle cart for your patio and start cooking all your favorite meals outdoors with your family and friends. You can even take this griddle on the road with the collapsible legs. With four independent heat zones you can cook a variety of foods, all at different temperatures!\" \/>\n<meta property=\"og:url\" content=\"https:\/\/ksproducts.ca\/fr\/product\/36-original-series-griddle-with-omnivore-top\/\" \/>\n<meta property=\"og:site_name\" content=\"Ks Products\" \/>\n<meta property=\"article:modified_time\" content=\"2026-04-03T20:17:52+00:00\" \/>\n<meta property=\"og:image\" content=\"https:\/\/ksproducts.ca\/wp-content\/uploads\/2024\/04\/36in-Original-Omnivore-National-Account-Griddle-jpg.webp\" \/>\n\t<meta property=\"og:image:width\" content=\"800\" \/>\n\t<meta property=\"og:image:height\" content=\"800\" \/>\n\t<meta property=\"og:image:type\" content=\"image\/jpeg\" \/>\n<meta name=\"twitter:card\" content=\"summary_large_image\" \/>\n<script type=\"application\/ld+json\" class=\"yoast-schema-graph\">{\"@context\":\"https:\\\/\\\/schema.org\",\"@graph\":[{\"@type\":\"WebPage\",\"@id\":\"https:\\\/\\\/ksproducts.ca\\\/product\\\/36-original-series-griddle-with-omnivore-top\\\/\",\"url\":\"https:\\\/\\\/ksproducts.ca\\\/product\\\/36-original-series-griddle-with-omnivore-top\\\/\",\"name\":\"36\\\" Original Series Griddle with Omnivore Top - Ks Products\",\"isPartOf\":{\"@id\":\"https:\\\/\\\/ksproducts.ca\\\/#website\"},\"primaryImageOfPage\":{\"@id\":\"https:\\\/\\\/ksproducts.ca\\\/product\\\/36-original-series-griddle-with-omnivore-top\\\/#primaryimage\"},\"image\":{\"@id\":\"https:\\\/\\\/ksproducts.ca\\\/product\\\/36-original-series-griddle-with-omnivore-top\\\/#primaryimage\"},\"thumbnailUrl\":\"https:\\\/\\\/ksproducts.ca\\\/wp-content\\\/uploads\\\/2024\\\/04\\\/36in-Original-Omnivore-National-Account-Griddle-jpg.webp\",\"datePublished\":\"2024-04-15T16:13:40+00:00\",\"dateModified\":\"2026-04-03T20:17:52+00:00\",\"breadcrumb\":{\"@id\":\"https:\\\/\\\/ksproducts.ca\\\/product\\\/36-original-series-griddle-with-omnivore-top\\\/#breadcrumb\"},\"inLanguage\":\"fr-CA\",\"potentialAction\":[{\"@type\":\"ReadAction\",\"target\":[\"https:\\\/\\\/ksproducts.ca\\\/product\\\/36-original-series-griddle-with-omnivore-top\\\/\"]}]},{\"@type\":\"ImageObject\",\"inLanguage\":\"fr-CA\",\"@id\":\"https:\\\/\\\/ksproducts.ca\\\/product\\\/36-original-series-griddle-with-omnivore-top\\\/#primaryimage\",\"url\":\"https:\\\/\\\/ksproducts.ca\\\/wp-content\\\/uploads\\\/2024\\\/04\\\/36in-Original-Omnivore-National-Account-Griddle-jpg.webp\",\"contentUrl\":\"https:\\\/\\\/ksproducts.ca\\\/wp-content\\\/uploads\\\/2024\\\/04\\\/36in-Original-Omnivore-National-Account-Griddle-jpg.webp\",\"width\":800,\"height\":800,\"caption\":\"36\\\" Original Series Griddle with Omnivore Top\"},{\"@type\":\"BreadcrumbList\",\"@id\":\"https:\\\/\\\/ksproducts.ca\\\/product\\\/36-original-series-griddle-with-omnivore-top\\\/#breadcrumb\",\"itemListElement\":[{\"@type\":\"ListItem\",\"position\":1,\"name\":\"Home\",\"item\":\"https:\\\/\\\/ksproducts.ca\\\/\"},{\"@type\":\"ListItem\",\"position\":2,\"name\":\"Shop\",\"item\":\"https:\\\/\\\/ksproducts.ca\\\/shop\\\/\"},{\"@type\":\"ListItem\",\"position\":3,\"name\":\"36&#8243; Original Series Griddle with Omnivore Top\"}]},{\"@type\":\"WebSite\",\"@id\":\"https:\\\/\\\/ksproducts.ca\\\/#website\",\"url\":\"https:\\\/\\\/ksproducts.ca\\\/\",\"name\":\"Ks Products\",\"description\":\"Outdoor cooking and living, made easy in Canada\",\"publisher\":{\"@id\":\"https:\\\/\\\/ksproducts.ca\\\/#organization\"},\"potentialAction\":[{\"@type\":\"SearchAction\",\"target\":{\"@type\":\"EntryPoint\",\"urlTemplate\":\"https:\\\/\\\/ksproducts.ca\\\/?s={search_term_string}\"},\"query-input\":{\"@type\":\"PropertyValueSpecification\",\"valueRequired\":true,\"valueName\":\"search_term_string\"}}],\"inLanguage\":\"fr-CA\"},{\"@type\":\"Organization\",\"@id\":\"https:\\\/\\\/ksproducts.ca\\\/#organization\",\"name\":\"Ks Products\",\"url\":\"https:\\\/\\\/ksproducts.ca\\\/\",\"logo\":{\"@type\":\"ImageObject\",\"inLanguage\":\"fr-CA\",\"@id\":\"https:\\\/\\\/ksproducts.ca\\\/#\\\/schema\\\/logo\\\/image\\\/\",\"url\":\"https:\\\/\\\/ksproducts.ca\\\/wp-content\\\/uploads\\\/2023\\\/09\\\/Kennedy-Sales-Logo-header-1.png\",\"contentUrl\":\"https:\\\/\\\/ksproducts.ca\\\/wp-content\\\/uploads\\\/2023\\\/09\\\/Kennedy-Sales-Logo-header-1.png\",\"width\":150,\"height\":77,\"caption\":\"Ks Products\"},\"image\":{\"@id\":\"https:\\\/\\\/ksproducts.ca\\\/#\\\/schema\\\/logo\\\/image\\\/\"}}]}<\/script>\n<!-- \/ Yoast SEO plugin. -->","yoast_head_json":{"title":"Gril de 36\" de la s\u00e9rie Original avec dessus Omnivore - Ks Products","robots":{"index":"index","follow":"follow","max-snippet":"max-snippet:-1","max-image-preview":"max-image-preview:large","max-video-preview":"max-video-preview:-1"},"canonical":"https:\/\/ksproducts.ca\/fr\/product\/36-original-series-griddle-with-omnivore-top\/","og_locale":"fr_CA","og_type":"article","og_title":"36\" Original Series Griddle with Omnivore Top - Ks Products","og_description":"Get the classic 36\" griddle cart for your patio and start cooking all your favorite meals outdoors with your family and friends. You can even take this griddle on the road with the collapsible legs. With four independent heat zones you can cook a variety of foods, all at different temperatures!","og_url":"https:\/\/ksproducts.ca\/fr\/product\/36-original-series-griddle-with-omnivore-top\/","og_site_name":"Ks Products","article_modified_time":"2026-04-03T20:17:52+00:00","og_image":[{"width":800,"height":800,"url":"https:\/\/ksproducts.ca\/wp-content\/uploads\/2024\/04\/36in-Original-Omnivore-National-Account-Griddle-jpg.webp","type":"image\/jpeg"}],"twitter_card":"summary_large_image","schema":{"@context":"https:\/\/schema.org","@graph":[{"@type":"WebPage","@id":"https:\/\/ksproducts.ca\/product\/36-original-series-griddle-with-omnivore-top\/","url":"https:\/\/ksproducts.ca\/product\/36-original-series-griddle-with-omnivore-top\/","name":"Gril de 36\" de la s\u00e9rie Original avec dessus Omnivore - Ks Products","isPartOf":{"@id":"https:\/\/ksproducts.ca\/#website"},"primaryImageOfPage":{"@id":"https:\/\/ksproducts.ca\/product\/36-original-series-griddle-with-omnivore-top\/#primaryimage"},"image":{"@id":"https:\/\/ksproducts.ca\/product\/36-original-series-griddle-with-omnivore-top\/#primaryimage"},"thumbnailUrl":"https:\/\/ksproducts.ca\/wp-content\/uploads\/2024\/04\/36in-Original-Omnivore-National-Account-Griddle-jpg.webp","datePublished":"2024-04-15T16:13:40+00:00","dateModified":"2026-04-03T20:17:52+00:00","breadcrumb":{"@id":"https:\/\/ksproducts.ca\/product\/36-original-series-griddle-with-omnivore-top\/#breadcrumb"},"inLanguage":"fr-CA","potentialAction":[{"@type":"ReadAction","target":["https:\/\/ksproducts.ca\/product\/36-original-series-griddle-with-omnivore-top\/"]}]},{"@type":"ImageObject","inLanguage":"fr-CA","@id":"https:\/\/ksproducts.ca\/product\/36-original-series-griddle-with-omnivore-top\/#primaryimage","url":"https:\/\/ksproducts.ca\/wp-content\/uploads\/2024\/04\/36in-Original-Omnivore-National-Account-Griddle-jpg.webp","contentUrl":"https:\/\/ksproducts.ca\/wp-content\/uploads\/2024\/04\/36in-Original-Omnivore-National-Account-Griddle-jpg.webp","width":800,"height":800,"caption":"36\" Original Series Griddle with Omnivore Top"},{"@type":"BreadcrumbList","@id":"https:\/\/ksproducts.ca\/product\/36-original-series-griddle-with-omnivore-top\/#breadcrumb","itemListElement":[{"@type":"ListItem","position":1,"name":"Home","item":"https:\/\/ksproducts.ca\/"},{"@type":"ListItem","position":2,"name":"Shop","item":"https:\/\/ksproducts.ca\/shop\/"},{"@type":"ListItem","position":3,"name":"36&#8243; Original Series Griddle with Omnivore Top"}]},{"@type":"WebSite","@id":"https:\/\/ksproducts.ca\/#website","url":"https:\/\/ksproducts.ca\/","name":"Produits Ks","description":"Cuisiner et vivre en plein air, c'est facile au Canada","publisher":{"@id":"https:\/\/ksproducts.ca\/#organization"},"potentialAction":[{"@type":"SearchAction","target":{"@type":"EntryPoint","urlTemplate":"https:\/\/ksproducts.ca\/?s={search_term_string}"},"query-input":{"@type":"PropertyValueSpecification","valueRequired":true,"valueName":"search_term_string"}}],"inLanguage":"fr-CA"},{"@type":"Organization","@id":"https:\/\/ksproducts.ca\/#organization","name":"Produits Ks","url":"https:\/\/ksproducts.ca\/","logo":{"@type":"ImageObject","inLanguage":"fr-CA","@id":"https:\/\/ksproducts.ca\/#\/schema\/logo\/image\/","url":"https:\/\/ksproducts.ca\/wp-content\/uploads\/2023\/09\/Kennedy-Sales-Logo-header-1.png","contentUrl":"https:\/\/ksproducts.ca\/wp-content\/uploads\/2023\/09\/Kennedy-Sales-Logo-header-1.png","width":150,"height":77,"caption":"Ks Products"},"image":{"@id":"https:\/\/ksproducts.ca\/#\/schema\/logo\/image\/"}}]}},"_links":{"self":[{"href":"https:\/\/ksproducts.ca\/fr\/wp-json\/wp\/v2\/product\/7870","targetHints":{"allow":["GET"]}}],"collection":[{"href":"https:\/\/ksproducts.ca\/fr\/wp-json\/wp\/v2\/product"}],"about":[{"href":"https:\/\/ksproducts.ca\/fr\/wp-json\/wp\/v2\/types\/product"}],"replies":[{"embeddable":true,"href":"https:\/\/ksproducts.ca\/fr\/wp-json\/wp\/v2\/comments?post=7870"}],"version-history":[{"count":2,"href":"https:\/\/ksproducts.ca\/fr\/wp-json\/wp\/v2\/product\/7870\/revisions"}],"predecessor-version":[{"id":10786,"href":"https:\/\/ksproducts.ca\/fr\/wp-json\/wp\/v2\/product\/7870\/revisions\/10786"}],"wp:featuredmedia":[{"embeddable":true,"href":"https:\/\/ksproducts.ca\/fr\/wp-json\/wp\/v2\/media\/7874"}],"wp:attachment":[{"href":"https:\/\/ksproducts.ca\/fr\/wp-json\/wp\/v2\/media?parent=7870"}],"wp:term":[{"taxonomy":"product_cat","embeddable":true,"href":"https:\/\/ksproducts.ca\/fr\/wp-json\/wp\/v2\/product_cat?post=7870"},{"taxonomy":"product_tag","embeddable":true,"href":"https:\/\/ksproducts.ca\/fr\/wp-json\/wp\/v2\/product_tag?post=7870"}],"curies":[{"name":"wp","href":"https:\/\/api.w.org\/{rel}","templated":true}]}}