{"id":7871,"date":"2024-04-15T16:13:40","date_gmt":"2024-04-15T16:13:40","guid":{"rendered":"https:\/\/ksproducts.ca\/?post_type=product&#038;p=7871"},"modified":"2025-09-17T16:11:04","modified_gmt":"2025-09-17T16:11:04","slug":"36-original-series-omnivore-griddle-with-hood","status":"publish","type":"product","link":"https:\/\/ksproducts.ca\/fr\/product\/36-original-series-omnivore-griddle-with-hood\/","title":{"rendered":"Gril Omnivore S\u00e9rie Originale 36\u2033 avec capot"},"content":{"rendered":"<ul class=\"title-block_features__6IcHW\" data-testid=\"product-features\">\n<li>Gril Original 36\u201d avec capot<\/li>\n<li>4 br\u00fbleurs\/zones de chaleur<\/li>\n<li>Deux tablettes lat\u00e9rales rabattables<\/li>\n<li>Etag\u00e8re extensible pour un espace de pr\u00e9paration suppl\u00e9mentaire<\/li>\n<li>Syst\u00e8me de rail pour les accessoires<\/li>\n<li>Porte-bouteille inclus dans l'accessoire<\/li>\n<li>4 roues de transport, 2 roulettes<\/li>\n<li>Tablette inf\u00e9rieure perfor\u00e9e<\/li>\n<li>Nouveau langage de conception original<\/li>\n<\/ul>","protected":false},"excerpt":{"rendered":"<p>La station de cuisson ext\u00e9rieure dont vous r\u00eaviez : la plaque de cuisson Original 36 pouces avec hotte. Quatre zones de chaleur ind\u00e9pendantes permettent un contr\u00f4le maximal lors de la cuisson de vos repas. Ce gril \u00e0 dessus plat est dot\u00e9 de deux tablettes lat\u00e9rales rabattables qui vous offrent un espace de pr\u00e9paration suppl\u00e9mentaire pendant la cuisson et qui se replient pour faciliter le rangement. Vous appr\u00e9cierez \u00e9galement la bande magn\u00e9tique pour les outils et le support pour les serviettes en papier. Avec cette plancha, vous aurez tout \u00e0 port\u00e9e de main pour faire de votre exp\u00e9rience de cuisine en plein air une exp\u00e9rience formidable.<\/p>","protected":false},"featured_media":7883,"comment_status":"closed","ping_status":"closed","template":"","meta":[],"product_cat":[402],"product_tag":[],"class_list":{"0":"post-7871","1":"product","2":"type-product","3":"status-publish","4":"has-post-thumbnail","6":"product_cat-36-inch-griddle","8":"first","9":"instock","10":"taxable","11":"shipping-taxable","12":"purchasable","13":"product-type-simple"},"yoast_head":"<!-- This site is optimized with the Yoast SEO plugin v27.3 - https:\/\/yoast.com\/product\/yoast-seo-wordpress\/ -->\n<title>36&quot; Original Series Omnivore Griddle with Hood - Ks Products<\/title>\n<meta name=\"robots\" content=\"index, follow, max-snippet:-1, max-image-preview:large, max-video-preview:-1\" \/>\n<link rel=\"canonical\" href=\"https:\/\/ksproducts.ca\/fr\/product\/36-original-series-omnivore-griddle-with-hood\/\" \/>\n<meta property=\"og:locale\" content=\"fr_CA\" \/>\n<meta property=\"og:type\" content=\"article\" \/>\n<meta property=\"og:title\" content=\"36&quot; Original Series Omnivore Griddle with Hood - Ks Products\" \/>\n<meta property=\"og:description\" content=\"The outdoor cooking station that you&#039;ve been dreaming of: the Original 36-in Griddle with Hood. Four independent heat zones allow for maximum control when cooking your meals. This flat top grill features dual folding side shelves that give you extra prep space while cooking and fold for easier storage. You&#039;ll also love the magnetic tool strip and paper towel holder. With this griddle, you&#039;ll have everything within reach to make your outdoor cooking experience a great one.\" \/>\n<meta property=\"og:url\" content=\"https:\/\/ksproducts.ca\/fr\/product\/36-original-series-omnivore-griddle-with-hood\/\" \/>\n<meta property=\"og:site_name\" content=\"Ks Products\" \/>\n<meta property=\"article:modified_time\" content=\"2025-09-17T16:11:04+00:00\" \/>\n<meta property=\"og:image\" content=\"https:\/\/ksproducts.ca\/wp-content\/uploads\/2024\/04\/36-Original-Griddle-Hood\u200b-jpg.webp\" \/>\n\t<meta property=\"og:image:width\" content=\"800\" \/>\n\t<meta property=\"og:image:height\" content=\"800\" \/>\n\t<meta property=\"og:image:type\" content=\"image\/jpeg\" \/>\n<meta name=\"twitter:card\" content=\"summary_large_image\" \/>\n<script type=\"application\/ld+json\" class=\"yoast-schema-graph\">{\"@context\":\"https:\\\/\\\/schema.org\",\"@graph\":[{\"@type\":\"WebPage\",\"@id\":\"https:\\\/\\\/ksproducts.ca\\\/product\\\/36-original-series-omnivore-griddle-with-hood\\\/\",\"url\":\"https:\\\/\\\/ksproducts.ca\\\/product\\\/36-original-series-omnivore-griddle-with-hood\\\/\",\"name\":\"36\\\" Original Series Omnivore Griddle with Hood - Ks Products\",\"isPartOf\":{\"@id\":\"https:\\\/\\\/ksproducts.ca\\\/#website\"},\"primaryImageOfPage\":{\"@id\":\"https:\\\/\\\/ksproducts.ca\\\/product\\\/36-original-series-omnivore-griddle-with-hood\\\/#primaryimage\"},\"image\":{\"@id\":\"https:\\\/\\\/ksproducts.ca\\\/product\\\/36-original-series-omnivore-griddle-with-hood\\\/#primaryimage\"},\"thumbnailUrl\":\"https:\\\/\\\/ksproducts.ca\\\/wp-content\\\/uploads\\\/2024\\\/04\\\/36-Original-Griddle-Hood\u200b-jpg.webp\",\"datePublished\":\"2024-04-15T16:13:40+00:00\",\"dateModified\":\"2025-09-17T16:11:04+00:00\",\"breadcrumb\":{\"@id\":\"https:\\\/\\\/ksproducts.ca\\\/product\\\/36-original-series-omnivore-griddle-with-hood\\\/#breadcrumb\"},\"inLanguage\":\"fr-CA\",\"potentialAction\":[{\"@type\":\"ReadAction\",\"target\":[\"https:\\\/\\\/ksproducts.ca\\\/product\\\/36-original-series-omnivore-griddle-with-hood\\\/\"]}]},{\"@type\":\"ImageObject\",\"inLanguage\":\"fr-CA\",\"@id\":\"https:\\\/\\\/ksproducts.ca\\\/product\\\/36-original-series-omnivore-griddle-with-hood\\\/#primaryimage\",\"url\":\"https:\\\/\\\/ksproducts.ca\\\/wp-content\\\/uploads\\\/2024\\\/04\\\/36-Original-Griddle-Hood\u200b-jpg.webp\",\"contentUrl\":\"https:\\\/\\\/ksproducts.ca\\\/wp-content\\\/uploads\\\/2024\\\/04\\\/36-Original-Griddle-Hood\u200b-jpg.webp\",\"width\":800,\"height\":800,\"caption\":\"36in Original Griddle Hood\u200b\"},{\"@type\":\"BreadcrumbList\",\"@id\":\"https:\\\/\\\/ksproducts.ca\\\/product\\\/36-original-series-omnivore-griddle-with-hood\\\/#breadcrumb\",\"itemListElement\":[{\"@type\":\"ListItem\",\"position\":1,\"name\":\"Home\",\"item\":\"https:\\\/\\\/ksproducts.ca\\\/\"},{\"@type\":\"ListItem\",\"position\":2,\"name\":\"Shop\",\"item\":\"https:\\\/\\\/ksproducts.ca\\\/shop\\\/\"},{\"@type\":\"ListItem\",\"position\":3,\"name\":\"36&#8243; Original Series Omnivore Griddle with Hood\"}]},{\"@type\":\"WebSite\",\"@id\":\"https:\\\/\\\/ksproducts.ca\\\/#website\",\"url\":\"https:\\\/\\\/ksproducts.ca\\\/\",\"name\":\"Ks Products\",\"description\":\"Outdoor cooking and living, made easy in Canada\",\"publisher\":{\"@id\":\"https:\\\/\\\/ksproducts.ca\\\/#organization\"},\"potentialAction\":[{\"@type\":\"SearchAction\",\"target\":{\"@type\":\"EntryPoint\",\"urlTemplate\":\"https:\\\/\\\/ksproducts.ca\\\/?s={search_term_string}\"},\"query-input\":{\"@type\":\"PropertyValueSpecification\",\"valueRequired\":true,\"valueName\":\"search_term_string\"}}],\"inLanguage\":\"fr-CA\"},{\"@type\":\"Organization\",\"@id\":\"https:\\\/\\\/ksproducts.ca\\\/#organization\",\"name\":\"Ks Products\",\"url\":\"https:\\\/\\\/ksproducts.ca\\\/\",\"logo\":{\"@type\":\"ImageObject\",\"inLanguage\":\"fr-CA\",\"@id\":\"https:\\\/\\\/ksproducts.ca\\\/#\\\/schema\\\/logo\\\/image\\\/\",\"url\":\"https:\\\/\\\/ksproducts.ca\\\/wp-content\\\/uploads\\\/2023\\\/09\\\/Kennedy-Sales-Logo-header-1.png\",\"contentUrl\":\"https:\\\/\\\/ksproducts.ca\\\/wp-content\\\/uploads\\\/2023\\\/09\\\/Kennedy-Sales-Logo-header-1.png\",\"width\":150,\"height\":77,\"caption\":\"Ks Products\"},\"image\":{\"@id\":\"https:\\\/\\\/ksproducts.ca\\\/#\\\/schema\\\/logo\\\/image\\\/\"}}]}<\/script>\n<!-- \/ Yoast SEO plugin. -->","yoast_head_json":{"title":"Gril Omnivore 36\" s\u00e9rie originale avec hotte - Ks Products","robots":{"index":"index","follow":"follow","max-snippet":"max-snippet:-1","max-image-preview":"max-image-preview:large","max-video-preview":"max-video-preview:-1"},"canonical":"https:\/\/ksproducts.ca\/fr\/product\/36-original-series-omnivore-griddle-with-hood\/","og_locale":"fr_CA","og_type":"article","og_title":"36\" Original Series Omnivore Griddle with Hood - Ks Products","og_description":"The outdoor cooking station that you've been dreaming of: the Original 36-in Griddle with Hood. Four independent heat zones allow for maximum control when cooking your meals. This flat top grill features dual folding side shelves that give you extra prep space while cooking and fold for easier storage. You'll also love the magnetic tool strip and paper towel holder. With this griddle, you'll have everything within reach to make your outdoor cooking experience a great one.","og_url":"https:\/\/ksproducts.ca\/fr\/product\/36-original-series-omnivore-griddle-with-hood\/","og_site_name":"Ks Products","article_modified_time":"2025-09-17T16:11:04+00:00","og_image":[{"width":800,"height":800,"url":"https:\/\/ksproducts.ca\/wp-content\/uploads\/2024\/04\/36-Original-Griddle-Hood\u200b-jpg.webp","type":"image\/jpeg"}],"twitter_card":"summary_large_image","schema":{"@context":"https:\/\/schema.org","@graph":[{"@type":"WebPage","@id":"https:\/\/ksproducts.ca\/product\/36-original-series-omnivore-griddle-with-hood\/","url":"https:\/\/ksproducts.ca\/product\/36-original-series-omnivore-griddle-with-hood\/","name":"Gril Omnivore 36\" s\u00e9rie originale avec hotte - Ks Products","isPartOf":{"@id":"https:\/\/ksproducts.ca\/#website"},"primaryImageOfPage":{"@id":"https:\/\/ksproducts.ca\/product\/36-original-series-omnivore-griddle-with-hood\/#primaryimage"},"image":{"@id":"https:\/\/ksproducts.ca\/product\/36-original-series-omnivore-griddle-with-hood\/#primaryimage"},"thumbnailUrl":"https:\/\/ksproducts.ca\/wp-content\/uploads\/2024\/04\/36-Original-Griddle-Hood\u200b-jpg.webp","datePublished":"2024-04-15T16:13:40+00:00","dateModified":"2025-09-17T16:11:04+00:00","breadcrumb":{"@id":"https:\/\/ksproducts.ca\/product\/36-original-series-omnivore-griddle-with-hood\/#breadcrumb"},"inLanguage":"fr-CA","potentialAction":[{"@type":"ReadAction","target":["https:\/\/ksproducts.ca\/product\/36-original-series-omnivore-griddle-with-hood\/"]}]},{"@type":"ImageObject","inLanguage":"fr-CA","@id":"https:\/\/ksproducts.ca\/product\/36-original-series-omnivore-griddle-with-hood\/#primaryimage","url":"https:\/\/ksproducts.ca\/wp-content\/uploads\/2024\/04\/36-Original-Griddle-Hood\u200b-jpg.webp","contentUrl":"https:\/\/ksproducts.ca\/wp-content\/uploads\/2024\/04\/36-Original-Griddle-Hood\u200b-jpg.webp","width":800,"height":800,"caption":"36in Original Griddle Hood\u200b"},{"@type":"BreadcrumbList","@id":"https:\/\/ksproducts.ca\/product\/36-original-series-omnivore-griddle-with-hood\/#breadcrumb","itemListElement":[{"@type":"ListItem","position":1,"name":"Home","item":"https:\/\/ksproducts.ca\/"},{"@type":"ListItem","position":2,"name":"Shop","item":"https:\/\/ksproducts.ca\/shop\/"},{"@type":"ListItem","position":3,"name":"36&#8243; Original Series Omnivore Griddle with Hood"}]},{"@type":"WebSite","@id":"https:\/\/ksproducts.ca\/#website","url":"https:\/\/ksproducts.ca\/","name":"Produits Ks","description":"Cuisiner et vivre en plein air, c'est facile au Canada","publisher":{"@id":"https:\/\/ksproducts.ca\/#organization"},"potentialAction":[{"@type":"SearchAction","target":{"@type":"EntryPoint","urlTemplate":"https:\/\/ksproducts.ca\/?s={search_term_string}"},"query-input":{"@type":"PropertyValueSpecification","valueRequired":true,"valueName":"search_term_string"}}],"inLanguage":"fr-CA"},{"@type":"Organization","@id":"https:\/\/ksproducts.ca\/#organization","name":"Produits Ks","url":"https:\/\/ksproducts.ca\/","logo":{"@type":"ImageObject","inLanguage":"fr-CA","@id":"https:\/\/ksproducts.ca\/#\/schema\/logo\/image\/","url":"https:\/\/ksproducts.ca\/wp-content\/uploads\/2023\/09\/Kennedy-Sales-Logo-header-1.png","contentUrl":"https:\/\/ksproducts.ca\/wp-content\/uploads\/2023\/09\/Kennedy-Sales-Logo-header-1.png","width":150,"height":77,"caption":"Ks Products"},"image":{"@id":"https:\/\/ksproducts.ca\/#\/schema\/logo\/image\/"}}]}},"_links":{"self":[{"href":"https:\/\/ksproducts.ca\/fr\/wp-json\/wp\/v2\/product\/7871","targetHints":{"allow":["GET"]}}],"collection":[{"href":"https:\/\/ksproducts.ca\/fr\/wp-json\/wp\/v2\/product"}],"about":[{"href":"https:\/\/ksproducts.ca\/fr\/wp-json\/wp\/v2\/types\/product"}],"replies":[{"embeddable":true,"href":"https:\/\/ksproducts.ca\/fr\/wp-json\/wp\/v2\/comments?post=7871"}],"version-history":[{"count":1,"href":"https:\/\/ksproducts.ca\/fr\/wp-json\/wp\/v2\/product\/7871\/revisions"}],"predecessor-version":[{"id":7884,"href":"https:\/\/ksproducts.ca\/fr\/wp-json\/wp\/v2\/product\/7871\/revisions\/7884"}],"wp:featuredmedia":[{"embeddable":true,"href":"https:\/\/ksproducts.ca\/fr\/wp-json\/wp\/v2\/media\/7883"}],"wp:attachment":[{"href":"https:\/\/ksproducts.ca\/fr\/wp-json\/wp\/v2\/media?parent=7871"}],"wp:term":[{"taxonomy":"product_cat","embeddable":true,"href":"https:\/\/ksproducts.ca\/fr\/wp-json\/wp\/v2\/product_cat?post=7871"},{"taxonomy":"product_tag","embeddable":true,"href":"https:\/\/ksproducts.ca\/fr\/wp-json\/wp\/v2\/product_tag?post=7871"}],"curies":[{"name":"wp","href":"https:\/\/api.w.org\/{rel}","templated":true}]}}