{"id":7872,"date":"2024-04-15T16:13:40","date_gmt":"2024-04-15T16:13:40","guid":{"rendered":"https:\/\/ksproducts.ca\/?post_type=product&#038;p=7872"},"modified":"2026-04-04T16:17:50","modified_gmt":"2026-04-04T16:17:50","slug":"28-omnivore-top-edition-limitee-bundle","status":"publish","type":"product","link":"https:\/\/ksproducts.ca\/fr\/product\/28-omnivore-top-limited-edition-bundle\/","title":{"rendered":"Blackstone 28inch Original Series Omnivore Limited Edition Bundle"},"content":{"rendered":"<ul>\n<li>Plaque de gril 28\u201d Omnivore<\/li>\n<li>2 br\u00fbleurs \u00e0 commande ind\u00e9pendante<\/li>\n<li>Syst\u00e8me brevet\u00e9 de gestion de la graisse \u00e0 l'arri\u00e8re<\/li>\n<li>2 spatules en acier inoxydable rev\u00eatues de nitrate de titane en \u00e9dition limit\u00e9e.<\/li>\n<li>Housse souple en polyester 600 D avec coutures renforc\u00e9es et sangles r\u00e9glables<\/li>\n<\/ul>","protected":false},"excerpt":{"rendered":"<p>Pr\u00e9parez-vous \u00e0 la saison de la cuisine en plein air avec l'ensemble Blackstone 28\u201d Griddle Omnivore Limited-Edition Bundle. Ce mod\u00e8le en \u00e9dition limit\u00e9e est dot\u00e9 de notre plaque de gril Omnivore hautement efficace, de deux br\u00fbleurs \u00e0 commande ind\u00e9pendante et du syst\u00e8me de rails d'accessoires. Cet ensemble comprend deux spatules en acier inoxydable rev\u00eatues de nitrure de titane, qui conf\u00e8rent \u00e0 ces outils de cuisson durables un aspect \u00e9l\u00e9gant et indispensable. L'ensemble est compl\u00e9t\u00e9 par une housse souple durable. Fabriqu\u00e9e en polyester 600 D, cette housse prot\u00e9gera votre plancha des intemp\u00e9ries et la gardera pr\u00eate pour votre prochaine cuisson. Ce kit contient tout ce dont vous avez besoin pour \u00e9pater vos amis et votre famille avec tous leurs plats pr\u00e9f\u00e9r\u00e9s !<\/p>","protected":false},"featured_media":7890,"comment_status":"closed","ping_status":"closed","template":"","meta":[],"product_cat":[405,394],"product_tag":[404],"class_list":{"0":"post-7872","1":"product","2":"type-product","3":"status-publish","4":"has-post-thumbnail","6":"product_brand-blackstone","7":"product_cat-28-inch-griddle","8":"product_cat-griddles-2","9":"product_tag-griddle-week","10":"product_shipping_class-class-4","12":"first","13":"instock","14":"taxable","15":"shipping-taxable","16":"purchasable","17":"product-type-simple"},"yoast_head":"<!-- This site is optimized with the Yoast SEO plugin v27.3 - https:\/\/yoast.com\/product\/yoast-seo-wordpress\/ -->\n<title>Blackstone 28inch Original Series Omnivore Limited Edition Bundle - Ks Products<\/title>\n<meta name=\"robots\" content=\"index, follow, max-snippet:-1, max-image-preview:large, max-video-preview:-1\" \/>\n<link rel=\"canonical\" href=\"https:\/\/ksproducts.ca\/fr\/product\/28-omnivore-top-edition-limitee-bundle\/\" \/>\n<meta property=\"og:locale\" content=\"fr_CA\" \/>\n<meta property=\"og:type\" content=\"article\" \/>\n<meta property=\"og:title\" content=\"Blackstone 28inch Original Series Omnivore Limited Edition Bundle - Ks Products\" \/>\n<meta property=\"og:description\" content=\"Prepare for the outdoor cooking season with Blackstone\u2019s 28\u201d Griddle Omnivore Limited-Edition Bundle. This limited-edition design features our highly efficient Omnivore griddle plate, two independently controlled burners, and the accessory rail system. This bundle includes two Titanium-nitride coated stainless steel spatulas, giving these durable cooking tools a sleek, must-have look. The bundle is complete with a durable soft cover. Made of 600 D polyester, this cover will protect your griddle from the elements and keep it ready for your next cook. This kit has everything you\u2019ll need to wow friends and family with all of their favorite dishes!\" \/>\n<meta property=\"og:url\" content=\"https:\/\/ksproducts.ca\/fr\/product\/28-omnivore-top-edition-limitee-bundle\/\" \/>\n<meta property=\"og:site_name\" content=\"Ks Products\" \/>\n<meta property=\"article:modified_time\" content=\"2026-04-04T16:17:50+00:00\" \/>\n<meta property=\"og:image\" content=\"https:\/\/ksproducts.ca\/wp-content\/uploads\/2024\/04\/2351_28GriddleNGW_WSQ_01_Main-jpg.webp\" \/>\n\t<meta property=\"og:image:width\" content=\"800\" \/>\n\t<meta property=\"og:image:height\" content=\"800\" \/>\n\t<meta property=\"og:image:type\" content=\"image\/jpeg\" \/>\n<meta name=\"twitter:card\" content=\"summary_large_image\" \/>\n<meta name=\"twitter:label1\" content=\"Estimation du temps de lecture\" \/>\n\t<meta name=\"twitter:data1\" content=\"1 minute\" \/>\n<script type=\"application\/ld+json\" class=\"yoast-schema-graph\">{\"@context\":\"https:\\\/\\\/schema.org\",\"@graph\":[{\"@type\":\"WebPage\",\"@id\":\"https:\\\/\\\/ksproducts.ca\\\/product\\\/28-omnivore-top-limited-edition-bundle\\\/\",\"url\":\"https:\\\/\\\/ksproducts.ca\\\/product\\\/28-omnivore-top-limited-edition-bundle\\\/\",\"name\":\"Blackstone 28inch Original Series Omnivore Limited Edition Bundle - Ks Products\",\"isPartOf\":{\"@id\":\"https:\\\/\\\/ksproducts.ca\\\/#website\"},\"primaryImageOfPage\":{\"@id\":\"https:\\\/\\\/ksproducts.ca\\\/product\\\/28-omnivore-top-limited-edition-bundle\\\/#primaryimage\"},\"image\":{\"@id\":\"https:\\\/\\\/ksproducts.ca\\\/product\\\/28-omnivore-top-limited-edition-bundle\\\/#primaryimage\"},\"thumbnailUrl\":\"https:\\\/\\\/ksproducts.ca\\\/wp-content\\\/uploads\\\/2024\\\/04\\\/2351_28GriddleNGW_WSQ_01_Main-jpg.webp\",\"datePublished\":\"2024-04-15T16:13:40+00:00\",\"dateModified\":\"2026-04-04T16:17:50+00:00\",\"breadcrumb\":{\"@id\":\"https:\\\/\\\/ksproducts.ca\\\/product\\\/28-omnivore-top-limited-edition-bundle\\\/#breadcrumb\"},\"inLanguage\":\"fr-CA\",\"potentialAction\":[{\"@type\":\"ReadAction\",\"target\":[\"https:\\\/\\\/ksproducts.ca\\\/product\\\/28-omnivore-top-limited-edition-bundle\\\/\"]}]},{\"@type\":\"ImageObject\",\"inLanguage\":\"fr-CA\",\"@id\":\"https:\\\/\\\/ksproducts.ca\\\/product\\\/28-omnivore-top-limited-edition-bundle\\\/#primaryimage\",\"url\":\"https:\\\/\\\/ksproducts.ca\\\/wp-content\\\/uploads\\\/2024\\\/04\\\/2351_28GriddleNGW_WSQ_01_Main-jpg.webp\",\"contentUrl\":\"https:\\\/\\\/ksproducts.ca\\\/wp-content\\\/uploads\\\/2024\\\/04\\\/2351_28GriddleNGW_WSQ_01_Main-jpg.webp\",\"width\":800,\"height\":800,\"caption\":\"Blackstone 28inch Original Series Omnivore Limited Edition Bundle with cover and spatula\"},{\"@type\":\"BreadcrumbList\",\"@id\":\"https:\\\/\\\/ksproducts.ca\\\/product\\\/28-omnivore-top-limited-edition-bundle\\\/#breadcrumb\",\"itemListElement\":[{\"@type\":\"ListItem\",\"position\":1,\"name\":\"Home\",\"item\":\"https:\\\/\\\/ksproducts.ca\\\/\"},{\"@type\":\"ListItem\",\"position\":2,\"name\":\"Shop\",\"item\":\"https:\\\/\\\/ksproducts.ca\\\/shop\\\/\"},{\"@type\":\"ListItem\",\"position\":3,\"name\":\"Blackstone 28inch Original Series Omnivore Limited Edition Bundle\"}]},{\"@type\":\"WebSite\",\"@id\":\"https:\\\/\\\/ksproducts.ca\\\/#website\",\"url\":\"https:\\\/\\\/ksproducts.ca\\\/\",\"name\":\"Ks Products\",\"description\":\"Outdoor cooking and living, made easy in Canada\",\"publisher\":{\"@id\":\"https:\\\/\\\/ksproducts.ca\\\/#organization\"},\"potentialAction\":[{\"@type\":\"SearchAction\",\"target\":{\"@type\":\"EntryPoint\",\"urlTemplate\":\"https:\\\/\\\/ksproducts.ca\\\/?s={search_term_string}\"},\"query-input\":{\"@type\":\"PropertyValueSpecification\",\"valueRequired\":true,\"valueName\":\"search_term_string\"}}],\"inLanguage\":\"fr-CA\"},{\"@type\":\"Organization\",\"@id\":\"https:\\\/\\\/ksproducts.ca\\\/#organization\",\"name\":\"Ks Products\",\"url\":\"https:\\\/\\\/ksproducts.ca\\\/\",\"logo\":{\"@type\":\"ImageObject\",\"inLanguage\":\"fr-CA\",\"@id\":\"https:\\\/\\\/ksproducts.ca\\\/#\\\/schema\\\/logo\\\/image\\\/\",\"url\":\"https:\\\/\\\/ksproducts.ca\\\/wp-content\\\/uploads\\\/2023\\\/09\\\/Kennedy-Sales-Logo-header-1.png\",\"contentUrl\":\"https:\\\/\\\/ksproducts.ca\\\/wp-content\\\/uploads\\\/2023\\\/09\\\/Kennedy-Sales-Logo-header-1.png\",\"width\":150,\"height\":77,\"caption\":\"Ks Products\"},\"image\":{\"@id\":\"https:\\\/\\\/ksproducts.ca\\\/#\\\/schema\\\/logo\\\/image\\\/\"}}]}<\/script>\n<!-- \/ Yoast SEO plugin. -->","yoast_head_json":{"title":"Blackstone 28inch Original Series Omnivore Limited Edition Bundle - Ks Products","robots":{"index":"index","follow":"follow","max-snippet":"max-snippet:-1","max-image-preview":"max-image-preview:large","max-video-preview":"max-video-preview:-1"},"canonical":"https:\/\/ksproducts.ca\/fr\/product\/28-omnivore-top-edition-limitee-bundle\/","og_locale":"fr_CA","og_type":"article","og_title":"Blackstone 28inch Original Series Omnivore Limited Edition Bundle - Ks Products","og_description":"Prepare for the outdoor cooking season with Blackstone\u2019s 28\u201d Griddle Omnivore Limited-Edition Bundle. This limited-edition design features our highly efficient Omnivore griddle plate, two independently controlled burners, and the accessory rail system. This bundle includes two Titanium-nitride coated stainless steel spatulas, giving these durable cooking tools a sleek, must-have look. The bundle is complete with a durable soft cover. Made of 600 D polyester, this cover will protect your griddle from the elements and keep it ready for your next cook. This kit has everything you\u2019ll need to wow friends and family with all of their favorite dishes!","og_url":"https:\/\/ksproducts.ca\/fr\/product\/28-omnivore-top-edition-limitee-bundle\/","og_site_name":"Ks Products","article_modified_time":"2026-04-04T16:17:50+00:00","og_image":[{"width":800,"height":800,"url":"https:\/\/ksproducts.ca\/wp-content\/uploads\/2024\/04\/2351_28GriddleNGW_WSQ_01_Main-jpg.webp","type":"image\/jpeg"}],"twitter_card":"summary_large_image","twitter_misc":{"Estimation du temps de lecture":"1 minute"},"schema":{"@context":"https:\/\/schema.org","@graph":[{"@type":"WebPage","@id":"https:\/\/ksproducts.ca\/product\/28-omnivore-top-limited-edition-bundle\/","url":"https:\/\/ksproducts.ca\/product\/28-omnivore-top-limited-edition-bundle\/","name":"Blackstone 28inch Original Series Omnivore Limited Edition Bundle - Ks Products","isPartOf":{"@id":"https:\/\/ksproducts.ca\/#website"},"primaryImageOfPage":{"@id":"https:\/\/ksproducts.ca\/product\/28-omnivore-top-limited-edition-bundle\/#primaryimage"},"image":{"@id":"https:\/\/ksproducts.ca\/product\/28-omnivore-top-limited-edition-bundle\/#primaryimage"},"thumbnailUrl":"https:\/\/ksproducts.ca\/wp-content\/uploads\/2024\/04\/2351_28GriddleNGW_WSQ_01_Main-jpg.webp","datePublished":"2024-04-15T16:13:40+00:00","dateModified":"2026-04-04T16:17:50+00:00","breadcrumb":{"@id":"https:\/\/ksproducts.ca\/product\/28-omnivore-top-limited-edition-bundle\/#breadcrumb"},"inLanguage":"fr-CA","potentialAction":[{"@type":"ReadAction","target":["https:\/\/ksproducts.ca\/product\/28-omnivore-top-limited-edition-bundle\/"]}]},{"@type":"ImageObject","inLanguage":"fr-CA","@id":"https:\/\/ksproducts.ca\/product\/28-omnivore-top-limited-edition-bundle\/#primaryimage","url":"https:\/\/ksproducts.ca\/wp-content\/uploads\/2024\/04\/2351_28GriddleNGW_WSQ_01_Main-jpg.webp","contentUrl":"https:\/\/ksproducts.ca\/wp-content\/uploads\/2024\/04\/2351_28GriddleNGW_WSQ_01_Main-jpg.webp","width":800,"height":800,"caption":"Blackstone 28inch Original Series Omnivore Limited Edition Bundle with cover and spatula"},{"@type":"BreadcrumbList","@id":"https:\/\/ksproducts.ca\/product\/28-omnivore-top-limited-edition-bundle\/#breadcrumb","itemListElement":[{"@type":"ListItem","position":1,"name":"Home","item":"https:\/\/ksproducts.ca\/"},{"@type":"ListItem","position":2,"name":"Shop","item":"https:\/\/ksproducts.ca\/shop\/"},{"@type":"ListItem","position":3,"name":"Blackstone 28inch Original Series Omnivore Limited Edition Bundle"}]},{"@type":"WebSite","@id":"https:\/\/ksproducts.ca\/#website","url":"https:\/\/ksproducts.ca\/","name":"Produits Ks","description":"Cuisiner et vivre en plein air, c'est facile au Canada","publisher":{"@id":"https:\/\/ksproducts.ca\/#organization"},"potentialAction":[{"@type":"SearchAction","target":{"@type":"EntryPoint","urlTemplate":"https:\/\/ksproducts.ca\/?s={search_term_string}"},"query-input":{"@type":"PropertyValueSpecification","valueRequired":true,"valueName":"search_term_string"}}],"inLanguage":"fr-CA"},{"@type":"Organization","@id":"https:\/\/ksproducts.ca\/#organization","name":"Produits Ks","url":"https:\/\/ksproducts.ca\/","logo":{"@type":"ImageObject","inLanguage":"fr-CA","@id":"https:\/\/ksproducts.ca\/#\/schema\/logo\/image\/","url":"https:\/\/ksproducts.ca\/wp-content\/uploads\/2023\/09\/Kennedy-Sales-Logo-header-1.png","contentUrl":"https:\/\/ksproducts.ca\/wp-content\/uploads\/2023\/09\/Kennedy-Sales-Logo-header-1.png","width":150,"height":77,"caption":"Ks Products"},"image":{"@id":"https:\/\/ksproducts.ca\/#\/schema\/logo\/image\/"}}]}},"_links":{"self":[{"href":"https:\/\/ksproducts.ca\/fr\/wp-json\/wp\/v2\/product\/7872","targetHints":{"allow":["GET"]}}],"collection":[{"href":"https:\/\/ksproducts.ca\/fr\/wp-json\/wp\/v2\/product"}],"about":[{"href":"https:\/\/ksproducts.ca\/fr\/wp-json\/wp\/v2\/types\/product"}],"replies":[{"embeddable":true,"href":"https:\/\/ksproducts.ca\/fr\/wp-json\/wp\/v2\/comments?post=7872"}],"version-history":[{"count":4,"href":"https:\/\/ksproducts.ca\/fr\/wp-json\/wp\/v2\/product\/7872\/revisions"}],"predecessor-version":[{"id":10565,"href":"https:\/\/ksproducts.ca\/fr\/wp-json\/wp\/v2\/product\/7872\/revisions\/10565"}],"wp:featuredmedia":[{"embeddable":true,"href":"https:\/\/ksproducts.ca\/fr\/wp-json\/wp\/v2\/media\/7890"}],"wp:attachment":[{"href":"https:\/\/ksproducts.ca\/fr\/wp-json\/wp\/v2\/media?parent=7872"}],"wp:term":[{"taxonomy":"product_cat","embeddable":true,"href":"https:\/\/ksproducts.ca\/fr\/wp-json\/wp\/v2\/product_cat?post=7872"},{"taxonomy":"product_tag","embeddable":true,"href":"https:\/\/ksproducts.ca\/fr\/wp-json\/wp\/v2\/product_tag?post=7872"}],"curies":[{"name":"wp","href":"https:\/\/api.w.org\/{rel}","templated":true}]}}