{"id":7873,"date":"2024-04-15T16:13:40","date_gmt":"2024-04-15T16:13:40","guid":{"rendered":"https:\/\/ksproducts.ca\/?post_type=product&#038;p=7873"},"modified":"2026-01-30T16:54:13","modified_gmt":"2026-01-30T16:54:13","slug":"iron-forged-28in-griddle-cooking-station-w-hood-and-omnivore-top","status":"publish","type":"product","link":"https:\/\/ksproducts.ca\/fr\/product\/iron-forged-28in-griddle-cooking-station-w-hood-and-omnivore-top\/","title":{"rendered":"Blackstone 28inch Iron Forged Griddle Cooking Station with Hood (Grille de cuisson en fer forg\u00e9 de 28 pouces avec hotte)"},"content":{"rendered":"<ul>\n<li>Plaque de gril 28\u201d Omnivore<\/li>\n<li>2 br\u00fbleurs \u00e0 commande ind\u00e9pendante<\/li>\n<li>Tablettes lat\u00e9rales rabattables<\/li>\n<li>Syst\u00e8me d'\u00e9tag\u00e8res lat\u00e9rales avec bac de rangement<\/li>\n<li>Crochets \u00e0 outils int\u00e9gr\u00e9s<\/li>\n<\/ul>","protected":false},"excerpt":{"rendered":"<p>Ravivez votre passion pour la cuisine en plein air et lib\u00e9rez votre potentiel culinaire avec la station de cuisson Blackstone Iron Forged 28\u201d Griddle avec hotte. La nouvelle conception robuste assure la durabilit\u00e9 et l'efficacit\u00e9 in\u00e9gal\u00e9e des deux br\u00fbleurs \u00e0 commande ind\u00e9pendante qui chauffent la plaque de gril Omnivore de 28\u201d. Profitez de la polyvalence de cette plaque pour pr\u00e9parer des petits d\u00e9jeuners copieux ou des saut\u00e9s savoureux.<\/p>","protected":false},"featured_media":7900,"comment_status":"closed","ping_status":"closed","template":"","meta":[],"product_cat":[405,394,428],"product_tag":[],"class_list":{"0":"post-7873","1":"product","2":"type-product","3":"status-publish","4":"has-post-thumbnail","6":"product_brand-blackstone","7":"product_cat-28-inch-griddle","8":"product_cat-griddles-2","9":"product_cat-outdoor-cooking","10":"product_shipping_class-class-4","12":"first","13":"instock","14":"taxable","15":"shipping-taxable","16":"purchasable","17":"product-type-simple"},"yoast_head":"<!-- This site is optimized with the Yoast SEO plugin v27.3 - https:\/\/yoast.com\/product\/yoast-seo-wordpress\/ -->\n<title>Blackstone 28inch Iron Forged Griddle Cooking Station with Hood - Ks Products<\/title>\n<meta name=\"robots\" content=\"index, follow, max-snippet:-1, max-image-preview:large, max-video-preview:-1\" \/>\n<link rel=\"canonical\" href=\"https:\/\/ksproducts.ca\/fr\/product\/iron-forged-28in-griddle-cooking-station-w-hood-and-omnivore-top\/\" \/>\n<meta property=\"og:locale\" content=\"fr_CA\" \/>\n<meta property=\"og:type\" content=\"article\" \/>\n<meta property=\"og:title\" content=\"Blackstone 28inch Iron Forged Griddle Cooking Station with Hood - Ks Products\" \/>\n<meta property=\"og:description\" content=\"Reignite your passion for outdoor cooking and unleash your culinary potential with the Blackstone Iron Forged 28\u201d Griddle Cooking Station with Hood. The new rugged design ensures durability and unmatched efficiency as two independently controlled burners heat the 28\u201d Omnivore griddle plate. Take advantage of the versatility this flat top provides by making anything from hearty breakfasts to savory stir-fries.\" \/>\n<meta property=\"og:url\" content=\"https:\/\/ksproducts.ca\/fr\/product\/iron-forged-28in-griddle-cooking-station-w-hood-and-omnivore-top\/\" \/>\n<meta property=\"og:site_name\" content=\"Ks Products\" \/>\n<meta property=\"article:modified_time\" content=\"2026-01-30T16:54:13+00:00\" \/>\n<meta property=\"og:image\" content=\"https:\/\/ksproducts.ca\/wp-content\/uploads\/2024\/04\/2311_28IronForgedwHood_01-jpg.webp\" \/>\n\t<meta property=\"og:image:width\" content=\"800\" \/>\n\t<meta property=\"og:image:height\" content=\"800\" \/>\n\t<meta property=\"og:image:type\" content=\"image\/jpeg\" \/>\n<meta name=\"twitter:card\" content=\"summary_large_image\" \/>\n<meta name=\"twitter:label1\" content=\"Estimation du temps de lecture\" \/>\n\t<meta name=\"twitter:data1\" content=\"1 minute\" \/>\n<script type=\"application\/ld+json\" class=\"yoast-schema-graph\">{\"@context\":\"https:\\\/\\\/schema.org\",\"@graph\":[{\"@type\":\"WebPage\",\"@id\":\"https:\\\/\\\/ksproducts.ca\\\/product\\\/iron-forged-28in-griddle-cooking-station-w-hood-and-omnivore-top\\\/\",\"url\":\"https:\\\/\\\/ksproducts.ca\\\/product\\\/iron-forged-28in-griddle-cooking-station-w-hood-and-omnivore-top\\\/\",\"name\":\"Blackstone 28inch Iron Forged Griddle Cooking Station with Hood - Ks Products\",\"isPartOf\":{\"@id\":\"https:\\\/\\\/ksproducts.ca\\\/#website\"},\"primaryImageOfPage\":{\"@id\":\"https:\\\/\\\/ksproducts.ca\\\/product\\\/iron-forged-28in-griddle-cooking-station-w-hood-and-omnivore-top\\\/#primaryimage\"},\"image\":{\"@id\":\"https:\\\/\\\/ksproducts.ca\\\/product\\\/iron-forged-28in-griddle-cooking-station-w-hood-and-omnivore-top\\\/#primaryimage\"},\"thumbnailUrl\":\"https:\\\/\\\/ksproducts.ca\\\/wp-content\\\/uploads\\\/2024\\\/04\\\/2311_28IronForgedwHood_01-jpg.webp\",\"datePublished\":\"2024-04-15T16:13:40+00:00\",\"dateModified\":\"2026-01-30T16:54:13+00:00\",\"breadcrumb\":{\"@id\":\"https:\\\/\\\/ksproducts.ca\\\/product\\\/iron-forged-28in-griddle-cooking-station-w-hood-and-omnivore-top\\\/#breadcrumb\"},\"inLanguage\":\"fr-CA\",\"potentialAction\":[{\"@type\":\"ReadAction\",\"target\":[\"https:\\\/\\\/ksproducts.ca\\\/product\\\/iron-forged-28in-griddle-cooking-station-w-hood-and-omnivore-top\\\/\"]}]},{\"@type\":\"ImageObject\",\"inLanguage\":\"fr-CA\",\"@id\":\"https:\\\/\\\/ksproducts.ca\\\/product\\\/iron-forged-28in-griddle-cooking-station-w-hood-and-omnivore-top\\\/#primaryimage\",\"url\":\"https:\\\/\\\/ksproducts.ca\\\/wp-content\\\/uploads\\\/2024\\\/04\\\/2311_28IronForgedwHood_01-jpg.webp\",\"contentUrl\":\"https:\\\/\\\/ksproducts.ca\\\/wp-content\\\/uploads\\\/2024\\\/04\\\/2311_28IronForgedwHood_01-jpg.webp\",\"width\":800,\"height\":800,\"caption\":\"2311 28IronForgedwHood 01 jpg\"},{\"@type\":\"BreadcrumbList\",\"@id\":\"https:\\\/\\\/ksproducts.ca\\\/product\\\/iron-forged-28in-griddle-cooking-station-w-hood-and-omnivore-top\\\/#breadcrumb\",\"itemListElement\":[{\"@type\":\"ListItem\",\"position\":1,\"name\":\"Home\",\"item\":\"https:\\\/\\\/ksproducts.ca\\\/\"},{\"@type\":\"ListItem\",\"position\":2,\"name\":\"Shop\",\"item\":\"https:\\\/\\\/ksproducts.ca\\\/shop\\\/\"},{\"@type\":\"ListItem\",\"position\":3,\"name\":\"Blackstone 28inch Iron Forged Griddle Cooking Station with Hood\"}]},{\"@type\":\"WebSite\",\"@id\":\"https:\\\/\\\/ksproducts.ca\\\/#website\",\"url\":\"https:\\\/\\\/ksproducts.ca\\\/\",\"name\":\"Ks Products\",\"description\":\"Outdoor cooking and living, made easy in Canada\",\"publisher\":{\"@id\":\"https:\\\/\\\/ksproducts.ca\\\/#organization\"},\"potentialAction\":[{\"@type\":\"SearchAction\",\"target\":{\"@type\":\"EntryPoint\",\"urlTemplate\":\"https:\\\/\\\/ksproducts.ca\\\/?s={search_term_string}\"},\"query-input\":{\"@type\":\"PropertyValueSpecification\",\"valueRequired\":true,\"valueName\":\"search_term_string\"}}],\"inLanguage\":\"fr-CA\"},{\"@type\":\"Organization\",\"@id\":\"https:\\\/\\\/ksproducts.ca\\\/#organization\",\"name\":\"Ks Products\",\"url\":\"https:\\\/\\\/ksproducts.ca\\\/\",\"logo\":{\"@type\":\"ImageObject\",\"inLanguage\":\"fr-CA\",\"@id\":\"https:\\\/\\\/ksproducts.ca\\\/#\\\/schema\\\/logo\\\/image\\\/\",\"url\":\"https:\\\/\\\/ksproducts.ca\\\/wp-content\\\/uploads\\\/2023\\\/09\\\/Kennedy-Sales-Logo-header-1.png\",\"contentUrl\":\"https:\\\/\\\/ksproducts.ca\\\/wp-content\\\/uploads\\\/2023\\\/09\\\/Kennedy-Sales-Logo-header-1.png\",\"width\":150,\"height\":77,\"caption\":\"Ks Products\"},\"image\":{\"@id\":\"https:\\\/\\\/ksproducts.ca\\\/#\\\/schema\\\/logo\\\/image\\\/\"}}]}<\/script>\n<!-- \/ Yoast SEO plugin. -->","yoast_head_json":{"title":"Blackstone 28inch Iron Forged Griddle Cooking Station with Hood - Ks Products","robots":{"index":"index","follow":"follow","max-snippet":"max-snippet:-1","max-image-preview":"max-image-preview:large","max-video-preview":"max-video-preview:-1"},"canonical":"https:\/\/ksproducts.ca\/fr\/product\/iron-forged-28in-griddle-cooking-station-w-hood-and-omnivore-top\/","og_locale":"fr_CA","og_type":"article","og_title":"Blackstone 28inch Iron Forged Griddle Cooking Station with Hood - Ks Products","og_description":"Reignite your passion for outdoor cooking and unleash your culinary potential with the Blackstone Iron Forged 28\u201d Griddle Cooking Station with Hood. The new rugged design ensures durability and unmatched efficiency as two independently controlled burners heat the 28\u201d Omnivore griddle plate. Take advantage of the versatility this flat top provides by making anything from hearty breakfasts to savory stir-fries.","og_url":"https:\/\/ksproducts.ca\/fr\/product\/iron-forged-28in-griddle-cooking-station-w-hood-and-omnivore-top\/","og_site_name":"Ks Products","article_modified_time":"2026-01-30T16:54:13+00:00","og_image":[{"width":800,"height":800,"url":"https:\/\/ksproducts.ca\/wp-content\/uploads\/2024\/04\/2311_28IronForgedwHood_01-jpg.webp","type":"image\/jpeg"}],"twitter_card":"summary_large_image","twitter_misc":{"Estimation du temps de lecture":"1 minute"},"schema":{"@context":"https:\/\/schema.org","@graph":[{"@type":"WebPage","@id":"https:\/\/ksproducts.ca\/product\/iron-forged-28in-griddle-cooking-station-w-hood-and-omnivore-top\/","url":"https:\/\/ksproducts.ca\/product\/iron-forged-28in-griddle-cooking-station-w-hood-and-omnivore-top\/","name":"Blackstone 28inch Iron Forged Griddle Cooking Station with Hood - Ks Products","isPartOf":{"@id":"https:\/\/ksproducts.ca\/#website"},"primaryImageOfPage":{"@id":"https:\/\/ksproducts.ca\/product\/iron-forged-28in-griddle-cooking-station-w-hood-and-omnivore-top\/#primaryimage"},"image":{"@id":"https:\/\/ksproducts.ca\/product\/iron-forged-28in-griddle-cooking-station-w-hood-and-omnivore-top\/#primaryimage"},"thumbnailUrl":"https:\/\/ksproducts.ca\/wp-content\/uploads\/2024\/04\/2311_28IronForgedwHood_01-jpg.webp","datePublished":"2024-04-15T16:13:40+00:00","dateModified":"2026-01-30T16:54:13+00:00","breadcrumb":{"@id":"https:\/\/ksproducts.ca\/product\/iron-forged-28in-griddle-cooking-station-w-hood-and-omnivore-top\/#breadcrumb"},"inLanguage":"fr-CA","potentialAction":[{"@type":"ReadAction","target":["https:\/\/ksproducts.ca\/product\/iron-forged-28in-griddle-cooking-station-w-hood-and-omnivore-top\/"]}]},{"@type":"ImageObject","inLanguage":"fr-CA","@id":"https:\/\/ksproducts.ca\/product\/iron-forged-28in-griddle-cooking-station-w-hood-and-omnivore-top\/#primaryimage","url":"https:\/\/ksproducts.ca\/wp-content\/uploads\/2024\/04\/2311_28IronForgedwHood_01-jpg.webp","contentUrl":"https:\/\/ksproducts.ca\/wp-content\/uploads\/2024\/04\/2311_28IronForgedwHood_01-jpg.webp","width":800,"height":800,"caption":"2311 28IronForgedwHood 01 jpg"},{"@type":"BreadcrumbList","@id":"https:\/\/ksproducts.ca\/product\/iron-forged-28in-griddle-cooking-station-w-hood-and-omnivore-top\/#breadcrumb","itemListElement":[{"@type":"ListItem","position":1,"name":"Home","item":"https:\/\/ksproducts.ca\/"},{"@type":"ListItem","position":2,"name":"Shop","item":"https:\/\/ksproducts.ca\/shop\/"},{"@type":"ListItem","position":3,"name":"Blackstone 28inch Iron Forged Griddle Cooking Station with Hood"}]},{"@type":"WebSite","@id":"https:\/\/ksproducts.ca\/#website","url":"https:\/\/ksproducts.ca\/","name":"Produits Ks","description":"Cuisiner et vivre en plein air, c'est facile au Canada","publisher":{"@id":"https:\/\/ksproducts.ca\/#organization"},"potentialAction":[{"@type":"SearchAction","target":{"@type":"EntryPoint","urlTemplate":"https:\/\/ksproducts.ca\/?s={search_term_string}"},"query-input":{"@type":"PropertyValueSpecification","valueRequired":true,"valueName":"search_term_string"}}],"inLanguage":"fr-CA"},{"@type":"Organization","@id":"https:\/\/ksproducts.ca\/#organization","name":"Produits Ks","url":"https:\/\/ksproducts.ca\/","logo":{"@type":"ImageObject","inLanguage":"fr-CA","@id":"https:\/\/ksproducts.ca\/#\/schema\/logo\/image\/","url":"https:\/\/ksproducts.ca\/wp-content\/uploads\/2023\/09\/Kennedy-Sales-Logo-header-1.png","contentUrl":"https:\/\/ksproducts.ca\/wp-content\/uploads\/2023\/09\/Kennedy-Sales-Logo-header-1.png","width":150,"height":77,"caption":"Ks Products"},"image":{"@id":"https:\/\/ksproducts.ca\/#\/schema\/logo\/image\/"}}]}},"_links":{"self":[{"href":"https:\/\/ksproducts.ca\/fr\/wp-json\/wp\/v2\/product\/7873","targetHints":{"allow":["GET"]}}],"collection":[{"href":"https:\/\/ksproducts.ca\/fr\/wp-json\/wp\/v2\/product"}],"about":[{"href":"https:\/\/ksproducts.ca\/fr\/wp-json\/wp\/v2\/types\/product"}],"replies":[{"embeddable":true,"href":"https:\/\/ksproducts.ca\/fr\/wp-json\/wp\/v2\/comments?post=7873"}],"version-history":[{"count":3,"href":"https:\/\/ksproducts.ca\/fr\/wp-json\/wp\/v2\/product\/7873\/revisions"}],"predecessor-version":[{"id":10567,"href":"https:\/\/ksproducts.ca\/fr\/wp-json\/wp\/v2\/product\/7873\/revisions\/10567"}],"wp:featuredmedia":[{"embeddable":true,"href":"https:\/\/ksproducts.ca\/fr\/wp-json\/wp\/v2\/media\/7900"}],"wp:attachment":[{"href":"https:\/\/ksproducts.ca\/fr\/wp-json\/wp\/v2\/media?parent=7873"}],"wp:term":[{"taxonomy":"product_cat","embeddable":true,"href":"https:\/\/ksproducts.ca\/fr\/wp-json\/wp\/v2\/product_cat?post=7873"},{"taxonomy":"product_tag","embeddable":true,"href":"https:\/\/ksproducts.ca\/fr\/wp-json\/wp\/v2\/product_tag?post=7873"}],"curies":[{"name":"wp","href":"https:\/\/api.w.org\/{rel}","templated":true}]}}