{"id":7905,"date":"2024-04-15T16:14:16","date_gmt":"2024-04-15T16:14:16","guid":{"rendered":"https:\/\/ksproducts.ca\/?post_type=product&#038;p=7905"},"modified":"2026-04-12T10:33:10","modified_gmt":"2026-04-12T10:33:10","slug":"iron-forged-36in-griddle-cooking-station-w-hood-and-omnivore-top","status":"publish","type":"product","link":"https:\/\/ksproducts.ca\/fr\/product\/iron-forged-36in-griddle-cooking-station-w-hood-and-omnivore-top\/","title":{"rendered":"Blackstone 36inch Iron Forged Series Griddle with Hood and Side Shelf Rail System (gril de 36 pouces en fer forg\u00e9 avec hotte et syst\u00e8me d'\u00e9tag\u00e8res lat\u00e9rales)"},"content":{"rendered":"<ul>\n<li>Plaque de gril 36\u201d Omnivore<\/li>\n<li>4 br\u00fbleurs \u00e0 commande ind\u00e9pendante<\/li>\n<li>Tablette lat\u00e9rale extensible, porte-serviettes en papier et porte-sac \u00e0 ordures<\/li>\n<li>Crochets \u00e0 outils int\u00e9gr\u00e9s<\/li>\n<li>Syst\u00e8me d'\u00e9tag\u00e8res lat\u00e9rales et bac de rangement sur les rails<\/li>\n<li>4 roues pivotantes<\/li>\n<\/ul>\n<div class=\"row\" data-test-property=\"Bullet 1\">\n<div class=\"medium-8 columns\">\n<div class=\"product-property-value\"><\/div>\n<\/div>\n<\/div>\n<div class=\"row\" data-test-property=\"Bullet 6\">\n<div class=\"medium-8 columns\"><\/div>\n<\/div>","protected":false},"excerpt":{"rendered":"<p>Repoussez les limites du possible avec la plaque de cuisson Blackstone Iron Forged 36\u201d avec hotte. La plaque de gril redessin\u00e9e de 36 po est \u00e9l\u00e9gante, mais offre une performance puissante. Dot\u00e9e de la nouvelle technologie de plaque de gril Omnivore, elle vous permettra de pr\u00e9parer des repas comme jamais auparavant. Gr\u00e2ce \u00e0 la tablette lat\u00e9rale extensible et \u00e0 la personnalisation du nouveau syst\u00e8me de rails de la tablette lat\u00e9rale, vous avez la possibilit\u00e9 d'exp\u00e9rimenter, d'innover et de construire votre station de cuisson parfaite. Pr\u00e9parez la perfection pour le petit-d\u00e9jeuner, le d\u00e9jeuner et le d\u00eener avec cette puissante plaque de cuisson.<\/p>","protected":false},"featured_media":7909,"comment_status":"closed","ping_status":"closed","template":"","meta":[],"product_cat":[402,394],"product_tag":[],"class_list":{"0":"post-7905","1":"product","2":"type-product","3":"status-publish","4":"has-post-thumbnail","6":"product_brand-blackstone","7":"product_cat-36-inch-griddle","8":"product_cat-griddles-2","9":"product_shipping_class-class-5","11":"first","12":"outofstock","13":"taxable","14":"shipping-taxable","15":"purchasable","16":"product-type-simple"},"yoast_head":"<!-- This site is optimized with the Yoast SEO plugin v27.3 - https:\/\/yoast.com\/product\/yoast-seo-wordpress\/ -->\n<title>Blackstone 36inch Iron Forged Series Griddle with Hood and Side Shelf Rail System - Ks Products<\/title>\n<meta name=\"robots\" content=\"index, follow, max-snippet:-1, max-image-preview:large, max-video-preview:-1\" \/>\n<link rel=\"canonical\" href=\"https:\/\/ksproducts.ca\/fr\/product\/iron-forged-36in-griddle-cooking-station-w-hood-and-omnivore-top\/\" \/>\n<meta property=\"og:locale\" content=\"fr_CA\" \/>\n<meta property=\"og:type\" content=\"article\" \/>\n<meta property=\"og:title\" content=\"Blackstone 36inch Iron Forged Series Griddle with Hood and Side Shelf Rail System - Ks Products\" \/>\n<meta property=\"og:description\" content=\"Push the boundaries of what&#039;s possible with the Blackstone Iron Forged 36\u201d Griddle with Hood. The redesigned 36\u201d Griddle looks sleek yet provides a powerful performance. Infused with new Omnivore Griddle Plate Technology, you\u2019ll be whipping up meals like never before. With the extendable side shelf and the customization of the new side shelf rail system, there\u2019s room to experiment, innovate, and construct your perfect cooking station. Craft perfection for breakfast, lunch, and dinner with this powerhouse of a griddle.\" \/>\n<meta property=\"og:url\" content=\"https:\/\/ksproducts.ca\/fr\/product\/iron-forged-36in-griddle-cooking-station-w-hood-and-omnivore-top\/\" \/>\n<meta property=\"og:site_name\" content=\"Ks Products\" \/>\n<meta property=\"article:modified_time\" content=\"2026-04-12T10:33:10+00:00\" \/>\n<meta property=\"og:image\" content=\"https:\/\/ksproducts.ca\/wp-content\/uploads\/2024\/04\/2310_36IronForgedGriddlewithHood_WSQ_01-jpg.webp\" \/>\n\t<meta property=\"og:image:width\" content=\"800\" \/>\n\t<meta property=\"og:image:height\" content=\"800\" \/>\n\t<meta property=\"og:image:type\" content=\"image\/jpeg\" \/>\n<meta name=\"twitter:card\" content=\"summary_large_image\" \/>\n<meta name=\"twitter:label1\" content=\"Estimation du temps de lecture\" \/>\n\t<meta name=\"twitter:data1\" content=\"1 minute\" \/>\n<script type=\"application\/ld+json\" class=\"yoast-schema-graph\">{\"@context\":\"https:\\\/\\\/schema.org\",\"@graph\":[{\"@type\":\"WebPage\",\"@id\":\"https:\\\/\\\/ksproducts.ca\\\/product\\\/iron-forged-36in-griddle-cooking-station-w-hood-and-omnivore-top\\\/\",\"url\":\"https:\\\/\\\/ksproducts.ca\\\/product\\\/iron-forged-36in-griddle-cooking-station-w-hood-and-omnivore-top\\\/\",\"name\":\"Blackstone 36inch Iron Forged Series Griddle with Hood and Side Shelf Rail System - Ks Products\",\"isPartOf\":{\"@id\":\"https:\\\/\\\/ksproducts.ca\\\/#website\"},\"primaryImageOfPage\":{\"@id\":\"https:\\\/\\\/ksproducts.ca\\\/product\\\/iron-forged-36in-griddle-cooking-station-w-hood-and-omnivore-top\\\/#primaryimage\"},\"image\":{\"@id\":\"https:\\\/\\\/ksproducts.ca\\\/product\\\/iron-forged-36in-griddle-cooking-station-w-hood-and-omnivore-top\\\/#primaryimage\"},\"thumbnailUrl\":\"https:\\\/\\\/ksproducts.ca\\\/wp-content\\\/uploads\\\/2024\\\/04\\\/2310_36IronForgedGriddlewithHood_WSQ_01-jpg.webp\",\"datePublished\":\"2024-04-15T16:14:16+00:00\",\"dateModified\":\"2026-04-12T10:33:10+00:00\",\"breadcrumb\":{\"@id\":\"https:\\\/\\\/ksproducts.ca\\\/product\\\/iron-forged-36in-griddle-cooking-station-w-hood-and-omnivore-top\\\/#breadcrumb\"},\"inLanguage\":\"fr-CA\",\"potentialAction\":[{\"@type\":\"ReadAction\",\"target\":[\"https:\\\/\\\/ksproducts.ca\\\/product\\\/iron-forged-36in-griddle-cooking-station-w-hood-and-omnivore-top\\\/\"]}]},{\"@type\":\"ImageObject\",\"inLanguage\":\"fr-CA\",\"@id\":\"https:\\\/\\\/ksproducts.ca\\\/product\\\/iron-forged-36in-griddle-cooking-station-w-hood-and-omnivore-top\\\/#primaryimage\",\"url\":\"https:\\\/\\\/ksproducts.ca\\\/wp-content\\\/uploads\\\/2024\\\/04\\\/2310_36IronForgedGriddlewithHood_WSQ_01-jpg.webp\",\"contentUrl\":\"https:\\\/\\\/ksproducts.ca\\\/wp-content\\\/uploads\\\/2024\\\/04\\\/2310_36IronForgedGriddlewithHood_WSQ_01-jpg.webp\",\"width\":800,\"height\":800,\"caption\":\"Blackstone 36inch Iron Forged Series Griddle with Hood and Side Shelf Rail System\"},{\"@type\":\"BreadcrumbList\",\"@id\":\"https:\\\/\\\/ksproducts.ca\\\/product\\\/iron-forged-36in-griddle-cooking-station-w-hood-and-omnivore-top\\\/#breadcrumb\",\"itemListElement\":[{\"@type\":\"ListItem\",\"position\":1,\"name\":\"Home\",\"item\":\"https:\\\/\\\/ksproducts.ca\\\/\"},{\"@type\":\"ListItem\",\"position\":2,\"name\":\"Shop\",\"item\":\"https:\\\/\\\/ksproducts.ca\\\/shop\\\/\"},{\"@type\":\"ListItem\",\"position\":3,\"name\":\"Blackstone 36inch Iron Forged Series Griddle with Hood and Side Shelf Rail System\"}]},{\"@type\":\"WebSite\",\"@id\":\"https:\\\/\\\/ksproducts.ca\\\/#website\",\"url\":\"https:\\\/\\\/ksproducts.ca\\\/\",\"name\":\"Ks Products\",\"description\":\"Outdoor cooking and living, made easy in Canada\",\"publisher\":{\"@id\":\"https:\\\/\\\/ksproducts.ca\\\/#organization\"},\"potentialAction\":[{\"@type\":\"SearchAction\",\"target\":{\"@type\":\"EntryPoint\",\"urlTemplate\":\"https:\\\/\\\/ksproducts.ca\\\/?s={search_term_string}\"},\"query-input\":{\"@type\":\"PropertyValueSpecification\",\"valueRequired\":true,\"valueName\":\"search_term_string\"}}],\"inLanguage\":\"fr-CA\"},{\"@type\":\"Organization\",\"@id\":\"https:\\\/\\\/ksproducts.ca\\\/#organization\",\"name\":\"Ks Products\",\"url\":\"https:\\\/\\\/ksproducts.ca\\\/\",\"logo\":{\"@type\":\"ImageObject\",\"inLanguage\":\"fr-CA\",\"@id\":\"https:\\\/\\\/ksproducts.ca\\\/#\\\/schema\\\/logo\\\/image\\\/\",\"url\":\"https:\\\/\\\/ksproducts.ca\\\/wp-content\\\/uploads\\\/2023\\\/09\\\/Kennedy-Sales-Logo-header-1.png\",\"contentUrl\":\"https:\\\/\\\/ksproducts.ca\\\/wp-content\\\/uploads\\\/2023\\\/09\\\/Kennedy-Sales-Logo-header-1.png\",\"width\":150,\"height\":77,\"caption\":\"Ks Products\"},\"image\":{\"@id\":\"https:\\\/\\\/ksproducts.ca\\\/#\\\/schema\\\/logo\\\/image\\\/\"}}]}<\/script>\n<!-- \/ Yoast SEO plugin. -->","yoast_head_json":{"title":"Blackstone 36inch Iron Forged Series Griddle with Hood and Side Shelf Rail System - Ks Products","robots":{"index":"index","follow":"follow","max-snippet":"max-snippet:-1","max-image-preview":"max-image-preview:large","max-video-preview":"max-video-preview:-1"},"canonical":"https:\/\/ksproducts.ca\/fr\/product\/iron-forged-36in-griddle-cooking-station-w-hood-and-omnivore-top\/","og_locale":"fr_CA","og_type":"article","og_title":"Blackstone 36inch Iron Forged Series Griddle with Hood and Side Shelf Rail System - Ks Products","og_description":"Push the boundaries of what's possible with the Blackstone Iron Forged 36\u201d Griddle with Hood. The redesigned 36\u201d Griddle looks sleek yet provides a powerful performance. Infused with new Omnivore Griddle Plate Technology, you\u2019ll be whipping up meals like never before. With the extendable side shelf and the customization of the new side shelf rail system, there\u2019s room to experiment, innovate, and construct your perfect cooking station. Craft perfection for breakfast, lunch, and dinner with this powerhouse of a griddle.","og_url":"https:\/\/ksproducts.ca\/fr\/product\/iron-forged-36in-griddle-cooking-station-w-hood-and-omnivore-top\/","og_site_name":"Ks Products","article_modified_time":"2026-04-12T10:33:10+00:00","og_image":[{"width":800,"height":800,"url":"https:\/\/ksproducts.ca\/wp-content\/uploads\/2024\/04\/2310_36IronForgedGriddlewithHood_WSQ_01-jpg.webp","type":"image\/jpeg"}],"twitter_card":"summary_large_image","twitter_misc":{"Estimation du temps de lecture":"1 minute"},"schema":{"@context":"https:\/\/schema.org","@graph":[{"@type":"WebPage","@id":"https:\/\/ksproducts.ca\/product\/iron-forged-36in-griddle-cooking-station-w-hood-and-omnivore-top\/","url":"https:\/\/ksproducts.ca\/product\/iron-forged-36in-griddle-cooking-station-w-hood-and-omnivore-top\/","name":"Blackstone 36inch Iron Forged Series Griddle with Hood and Side Shelf Rail System - Ks Products","isPartOf":{"@id":"https:\/\/ksproducts.ca\/#website"},"primaryImageOfPage":{"@id":"https:\/\/ksproducts.ca\/product\/iron-forged-36in-griddle-cooking-station-w-hood-and-omnivore-top\/#primaryimage"},"image":{"@id":"https:\/\/ksproducts.ca\/product\/iron-forged-36in-griddle-cooking-station-w-hood-and-omnivore-top\/#primaryimage"},"thumbnailUrl":"https:\/\/ksproducts.ca\/wp-content\/uploads\/2024\/04\/2310_36IronForgedGriddlewithHood_WSQ_01-jpg.webp","datePublished":"2024-04-15T16:14:16+00:00","dateModified":"2026-04-12T10:33:10+00:00","breadcrumb":{"@id":"https:\/\/ksproducts.ca\/product\/iron-forged-36in-griddle-cooking-station-w-hood-and-omnivore-top\/#breadcrumb"},"inLanguage":"fr-CA","potentialAction":[{"@type":"ReadAction","target":["https:\/\/ksproducts.ca\/product\/iron-forged-36in-griddle-cooking-station-w-hood-and-omnivore-top\/"]}]},{"@type":"ImageObject","inLanguage":"fr-CA","@id":"https:\/\/ksproducts.ca\/product\/iron-forged-36in-griddle-cooking-station-w-hood-and-omnivore-top\/#primaryimage","url":"https:\/\/ksproducts.ca\/wp-content\/uploads\/2024\/04\/2310_36IronForgedGriddlewithHood_WSQ_01-jpg.webp","contentUrl":"https:\/\/ksproducts.ca\/wp-content\/uploads\/2024\/04\/2310_36IronForgedGriddlewithHood_WSQ_01-jpg.webp","width":800,"height":800,"caption":"Blackstone 36inch Iron Forged Series Griddle with Hood and Side Shelf Rail System"},{"@type":"BreadcrumbList","@id":"https:\/\/ksproducts.ca\/product\/iron-forged-36in-griddle-cooking-station-w-hood-and-omnivore-top\/#breadcrumb","itemListElement":[{"@type":"ListItem","position":1,"name":"Home","item":"https:\/\/ksproducts.ca\/"},{"@type":"ListItem","position":2,"name":"Shop","item":"https:\/\/ksproducts.ca\/shop\/"},{"@type":"ListItem","position":3,"name":"Blackstone 36inch Iron Forged Series Griddle with Hood and Side Shelf Rail System"}]},{"@type":"WebSite","@id":"https:\/\/ksproducts.ca\/#website","url":"https:\/\/ksproducts.ca\/","name":"Produits Ks","description":"Cuisiner et vivre en plein air, c'est facile au Canada","publisher":{"@id":"https:\/\/ksproducts.ca\/#organization"},"potentialAction":[{"@type":"SearchAction","target":{"@type":"EntryPoint","urlTemplate":"https:\/\/ksproducts.ca\/?s={search_term_string}"},"query-input":{"@type":"PropertyValueSpecification","valueRequired":true,"valueName":"search_term_string"}}],"inLanguage":"fr-CA"},{"@type":"Organization","@id":"https:\/\/ksproducts.ca\/#organization","name":"Produits Ks","url":"https:\/\/ksproducts.ca\/","logo":{"@type":"ImageObject","inLanguage":"fr-CA","@id":"https:\/\/ksproducts.ca\/#\/schema\/logo\/image\/","url":"https:\/\/ksproducts.ca\/wp-content\/uploads\/2023\/09\/Kennedy-Sales-Logo-header-1.png","contentUrl":"https:\/\/ksproducts.ca\/wp-content\/uploads\/2023\/09\/Kennedy-Sales-Logo-header-1.png","width":150,"height":77,"caption":"Ks Products"},"image":{"@id":"https:\/\/ksproducts.ca\/#\/schema\/logo\/image\/"}}]}},"_links":{"self":[{"href":"https:\/\/ksproducts.ca\/fr\/wp-json\/wp\/v2\/product\/7905","targetHints":{"allow":["GET"]}}],"collection":[{"href":"https:\/\/ksproducts.ca\/fr\/wp-json\/wp\/v2\/product"}],"about":[{"href":"https:\/\/ksproducts.ca\/fr\/wp-json\/wp\/v2\/types\/product"}],"replies":[{"embeddable":true,"href":"https:\/\/ksproducts.ca\/fr\/wp-json\/wp\/v2\/comments?post=7905"}],"version-history":[{"count":3,"href":"https:\/\/ksproducts.ca\/fr\/wp-json\/wp\/v2\/product\/7905\/revisions"}],"predecessor-version":[{"id":10563,"href":"https:\/\/ksproducts.ca\/fr\/wp-json\/wp\/v2\/product\/7905\/revisions\/10563"}],"wp:featuredmedia":[{"embeddable":true,"href":"https:\/\/ksproducts.ca\/fr\/wp-json\/wp\/v2\/media\/7909"}],"wp:attachment":[{"href":"https:\/\/ksproducts.ca\/fr\/wp-json\/wp\/v2\/media?parent=7905"}],"wp:term":[{"taxonomy":"product_cat","embeddable":true,"href":"https:\/\/ksproducts.ca\/fr\/wp-json\/wp\/v2\/product_cat?post=7905"},{"taxonomy":"product_tag","embeddable":true,"href":"https:\/\/ksproducts.ca\/fr\/wp-json\/wp\/v2\/product_tag?post=7905"}],"curies":[{"name":"wp","href":"https:\/\/api.w.org\/{rel}","templated":true}]}}