{"id":7907,"date":"2024-04-15T16:14:17","date_gmt":"2024-04-15T16:14:17","guid":{"rendered":"https:\/\/ksproducts.ca\/?post_type=product&#038;p=7907"},"modified":"2026-04-03T20:18:01","modified_gmt":"2026-04-03T20:18:01","slug":"four-a-pizza-leggero","status":"publish","type":"product","link":"https:\/\/ksproducts.ca\/fr\/product\/leggero-pizza-oven\/","title":{"rendered":"Four \u00e0 pizza portable Blackstone Pizza Series Leggero"},"content":{"rendered":"<ul>\n<li class=\"sc-gIDmLj eMdhGW pf-871_\" style=\"text-align: left;\" data-pf-type=\"Paragraph3\">Permet de cuire les pizzas de mani\u00e8re uniforme sans effort, en \u00e9liminant la n\u00e9cessit\u00e9 d'une rotation manuelle.<\/li>\n<li class=\"sc-gIDmLj eMdhGW pf-871_\" style=\"text-align: left;\" data-pf-type=\"Paragraph3\">Il permet d'afficher la temp\u00e9rature du four lorsque la chaleur est dirig\u00e9e vers la surface de cuisson \u00e0 l'aide de la chaleur conductive, radiative et convective.<\/li>\n<li class=\"sc-gIDmLj eMdhGW pf-871_\" style=\"text-align: left;\" data-pf-type=\"Paragraph3\">Porte utilitaire pratique avec des positions de verrouillage s\u00fbres pour conserver efficacement la chaleur.<\/li>\n<li class=\"sc-gIDmLj eMdhGW pf-871_\" style=\"text-align: left;\" data-pf-type=\"Paragraph3\">Comprend un bouton de d\u00e9marrage et d'arr\u00eat pour un contr\u00f4le de la rotation avec un allumage s\u00fbr et sans effort.<\/li>\n<li class=\"sc-gIDmLj eMdhGW pf-871_\" style=\"text-align: left;\" data-pf-type=\"Paragraph3\">Cuisinez n'importe o\u00f9 en utilisant une bouteille d'une livre ou connectez-vous \u00e0 une bouteille de propane de 20 livres avec le tuyau adaptateur Blackstone (vendu s\u00e9par\u00e9ment).<\/li>\n<li class=\"sc-gIDmLj eMdhGW pf-871_\" style=\"text-align: left;\" data-pf-type=\"Paragraph3\">Le four \u00e0 pizza portable est dot\u00e9 de pieds robustes qui assurent sa stabilit\u00e9 et facilitent son transport.<\/li>\n<\/ul>","protected":false},"excerpt":{"rendered":"<p>Four \u00e0 pizza Leggero de Blackstone : Portable, puissant et \u00e9l\u00e9gant. Avec une pierre rotative en cordi\u00e9rite de 13 pouces pour une cuisson uniforme, un indicateur de temp\u00e9rature int\u00e9gr\u00e9 et des commandes faciles, il apporte la perfection de la pizza n'importe o\u00f9. Le four \u00e0 pizza Leggero allie durabilit\u00e9 et mobilit\u00e9, ce qui vous permet d'emporter ce four \u00e0 pizza de haute qualit\u00e9 partout o\u00f9 vous allez et de cr\u00e9er sans effort de d\u00e9licieuses pizzas dignes d'un restaurant.<\/p>","protected":false},"featured_media":7921,"comment_status":"closed","ping_status":"closed","template":"","meta":[],"product_cat":[428,406],"product_tag":[],"class_list":{"0":"post-7907","1":"product","2":"type-product","3":"status-publish","4":"has-post-thumbnail","6":"product_brand-blackstone","7":"product_cat-outdoor-cooking","8":"product_cat-pizza","9":"product_shipping_class-class-3","11":"first","12":"instock","13":"taxable","14":"shipping-taxable","15":"purchasable","16":"product-type-simple"},"yoast_head":"<!-- This site is optimized with the Yoast SEO plugin v27.3 - https:\/\/yoast.com\/product\/yoast-seo-wordpress\/ -->\n<title>Blackstone Pizza Series Leggero Portable Pizza Oven - Ks Products<\/title>\n<meta name=\"robots\" content=\"index, follow, max-snippet:-1, max-image-preview:large, max-video-preview:-1\" \/>\n<link rel=\"canonical\" href=\"https:\/\/ksproducts.ca\/fr\/product\/four-a-pizza-leggero\/\" \/>\n<meta property=\"og:locale\" content=\"fr_CA\" \/>\n<meta property=\"og:type\" content=\"article\" \/>\n<meta property=\"og:title\" content=\"Blackstone Pizza Series Leggero Portable Pizza Oven - Ks Products\" \/>\n<meta property=\"og:description\" content=\"Blackstone&#039;s Leggero Pizza Oven: Portable, powerful, and stylish. With a 13\u201d rotating cordierite stone for even cooking, a built-in temperature gauge, and easy controls, it brings pizza perfection anywhere. The Leggero Pizza Oven combines durability and mobility, allowing you to bring this high-quality pizza oven wherever you go and effortlessly create delicious restaurant-style pizza.\" \/>\n<meta property=\"og:url\" content=\"https:\/\/ksproducts.ca\/fr\/product\/four-a-pizza-leggero\/\" \/>\n<meta property=\"og:site_name\" content=\"Ks Products\" \/>\n<meta property=\"article:modified_time\" content=\"2026-04-03T20:18:01+00:00\" \/>\n<meta property=\"og:image\" content=\"https:\/\/ksproducts.ca\/wp-content\/uploads\/2024\/04\/rva5qxplzycgwyajgvtn_x690@2x-jpg.webp\" \/>\n\t<meta property=\"og:image:width\" content=\"800\" \/>\n\t<meta property=\"og:image:height\" content=\"800\" \/>\n\t<meta property=\"og:image:type\" content=\"image\/jpeg\" \/>\n<meta name=\"twitter:card\" content=\"summary_large_image\" \/>\n<meta name=\"twitter:label1\" content=\"Estimation du temps de lecture\" \/>\n\t<meta name=\"twitter:data1\" content=\"1 minute\" \/>\n<script type=\"application\/ld+json\" class=\"yoast-schema-graph\">{\"@context\":\"https:\\\/\\\/schema.org\",\"@graph\":[{\"@type\":\"WebPage\",\"@id\":\"https:\\\/\\\/ksproducts.ca\\\/product\\\/leggero-pizza-oven\\\/\",\"url\":\"https:\\\/\\\/ksproducts.ca\\\/product\\\/leggero-pizza-oven\\\/\",\"name\":\"Blackstone Pizza Series Leggero Portable Pizza Oven - Ks Products\",\"isPartOf\":{\"@id\":\"https:\\\/\\\/ksproducts.ca\\\/#website\"},\"primaryImageOfPage\":{\"@id\":\"https:\\\/\\\/ksproducts.ca\\\/product\\\/leggero-pizza-oven\\\/#primaryimage\"},\"image\":{\"@id\":\"https:\\\/\\\/ksproducts.ca\\\/product\\\/leggero-pizza-oven\\\/#primaryimage\"},\"thumbnailUrl\":\"https:\\\/\\\/ksproducts.ca\\\/wp-content\\\/uploads\\\/2024\\\/04\\\/rva5qxplzycgwyajgvtn_x690@2x-jpg.webp\",\"datePublished\":\"2024-04-15T16:14:17+00:00\",\"dateModified\":\"2026-04-03T20:18:01+00:00\",\"breadcrumb\":{\"@id\":\"https:\\\/\\\/ksproducts.ca\\\/product\\\/leggero-pizza-oven\\\/#breadcrumb\"},\"inLanguage\":\"fr-CA\",\"potentialAction\":[{\"@type\":\"ReadAction\",\"target\":[\"https:\\\/\\\/ksproducts.ca\\\/product\\\/leggero-pizza-oven\\\/\"]}]},{\"@type\":\"ImageObject\",\"inLanguage\":\"fr-CA\",\"@id\":\"https:\\\/\\\/ksproducts.ca\\\/product\\\/leggero-pizza-oven\\\/#primaryimage\",\"url\":\"https:\\\/\\\/ksproducts.ca\\\/wp-content\\\/uploads\\\/2024\\\/04\\\/rva5qxplzycgwyajgvtn_x690@2x-jpg.webp\",\"contentUrl\":\"https:\\\/\\\/ksproducts.ca\\\/wp-content\\\/uploads\\\/2024\\\/04\\\/rva5qxplzycgwyajgvtn_x690@2x-jpg.webp\",\"width\":800,\"height\":800,\"caption\":\"Blackstone Pizza Series Leggero Portable Pizza Oven\"},{\"@type\":\"BreadcrumbList\",\"@id\":\"https:\\\/\\\/ksproducts.ca\\\/product\\\/leggero-pizza-oven\\\/#breadcrumb\",\"itemListElement\":[{\"@type\":\"ListItem\",\"position\":1,\"name\":\"Home\",\"item\":\"https:\\\/\\\/ksproducts.ca\\\/\"},{\"@type\":\"ListItem\",\"position\":2,\"name\":\"Shop\",\"item\":\"https:\\\/\\\/ksproducts.ca\\\/shop\\\/\"},{\"@type\":\"ListItem\",\"position\":3,\"name\":\"Blackstone Pizza Series Leggero Portable Pizza Oven\"}]},{\"@type\":\"WebSite\",\"@id\":\"https:\\\/\\\/ksproducts.ca\\\/#website\",\"url\":\"https:\\\/\\\/ksproducts.ca\\\/\",\"name\":\"Ks Products\",\"description\":\"Outdoor cooking and living, made easy in Canada\",\"publisher\":{\"@id\":\"https:\\\/\\\/ksproducts.ca\\\/#organization\"},\"potentialAction\":[{\"@type\":\"SearchAction\",\"target\":{\"@type\":\"EntryPoint\",\"urlTemplate\":\"https:\\\/\\\/ksproducts.ca\\\/?s={search_term_string}\"},\"query-input\":{\"@type\":\"PropertyValueSpecification\",\"valueRequired\":true,\"valueName\":\"search_term_string\"}}],\"inLanguage\":\"fr-CA\"},{\"@type\":\"Organization\",\"@id\":\"https:\\\/\\\/ksproducts.ca\\\/#organization\",\"name\":\"Ks Products\",\"url\":\"https:\\\/\\\/ksproducts.ca\\\/\",\"logo\":{\"@type\":\"ImageObject\",\"inLanguage\":\"fr-CA\",\"@id\":\"https:\\\/\\\/ksproducts.ca\\\/#\\\/schema\\\/logo\\\/image\\\/\",\"url\":\"https:\\\/\\\/ksproducts.ca\\\/wp-content\\\/uploads\\\/2023\\\/09\\\/Kennedy-Sales-Logo-header-1.png\",\"contentUrl\":\"https:\\\/\\\/ksproducts.ca\\\/wp-content\\\/uploads\\\/2023\\\/09\\\/Kennedy-Sales-Logo-header-1.png\",\"width\":150,\"height\":77,\"caption\":\"Ks Products\"},\"image\":{\"@id\":\"https:\\\/\\\/ksproducts.ca\\\/#\\\/schema\\\/logo\\\/image\\\/\"}}]}<\/script>\n<!-- \/ Yoast SEO plugin. -->","yoast_head_json":{"title":"Four \u00e0 pizza portable Blackstone Pizza Series Leggero - Ks Products","robots":{"index":"index","follow":"follow","max-snippet":"max-snippet:-1","max-image-preview":"max-image-preview:large","max-video-preview":"max-video-preview:-1"},"canonical":"https:\/\/ksproducts.ca\/fr\/product\/four-a-pizza-leggero\/","og_locale":"fr_CA","og_type":"article","og_title":"Blackstone Pizza Series Leggero Portable Pizza Oven - Ks Products","og_description":"Blackstone's Leggero Pizza Oven: Portable, powerful, and stylish. With a 13\u201d rotating cordierite stone for even cooking, a built-in temperature gauge, and easy controls, it brings pizza perfection anywhere. The Leggero Pizza Oven combines durability and mobility, allowing you to bring this high-quality pizza oven wherever you go and effortlessly create delicious restaurant-style pizza.","og_url":"https:\/\/ksproducts.ca\/fr\/product\/four-a-pizza-leggero\/","og_site_name":"Ks Products","article_modified_time":"2026-04-03T20:18:01+00:00","og_image":[{"width":800,"height":800,"url":"https:\/\/ksproducts.ca\/wp-content\/uploads\/2024\/04\/rva5qxplzycgwyajgvtn_x690@2x-jpg.webp","type":"image\/jpeg"}],"twitter_card":"summary_large_image","twitter_misc":{"Estimation du temps de lecture":"1 minute"},"schema":{"@context":"https:\/\/schema.org","@graph":[{"@type":"WebPage","@id":"https:\/\/ksproducts.ca\/product\/leggero-pizza-oven\/","url":"https:\/\/ksproducts.ca\/product\/leggero-pizza-oven\/","name":"Four \u00e0 pizza portable Blackstone Pizza Series Leggero - Ks Products","isPartOf":{"@id":"https:\/\/ksproducts.ca\/#website"},"primaryImageOfPage":{"@id":"https:\/\/ksproducts.ca\/product\/leggero-pizza-oven\/#primaryimage"},"image":{"@id":"https:\/\/ksproducts.ca\/product\/leggero-pizza-oven\/#primaryimage"},"thumbnailUrl":"https:\/\/ksproducts.ca\/wp-content\/uploads\/2024\/04\/rva5qxplzycgwyajgvtn_x690@2x-jpg.webp","datePublished":"2024-04-15T16:14:17+00:00","dateModified":"2026-04-03T20:18:01+00:00","breadcrumb":{"@id":"https:\/\/ksproducts.ca\/product\/leggero-pizza-oven\/#breadcrumb"},"inLanguage":"fr-CA","potentialAction":[{"@type":"ReadAction","target":["https:\/\/ksproducts.ca\/product\/leggero-pizza-oven\/"]}]},{"@type":"ImageObject","inLanguage":"fr-CA","@id":"https:\/\/ksproducts.ca\/product\/leggero-pizza-oven\/#primaryimage","url":"https:\/\/ksproducts.ca\/wp-content\/uploads\/2024\/04\/rva5qxplzycgwyajgvtn_x690@2x-jpg.webp","contentUrl":"https:\/\/ksproducts.ca\/wp-content\/uploads\/2024\/04\/rva5qxplzycgwyajgvtn_x690@2x-jpg.webp","width":800,"height":800,"caption":"Blackstone Pizza Series Leggero Portable Pizza Oven"},{"@type":"BreadcrumbList","@id":"https:\/\/ksproducts.ca\/product\/leggero-pizza-oven\/#breadcrumb","itemListElement":[{"@type":"ListItem","position":1,"name":"Home","item":"https:\/\/ksproducts.ca\/"},{"@type":"ListItem","position":2,"name":"Shop","item":"https:\/\/ksproducts.ca\/shop\/"},{"@type":"ListItem","position":3,"name":"Blackstone Pizza Series Leggero Portable Pizza Oven"}]},{"@type":"WebSite","@id":"https:\/\/ksproducts.ca\/#website","url":"https:\/\/ksproducts.ca\/","name":"Produits Ks","description":"Cuisiner et vivre en plein air, c'est facile au Canada","publisher":{"@id":"https:\/\/ksproducts.ca\/#organization"},"potentialAction":[{"@type":"SearchAction","target":{"@type":"EntryPoint","urlTemplate":"https:\/\/ksproducts.ca\/?s={search_term_string}"},"query-input":{"@type":"PropertyValueSpecification","valueRequired":true,"valueName":"search_term_string"}}],"inLanguage":"fr-CA"},{"@type":"Organization","@id":"https:\/\/ksproducts.ca\/#organization","name":"Produits Ks","url":"https:\/\/ksproducts.ca\/","logo":{"@type":"ImageObject","inLanguage":"fr-CA","@id":"https:\/\/ksproducts.ca\/#\/schema\/logo\/image\/","url":"https:\/\/ksproducts.ca\/wp-content\/uploads\/2023\/09\/Kennedy-Sales-Logo-header-1.png","contentUrl":"https:\/\/ksproducts.ca\/wp-content\/uploads\/2023\/09\/Kennedy-Sales-Logo-header-1.png","width":150,"height":77,"caption":"Ks Products"},"image":{"@id":"https:\/\/ksproducts.ca\/#\/schema\/logo\/image\/"}}]}},"_links":{"self":[{"href":"https:\/\/ksproducts.ca\/fr\/wp-json\/wp\/v2\/product\/7907","targetHints":{"allow":["GET"]}}],"collection":[{"href":"https:\/\/ksproducts.ca\/fr\/wp-json\/wp\/v2\/product"}],"about":[{"href":"https:\/\/ksproducts.ca\/fr\/wp-json\/wp\/v2\/types\/product"}],"replies":[{"embeddable":true,"href":"https:\/\/ksproducts.ca\/fr\/wp-json\/wp\/v2\/comments?post=7907"}],"version-history":[{"count":4,"href":"https:\/\/ksproducts.ca\/fr\/wp-json\/wp\/v2\/product\/7907\/revisions"}],"predecessor-version":[{"id":10559,"href":"https:\/\/ksproducts.ca\/fr\/wp-json\/wp\/v2\/product\/7907\/revisions\/10559"}],"wp:featuredmedia":[{"embeddable":true,"href":"https:\/\/ksproducts.ca\/fr\/wp-json\/wp\/v2\/media\/7921"}],"wp:attachment":[{"href":"https:\/\/ksproducts.ca\/fr\/wp-json\/wp\/v2\/media?parent=7907"}],"wp:term":[{"taxonomy":"product_cat","embeddable":true,"href":"https:\/\/ksproducts.ca\/fr\/wp-json\/wp\/v2\/product_cat?post=7907"},{"taxonomy":"product_tag","embeddable":true,"href":"https:\/\/ksproducts.ca\/fr\/wp-json\/wp\/v2\/product_tag?post=7907"}],"curies":[{"name":"wp","href":"https:\/\/api.w.org\/{rel}","templated":true}]}}