{"id":7908,"date":"2024-04-15T16:14:17","date_gmt":"2024-04-15T16:14:17","guid":{"rendered":"https:\/\/ksproducts.ca\/?post_type=product&#038;p=7908"},"modified":"2026-04-11T10:02:28","modified_gmt":"2026-04-11T10:02:28","slug":"28-avec-top-omnivore","status":"publish","type":"product","link":"https:\/\/ksproducts.ca\/fr\/product\/28-with-omnivore-top\/","title":{"rendered":"Blackstone 28inch Original Series Omnivore Griddle with Hood (gril omnivore de 28 pouces avec hotte)"},"content":{"rendered":"<ul>\n<li style=\"text-align: left;\">Deux (2) commandes de chaleur r\u00e9glables<\/li>\n<li style=\"text-align: left;\">Allumeur int\u00e9gr\u00e9<\/li>\n<li style=\"text-align: left;\">Syst\u00e8me de gestion de la graisse \u00e0 l'arri\u00e8re<\/li>\n<li style=\"text-align: left;\">Deux \u00e9tag\u00e8res lat\u00e9rales<\/li>\n<li style=\"text-align: left;\">Tablette lat\u00e9rale Porte-bouteilles\/outils et crochets<\/li>\n<li style=\"text-align: left;\">Capot robuste pour prot\u00e9ger la plaque de cuisson<\/li>\n<li style=\"text-align: left;\">Deux (2) roues de force industrielle<\/li>\n<li style=\"text-align: left;\">\u00a0Surface de cuisson : 28 3\/4\u2033 L x 18 1\/4\u2033 P<\/li>\n<\/ul>","protected":false},"excerpt":{"rendered":"<p>Cette plaque de cuisson de 28 pouces avec hotte offre 24 000 BTU de chaleur br\u00fblante, ce qui vous permet de cuisiner facilement tous vos plats pr\u00e9f\u00e9r\u00e9s. Avec deux zones de cuisson ind\u00e9pendantes, vous pourrez cuisiner au maximum de vos possibilit\u00e9s. La hotte sert \u00e0 la fois de couvercle pour prot\u00e9ger votre plancha des intemp\u00e9ries et de d\u00f4me d'arrosage pour aider \u00e0 cuire vos aliments \u00e0 la vapeur et de mani\u00e8re homog\u00e8ne.<\/p>","protected":false},"featured_media":7930,"comment_status":"closed","ping_status":"closed","template":"","meta":[],"product_cat":[405,394,428],"product_tag":[],"class_list":{"0":"post-7908","1":"product","2":"type-product","3":"status-publish","4":"has-post-thumbnail","6":"product_brand-blackstone","7":"product_cat-28-inch-griddle","8":"product_cat-griddles-2","9":"product_cat-outdoor-cooking","10":"product_shipping_class-class-4","12":"first","13":"instock","14":"taxable","15":"shipping-taxable","16":"purchasable","17":"product-type-simple"},"yoast_head":"<!-- This site is optimized with the Yoast SEO plugin v27.3 - https:\/\/yoast.com\/product\/yoast-seo-wordpress\/ -->\n<title>Blackstone 28inch Original Series Omnivore Griddle with Hood - Ks Products<\/title>\n<meta name=\"robots\" content=\"index, follow, max-snippet:-1, max-image-preview:large, max-video-preview:-1\" \/>\n<link rel=\"canonical\" href=\"https:\/\/ksproducts.ca\/fr\/product\/28-avec-top-omnivore\/\" \/>\n<meta property=\"og:locale\" content=\"fr_CA\" \/>\n<meta property=\"og:type\" content=\"article\" \/>\n<meta property=\"og:title\" content=\"Blackstone 28inch Original Series Omnivore Griddle with Hood - Ks Products\" \/>\n<meta property=\"og:description\" content=\"This 28-inch griddle with hood features 24,000 BTUs of searing heat, so you can easily cook all your favorite meals. With two independent cooking zones, you&#039;ll be able to cook to your fullest potential. The hood doubles as a cover to protect your griddle from the elements and a basting dome to help steam and evenly cook your food.\" \/>\n<meta property=\"og:url\" content=\"https:\/\/ksproducts.ca\/fr\/product\/28-avec-top-omnivore\/\" \/>\n<meta property=\"og:site_name\" content=\"Ks Products\" \/>\n<meta property=\"article:modified_time\" content=\"2026-04-11T10:02:28+00:00\" \/>\n<meta property=\"og:image\" content=\"https:\/\/ksproducts.ca\/wp-content\/uploads\/2024\/04\/eaylzuafhl0fezudgzgp-jpg.webp\" \/>\n\t<meta property=\"og:image:width\" content=\"800\" \/>\n\t<meta property=\"og:image:height\" content=\"500\" \/>\n\t<meta property=\"og:image:type\" content=\"image\/jpeg\" \/>\n<meta name=\"twitter:card\" content=\"summary_large_image\" \/>\n<meta name=\"twitter:label1\" content=\"Estimation du temps de lecture\" \/>\n\t<meta name=\"twitter:data1\" content=\"1 minute\" \/>\n<script type=\"application\/ld+json\" class=\"yoast-schema-graph\">{\"@context\":\"https:\\\/\\\/schema.org\",\"@graph\":[{\"@type\":\"WebPage\",\"@id\":\"https:\\\/\\\/ksproducts.ca\\\/product\\\/28-with-omnivore-top\\\/\",\"url\":\"https:\\\/\\\/ksproducts.ca\\\/product\\\/28-with-omnivore-top\\\/\",\"name\":\"Blackstone 28inch Original Series Omnivore Griddle with Hood - Ks Products\",\"isPartOf\":{\"@id\":\"https:\\\/\\\/ksproducts.ca\\\/#website\"},\"primaryImageOfPage\":{\"@id\":\"https:\\\/\\\/ksproducts.ca\\\/product\\\/28-with-omnivore-top\\\/#primaryimage\"},\"image\":{\"@id\":\"https:\\\/\\\/ksproducts.ca\\\/product\\\/28-with-omnivore-top\\\/#primaryimage\"},\"thumbnailUrl\":\"https:\\\/\\\/ksproducts.ca\\\/wp-content\\\/uploads\\\/2024\\\/04\\\/eaylzuafhl0fezudgzgp-jpg.webp\",\"datePublished\":\"2024-04-15T16:14:17+00:00\",\"dateModified\":\"2026-04-11T10:02:28+00:00\",\"breadcrumb\":{\"@id\":\"https:\\\/\\\/ksproducts.ca\\\/product\\\/28-with-omnivore-top\\\/#breadcrumb\"},\"inLanguage\":\"fr-CA\",\"potentialAction\":[{\"@type\":\"ReadAction\",\"target\":[\"https:\\\/\\\/ksproducts.ca\\\/product\\\/28-with-omnivore-top\\\/\"]}]},{\"@type\":\"ImageObject\",\"inLanguage\":\"fr-CA\",\"@id\":\"https:\\\/\\\/ksproducts.ca\\\/product\\\/28-with-omnivore-top\\\/#primaryimage\",\"url\":\"https:\\\/\\\/ksproducts.ca\\\/wp-content\\\/uploads\\\/2024\\\/04\\\/eaylzuafhl0fezudgzgp-jpg.webp\",\"contentUrl\":\"https:\\\/\\\/ksproducts.ca\\\/wp-content\\\/uploads\\\/2024\\\/04\\\/eaylzuafhl0fezudgzgp-jpg.webp\",\"width\":800,\"height\":500,\"caption\":\"Blackstone 28inch Original Series Omnivore Griddle with Hood\"},{\"@type\":\"BreadcrumbList\",\"@id\":\"https:\\\/\\\/ksproducts.ca\\\/product\\\/28-with-omnivore-top\\\/#breadcrumb\",\"itemListElement\":[{\"@type\":\"ListItem\",\"position\":1,\"name\":\"Home\",\"item\":\"https:\\\/\\\/ksproducts.ca\\\/\"},{\"@type\":\"ListItem\",\"position\":2,\"name\":\"Shop\",\"item\":\"https:\\\/\\\/ksproducts.ca\\\/shop\\\/\"},{\"@type\":\"ListItem\",\"position\":3,\"name\":\"Blackstone 28inch Original Series Omnivore Griddle with Hood\"}]},{\"@type\":\"WebSite\",\"@id\":\"https:\\\/\\\/ksproducts.ca\\\/#website\",\"url\":\"https:\\\/\\\/ksproducts.ca\\\/\",\"name\":\"Ks Products\",\"description\":\"Outdoor cooking and living, made easy in Canada\",\"publisher\":{\"@id\":\"https:\\\/\\\/ksproducts.ca\\\/#organization\"},\"potentialAction\":[{\"@type\":\"SearchAction\",\"target\":{\"@type\":\"EntryPoint\",\"urlTemplate\":\"https:\\\/\\\/ksproducts.ca\\\/?s={search_term_string}\"},\"query-input\":{\"@type\":\"PropertyValueSpecification\",\"valueRequired\":true,\"valueName\":\"search_term_string\"}}],\"inLanguage\":\"fr-CA\"},{\"@type\":\"Organization\",\"@id\":\"https:\\\/\\\/ksproducts.ca\\\/#organization\",\"name\":\"Ks Products\",\"url\":\"https:\\\/\\\/ksproducts.ca\\\/\",\"logo\":{\"@type\":\"ImageObject\",\"inLanguage\":\"fr-CA\",\"@id\":\"https:\\\/\\\/ksproducts.ca\\\/#\\\/schema\\\/logo\\\/image\\\/\",\"url\":\"https:\\\/\\\/ksproducts.ca\\\/wp-content\\\/uploads\\\/2023\\\/09\\\/Kennedy-Sales-Logo-header-1.png\",\"contentUrl\":\"https:\\\/\\\/ksproducts.ca\\\/wp-content\\\/uploads\\\/2023\\\/09\\\/Kennedy-Sales-Logo-header-1.png\",\"width\":150,\"height\":77,\"caption\":\"Ks Products\"},\"image\":{\"@id\":\"https:\\\/\\\/ksproducts.ca\\\/#\\\/schema\\\/logo\\\/image\\\/\"}}]}<\/script>\n<!-- \/ Yoast SEO plugin. -->","yoast_head_json":{"title":"Blackstone 28inch Original Series Omnivore Griddle with Hood - Ks Products","robots":{"index":"index","follow":"follow","max-snippet":"max-snippet:-1","max-image-preview":"max-image-preview:large","max-video-preview":"max-video-preview:-1"},"canonical":"https:\/\/ksproducts.ca\/fr\/product\/28-avec-top-omnivore\/","og_locale":"fr_CA","og_type":"article","og_title":"Blackstone 28inch Original Series Omnivore Griddle with Hood - Ks Products","og_description":"This 28-inch griddle with hood features 24,000 BTUs of searing heat, so you can easily cook all your favorite meals. With two independent cooking zones, you'll be able to cook to your fullest potential. The hood doubles as a cover to protect your griddle from the elements and a basting dome to help steam and evenly cook your food.","og_url":"https:\/\/ksproducts.ca\/fr\/product\/28-avec-top-omnivore\/","og_site_name":"Ks Products","article_modified_time":"2026-04-11T10:02:28+00:00","og_image":[{"width":800,"height":500,"url":"https:\/\/ksproducts.ca\/wp-content\/uploads\/2024\/04\/eaylzuafhl0fezudgzgp-jpg.webp","type":"image\/jpeg"}],"twitter_card":"summary_large_image","twitter_misc":{"Estimation du temps de lecture":"1 minute"},"schema":{"@context":"https:\/\/schema.org","@graph":[{"@type":"WebPage","@id":"https:\/\/ksproducts.ca\/product\/28-with-omnivore-top\/","url":"https:\/\/ksproducts.ca\/product\/28-with-omnivore-top\/","name":"Blackstone 28inch Original Series Omnivore Griddle with Hood - Ks Products","isPartOf":{"@id":"https:\/\/ksproducts.ca\/#website"},"primaryImageOfPage":{"@id":"https:\/\/ksproducts.ca\/product\/28-with-omnivore-top\/#primaryimage"},"image":{"@id":"https:\/\/ksproducts.ca\/product\/28-with-omnivore-top\/#primaryimage"},"thumbnailUrl":"https:\/\/ksproducts.ca\/wp-content\/uploads\/2024\/04\/eaylzuafhl0fezudgzgp-jpg.webp","datePublished":"2024-04-15T16:14:17+00:00","dateModified":"2026-04-11T10:02:28+00:00","breadcrumb":{"@id":"https:\/\/ksproducts.ca\/product\/28-with-omnivore-top\/#breadcrumb"},"inLanguage":"fr-CA","potentialAction":[{"@type":"ReadAction","target":["https:\/\/ksproducts.ca\/product\/28-with-omnivore-top\/"]}]},{"@type":"ImageObject","inLanguage":"fr-CA","@id":"https:\/\/ksproducts.ca\/product\/28-with-omnivore-top\/#primaryimage","url":"https:\/\/ksproducts.ca\/wp-content\/uploads\/2024\/04\/eaylzuafhl0fezudgzgp-jpg.webp","contentUrl":"https:\/\/ksproducts.ca\/wp-content\/uploads\/2024\/04\/eaylzuafhl0fezudgzgp-jpg.webp","width":800,"height":500,"caption":"Blackstone 28inch Original Series Omnivore Griddle with Hood"},{"@type":"BreadcrumbList","@id":"https:\/\/ksproducts.ca\/product\/28-with-omnivore-top\/#breadcrumb","itemListElement":[{"@type":"ListItem","position":1,"name":"Home","item":"https:\/\/ksproducts.ca\/"},{"@type":"ListItem","position":2,"name":"Shop","item":"https:\/\/ksproducts.ca\/shop\/"},{"@type":"ListItem","position":3,"name":"Blackstone 28inch Original Series Omnivore Griddle with Hood"}]},{"@type":"WebSite","@id":"https:\/\/ksproducts.ca\/#website","url":"https:\/\/ksproducts.ca\/","name":"Produits Ks","description":"Cuisiner et vivre en plein air, c'est facile au Canada","publisher":{"@id":"https:\/\/ksproducts.ca\/#organization"},"potentialAction":[{"@type":"SearchAction","target":{"@type":"EntryPoint","urlTemplate":"https:\/\/ksproducts.ca\/?s={search_term_string}"},"query-input":{"@type":"PropertyValueSpecification","valueRequired":true,"valueName":"search_term_string"}}],"inLanguage":"fr-CA"},{"@type":"Organization","@id":"https:\/\/ksproducts.ca\/#organization","name":"Produits Ks","url":"https:\/\/ksproducts.ca\/","logo":{"@type":"ImageObject","inLanguage":"fr-CA","@id":"https:\/\/ksproducts.ca\/#\/schema\/logo\/image\/","url":"https:\/\/ksproducts.ca\/wp-content\/uploads\/2023\/09\/Kennedy-Sales-Logo-header-1.png","contentUrl":"https:\/\/ksproducts.ca\/wp-content\/uploads\/2023\/09\/Kennedy-Sales-Logo-header-1.png","width":150,"height":77,"caption":"Ks Products"},"image":{"@id":"https:\/\/ksproducts.ca\/#\/schema\/logo\/image\/"}}]}},"_links":{"self":[{"href":"https:\/\/ksproducts.ca\/fr\/wp-json\/wp\/v2\/product\/7908","targetHints":{"allow":["GET"]}}],"collection":[{"href":"https:\/\/ksproducts.ca\/fr\/wp-json\/wp\/v2\/product"}],"about":[{"href":"https:\/\/ksproducts.ca\/fr\/wp-json\/wp\/v2\/types\/product"}],"replies":[{"embeddable":true,"href":"https:\/\/ksproducts.ca\/fr\/wp-json\/wp\/v2\/comments?post=7908"}],"version-history":[{"count":5,"href":"https:\/\/ksproducts.ca\/fr\/wp-json\/wp\/v2\/product\/7908\/revisions"}],"predecessor-version":[{"id":10739,"href":"https:\/\/ksproducts.ca\/fr\/wp-json\/wp\/v2\/product\/7908\/revisions\/10739"}],"wp:featuredmedia":[{"embeddable":true,"href":"https:\/\/ksproducts.ca\/fr\/wp-json\/wp\/v2\/media\/7930"}],"wp:attachment":[{"href":"https:\/\/ksproducts.ca\/fr\/wp-json\/wp\/v2\/media?parent=7908"}],"wp:term":[{"taxonomy":"product_cat","embeddable":true,"href":"https:\/\/ksproducts.ca\/fr\/wp-json\/wp\/v2\/product_cat?post=7908"},{"taxonomy":"product_tag","embeddable":true,"href":"https:\/\/ksproducts.ca\/fr\/wp-json\/wp\/v2\/product_tag?post=7908"}],"curies":[{"name":"wp","href":"https:\/\/api.w.org\/{rel}","templated":true}]}}