{"id":7966,"date":"2024-04-15T16:15:22","date_gmt":"2024-04-15T16:15:22","guid":{"rendered":"https:\/\/ksproducts.ca\/?post_type=product&#038;p=7966"},"modified":"2026-04-24T07:32:15","modified_gmt":"2026-04-24T07:32:15","slug":"griddle-original-28in-xl-w-hood","status":"publish","type":"product","link":"https:\/\/ksproducts.ca\/fr\/product\/griddle-original-28in-xl-w-hood\/","title":{"rendered":"Blackstone 28inch Original Series XL Griddle with Hood (gril de 28 pouces avec capot)"},"content":{"rendered":"<ul>\n<li id=\"ember362\" class=\"ember-view\"><span class=\"_value-text_xztep4\" title=\"Espace de cuisson de 28 pouces de large avec un total de 613 pouces carr\u00e9s\">Espace de cuisson de 28 pouces de large avec un total de 613 pouces carr\u00e9s<\/span><\/li>\n<li class=\"ember-view\">Syst\u00e8me brevet\u00e9 de gestion des graisses \u00e0 l'arri\u00e8re<\/li>\n<li class=\"ember-view\">Trois zones de cuisson contr\u00f4l\u00e9es ind\u00e9pendamment avec un total de 48 000 BTU<\/li>\n<li class=\"ember-view\">Style chariot avec deux \u00e9tag\u00e8res lat\u00e9rales<\/li>\n<li class=\"ember-view\">Porte-serviettes pliant<\/li>\n<\/ul>","protected":false},"excerpt":{"rendered":"<p>Cette plaque de cuisson de 28 pouces offre une surface de cuisson spacieuse de 613 pouces carr\u00e9s, ce qui vous donne suffisamment d'espace pour cuire plusieurs aliments \u00e0 la fois. Trois zones de cuisson contr\u00f4l\u00e9es ind\u00e9pendamment fournissent un total de 48 000 BTU, ce qui vous permet de saisir, sauter et r\u00e9chauffer avec pr\u00e9cision. Le syst\u00e8me brevet\u00e9 de gestion des graisses \u00e0 l'arri\u00e8re facilite le nettoyage, tandis que la conception robuste de type chariot avec deux \u00e9tag\u00e8res lat\u00e9rales offre plus d'espace pour la pr\u00e9paration et le service. Un porte-essuie-tout pliant pratique permet de garder l'essentiel \u00e0 port\u00e9e de main pendant que vous cuisinez.<\/p>","protected":false},"featured_media":7980,"comment_status":"closed","ping_status":"closed","template":"","meta":[],"product_cat":[405],"product_tag":[],"class_list":{"0":"post-7966","1":"product","2":"type-product","3":"status-publish","4":"has-post-thumbnail","6":"product_brand-blackstone","7":"product_cat-28-inch-griddle","8":"product_shipping_class-class-4","10":"first","11":"instock","12":"taxable","13":"shipping-taxable","14":"purchasable","15":"product-type-simple"},"yoast_head":"<!-- This site is optimized with the Yoast SEO plugin v27.4 - https:\/\/yoast.com\/product\/yoast-seo-wordpress\/ -->\n<title>Blackstone 28inch Original Series XL Griddle with Hood - Ks Products<\/title>\n<meta name=\"robots\" content=\"index, follow, max-snippet:-1, max-image-preview:large, max-video-preview:-1\" \/>\n<link rel=\"canonical\" href=\"https:\/\/ksproducts.ca\/fr\/product\/griddle-original-28in-xl-w-hood\/\" \/>\n<meta property=\"og:locale\" content=\"fr_CA\" \/>\n<meta property=\"og:type\" content=\"article\" \/>\n<meta property=\"og:title\" content=\"Blackstone 28inch Original Series XL Griddle with Hood - Ks Products\" \/>\n<meta property=\"og:description\" content=\"This 28-inch griddle delivers a spacious 613 sq. in. cooking surface, giving you plenty of room to cook multiple foods at once. Three independently controlled cooking zones provide a powerful total of 48,000 BTUs, so you can sear, saut\u00e9, and warm with precision. The patented rear grease management system helps keep cleanup simple, while the sturdy cart-style design with dual side shelves offers added prep and serving space. A convenient folding paper towel holder keeps essentials within reach while you cook.\" \/>\n<meta property=\"og:url\" content=\"https:\/\/ksproducts.ca\/fr\/product\/griddle-original-28in-xl-w-hood\/\" \/>\n<meta property=\"og:site_name\" content=\"Ks Products\" \/>\n<meta property=\"article:modified_time\" content=\"2026-04-24T07:32:15+00:00\" \/>\n<meta property=\"og:image\" content=\"https:\/\/ksproducts.ca\/wp-content\/uploads\/2024\/04\/2080_28XLGriddlewithHood_Breakfast.png\" \/>\n\t<meta property=\"og:image:width\" content=\"744\" \/>\n\t<meta property=\"og:image:height\" content=\"800\" \/>\n\t<meta property=\"og:image:type\" content=\"image\/png\" \/>\n<meta name=\"twitter:card\" content=\"summary_large_image\" \/>\n<meta name=\"twitter:label1\" content=\"Estimation du temps de lecture\" \/>\n\t<meta name=\"twitter:data1\" content=\"1 minute\" \/>\n<script type=\"application\/ld+json\" class=\"yoast-schema-graph\">{\"@context\":\"https:\\\/\\\/schema.org\",\"@graph\":[{\"@type\":\"WebPage\",\"@id\":\"https:\\\/\\\/ksproducts.ca\\\/product\\\/griddle-original-28in-xl-w-hood\\\/\",\"url\":\"https:\\\/\\\/ksproducts.ca\\\/product\\\/griddle-original-28in-xl-w-hood\\\/\",\"name\":\"Blackstone 28inch Original Series XL Griddle with Hood - Ks Products\",\"isPartOf\":{\"@id\":\"https:\\\/\\\/ksproducts.ca\\\/#website\"},\"primaryImageOfPage\":{\"@id\":\"https:\\\/\\\/ksproducts.ca\\\/product\\\/griddle-original-28in-xl-w-hood\\\/#primaryimage\"},\"image\":{\"@id\":\"https:\\\/\\\/ksproducts.ca\\\/product\\\/griddle-original-28in-xl-w-hood\\\/#primaryimage\"},\"thumbnailUrl\":\"https:\\\/\\\/ksproducts.ca\\\/wp-content\\\/uploads\\\/2024\\\/04\\\/2080_28XLGriddlewithHood_Breakfast.png\",\"datePublished\":\"2024-04-15T16:15:22+00:00\",\"dateModified\":\"2026-04-24T07:32:15+00:00\",\"breadcrumb\":{\"@id\":\"https:\\\/\\\/ksproducts.ca\\\/product\\\/griddle-original-28in-xl-w-hood\\\/#breadcrumb\"},\"inLanguage\":\"fr-CA\",\"potentialAction\":[{\"@type\":\"ReadAction\",\"target\":[\"https:\\\/\\\/ksproducts.ca\\\/product\\\/griddle-original-28in-xl-w-hood\\\/\"]}]},{\"@type\":\"ImageObject\",\"inLanguage\":\"fr-CA\",\"@id\":\"https:\\\/\\\/ksproducts.ca\\\/product\\\/griddle-original-28in-xl-w-hood\\\/#primaryimage\",\"url\":\"https:\\\/\\\/ksproducts.ca\\\/wp-content\\\/uploads\\\/2024\\\/04\\\/2080_28XLGriddlewithHood_Breakfast.png\",\"contentUrl\":\"https:\\\/\\\/ksproducts.ca\\\/wp-content\\\/uploads\\\/2024\\\/04\\\/2080_28XLGriddlewithHood_Breakfast.png\",\"width\":744,\"height\":800,\"caption\":\"Blackstone 28inch Original Series XL Griddle with Hood\"},{\"@type\":\"BreadcrumbList\",\"@id\":\"https:\\\/\\\/ksproducts.ca\\\/product\\\/griddle-original-28in-xl-w-hood\\\/#breadcrumb\",\"itemListElement\":[{\"@type\":\"ListItem\",\"position\":1,\"name\":\"Home\",\"item\":\"https:\\\/\\\/ksproducts.ca\\\/\"},{\"@type\":\"ListItem\",\"position\":2,\"name\":\"Shop\",\"item\":\"https:\\\/\\\/ksproducts.ca\\\/shop\\\/\"},{\"@type\":\"ListItem\",\"position\":3,\"name\":\"Blackstone 28inch Original Series XL Griddle with Hood\"}]},{\"@type\":\"WebSite\",\"@id\":\"https:\\\/\\\/ksproducts.ca\\\/#website\",\"url\":\"https:\\\/\\\/ksproducts.ca\\\/\",\"name\":\"Ks Products\",\"description\":\"Outdoor cooking and living, made easy in Canada\",\"publisher\":{\"@id\":\"https:\\\/\\\/ksproducts.ca\\\/#organization\"},\"potentialAction\":[{\"@type\":\"SearchAction\",\"target\":{\"@type\":\"EntryPoint\",\"urlTemplate\":\"https:\\\/\\\/ksproducts.ca\\\/?s={search_term_string}\"},\"query-input\":{\"@type\":\"PropertyValueSpecification\",\"valueRequired\":true,\"valueName\":\"search_term_string\"}}],\"inLanguage\":\"fr-CA\"},{\"@type\":\"Organization\",\"@id\":\"https:\\\/\\\/ksproducts.ca\\\/#organization\",\"name\":\"Ks Products\",\"url\":\"https:\\\/\\\/ksproducts.ca\\\/\",\"logo\":{\"@type\":\"ImageObject\",\"inLanguage\":\"fr-CA\",\"@id\":\"https:\\\/\\\/ksproducts.ca\\\/#\\\/schema\\\/logo\\\/image\\\/\",\"url\":\"https:\\\/\\\/ksproducts.ca\\\/wp-content\\\/uploads\\\/2023\\\/09\\\/Kennedy-Sales-Logo-header-1.png\",\"contentUrl\":\"https:\\\/\\\/ksproducts.ca\\\/wp-content\\\/uploads\\\/2023\\\/09\\\/Kennedy-Sales-Logo-header-1.png\",\"width\":150,\"height\":77,\"caption\":\"Ks Products\"},\"image\":{\"@id\":\"https:\\\/\\\/ksproducts.ca\\\/#\\\/schema\\\/logo\\\/image\\\/\"}}]}<\/script>\n<!-- \/ Yoast SEO plugin. -->","yoast_head_json":{"title":"Plancha Blackstone Original Series XL 28 pouces avec couvercle - Ks Products","robots":{"index":"index","follow":"follow","max-snippet":"max-snippet:-1","max-image-preview":"max-image-preview:large","max-video-preview":"max-video-preview:-1"},"canonical":"https:\/\/ksproducts.ca\/fr\/product\/griddle-original-28in-xl-w-hood\/","og_locale":"fr_CA","og_type":"article","og_title":"Blackstone 28inch Original Series XL Griddle with Hood - Ks Products","og_description":"This 28-inch griddle delivers a spacious 613 sq. in. cooking surface, giving you plenty of room to cook multiple foods at once. Three independently controlled cooking zones provide a powerful total of 48,000 BTUs, so you can sear, saut\u00e9, and warm with precision. The patented rear grease management system helps keep cleanup simple, while the sturdy cart-style design with dual side shelves offers added prep and serving space. A convenient folding paper towel holder keeps essentials within reach while you cook.","og_url":"https:\/\/ksproducts.ca\/fr\/product\/griddle-original-28in-xl-w-hood\/","og_site_name":"Ks Products","article_modified_time":"2026-04-24T07:32:15+00:00","og_image":[{"width":744,"height":800,"url":"https:\/\/ksproducts.ca\/wp-content\/uploads\/2024\/04\/2080_28XLGriddlewithHood_Breakfast.png","type":"image\/png"}],"twitter_card":"summary_large_image","twitter_misc":{"Estimation du temps de lecture":"1 minute"},"schema":{"@context":"https:\/\/schema.org","@graph":[{"@type":"WebPage","@id":"https:\/\/ksproducts.ca\/product\/griddle-original-28in-xl-w-hood\/","url":"https:\/\/ksproducts.ca\/product\/griddle-original-28in-xl-w-hood\/","name":"Plancha Blackstone Original Series XL 28 pouces avec couvercle - Ks Products","isPartOf":{"@id":"https:\/\/ksproducts.ca\/#website"},"primaryImageOfPage":{"@id":"https:\/\/ksproducts.ca\/product\/griddle-original-28in-xl-w-hood\/#primaryimage"},"image":{"@id":"https:\/\/ksproducts.ca\/product\/griddle-original-28in-xl-w-hood\/#primaryimage"},"thumbnailUrl":"https:\/\/ksproducts.ca\/wp-content\/uploads\/2024\/04\/2080_28XLGriddlewithHood_Breakfast.png","datePublished":"2024-04-15T16:15:22+00:00","dateModified":"2026-04-24T07:32:15+00:00","breadcrumb":{"@id":"https:\/\/ksproducts.ca\/product\/griddle-original-28in-xl-w-hood\/#breadcrumb"},"inLanguage":"fr-CA","potentialAction":[{"@type":"ReadAction","target":["https:\/\/ksproducts.ca\/product\/griddle-original-28in-xl-w-hood\/"]}]},{"@type":"ImageObject","inLanguage":"fr-CA","@id":"https:\/\/ksproducts.ca\/product\/griddle-original-28in-xl-w-hood\/#primaryimage","url":"https:\/\/ksproducts.ca\/wp-content\/uploads\/2024\/04\/2080_28XLGriddlewithHood_Breakfast.png","contentUrl":"https:\/\/ksproducts.ca\/wp-content\/uploads\/2024\/04\/2080_28XLGriddlewithHood_Breakfast.png","width":744,"height":800,"caption":"Blackstone 28inch Original Series XL Griddle with Hood"},{"@type":"BreadcrumbList","@id":"https:\/\/ksproducts.ca\/product\/griddle-original-28in-xl-w-hood\/#breadcrumb","itemListElement":[{"@type":"ListItem","position":1,"name":"Home","item":"https:\/\/ksproducts.ca\/"},{"@type":"ListItem","position":2,"name":"Shop","item":"https:\/\/ksproducts.ca\/shop\/"},{"@type":"ListItem","position":3,"name":"Blackstone 28inch Original Series XL Griddle with Hood"}]},{"@type":"WebSite","@id":"https:\/\/ksproducts.ca\/#website","url":"https:\/\/ksproducts.ca\/","name":"Produits Ks","description":"Cuisiner et vivre en plein air, c'est facile au Canada","publisher":{"@id":"https:\/\/ksproducts.ca\/#organization"},"potentialAction":[{"@type":"SearchAction","target":{"@type":"EntryPoint","urlTemplate":"https:\/\/ksproducts.ca\/?s={search_term_string}"},"query-input":{"@type":"PropertyValueSpecification","valueRequired":true,"valueName":"search_term_string"}}],"inLanguage":"fr-CA"},{"@type":"Organization","@id":"https:\/\/ksproducts.ca\/#organization","name":"Produits Ks","url":"https:\/\/ksproducts.ca\/","logo":{"@type":"ImageObject","inLanguage":"fr-CA","@id":"https:\/\/ksproducts.ca\/#\/schema\/logo\/image\/","url":"https:\/\/ksproducts.ca\/wp-content\/uploads\/2023\/09\/Kennedy-Sales-Logo-header-1.png","contentUrl":"https:\/\/ksproducts.ca\/wp-content\/uploads\/2023\/09\/Kennedy-Sales-Logo-header-1.png","width":150,"height":77,"caption":"Ks Products"},"image":{"@id":"https:\/\/ksproducts.ca\/#\/schema\/logo\/image\/"}}]}},"_links":{"self":[{"href":"https:\/\/ksproducts.ca\/fr\/wp-json\/wp\/v2\/product\/7966","targetHints":{"allow":["GET"]}}],"collection":[{"href":"https:\/\/ksproducts.ca\/fr\/wp-json\/wp\/v2\/product"}],"about":[{"href":"https:\/\/ksproducts.ca\/fr\/wp-json\/wp\/v2\/types\/product"}],"replies":[{"embeddable":true,"href":"https:\/\/ksproducts.ca\/fr\/wp-json\/wp\/v2\/comments?post=7966"}],"version-history":[{"count":4,"href":"https:\/\/ksproducts.ca\/fr\/wp-json\/wp\/v2\/product\/7966\/revisions"}],"predecessor-version":[{"id":10719,"href":"https:\/\/ksproducts.ca\/fr\/wp-json\/wp\/v2\/product\/7966\/revisions\/10719"}],"wp:featuredmedia":[{"embeddable":true,"href":"https:\/\/ksproducts.ca\/fr\/wp-json\/wp\/v2\/media\/7980"}],"wp:attachment":[{"href":"https:\/\/ksproducts.ca\/fr\/wp-json\/wp\/v2\/media?parent=7966"}],"wp:term":[{"taxonomy":"product_cat","embeddable":true,"href":"https:\/\/ksproducts.ca\/fr\/wp-json\/wp\/v2\/product_cat?post=7966"},{"taxonomy":"product_tag","embeddable":true,"href":"https:\/\/ksproducts.ca\/fr\/wp-json\/wp\/v2\/product_tag?post=7966"}],"curies":[{"name":"wp","href":"https:\/\/api.w.org\/{rel}","templated":true}]}}