{"id":7982,"date":"2024-04-15T16:16:03","date_gmt":"2024-04-15T16:16:03","guid":{"rendered":"https:\/\/ksproducts.ca\/?post_type=product&#038;p=7982"},"modified":"2026-04-04T15:32:41","modified_gmt":"2026-04-04T15:32:41","slug":"22-sac-de-transport-pour-plancha-de-la-serie-e","status":"publish","type":"product","link":"https:\/\/ksproducts.ca\/fr\/product\/22-e-series-griddle-carry-bag\/","title":{"rendered":"Blackstone E-Series Carrying Bag for 22inch Griddle (Sac de transport pour gril de 22 pouces)"},"content":{"rendered":"","protected":false},"excerpt":{"rendered":"<p>Ce sac est con\u00e7u pour s'adapter au gril de table Blackstone de 22 pouces.  Transportez facilement et en toute s\u00e9curit\u00e9 votre gril de 22 pouces \u00e0 tous vos \u00e9v\u00e9nements de cuisine en plein air pr\u00e9f\u00e9r\u00e9s !<\/p>","protected":false},"featured_media":7985,"comment_status":"closed","ping_status":"closed","template":"","meta":[],"product_cat":[436,437],"product_tag":[],"class_list":{"0":"post-7982","1":"product","2":"type-product","3":"status-publish","4":"has-post-thumbnail","6":"product_brand-blackstone","7":"product_cat-accessories","8":"product_cat-covers-cases","9":"product_shipping_class-class-1","11":"first","12":"instock","13":"taxable","14":"shipping-taxable","15":"purchasable","16":"product-type-simple"},"yoast_head":"<!-- This site is optimized with the Yoast SEO plugin v27.3 - https:\/\/yoast.com\/product\/yoast-seo-wordpress\/ -->\n<title>Blackstone E-Series Carrying Bag for 22inch Griddle - Ks Products<\/title>\n<meta name=\"robots\" content=\"index, follow, max-snippet:-1, max-image-preview:large, max-video-preview:-1\" \/>\n<link rel=\"canonical\" href=\"https:\/\/ksproducts.ca\/fr\/product\/22-sac-de-transport-pour-plancha-de-la-serie-e\/\" \/>\n<meta property=\"og:locale\" content=\"fr_CA\" \/>\n<meta property=\"og:type\" content=\"article\" \/>\n<meta property=\"og:title\" content=\"Blackstone E-Series Carrying Bag for 22inch Griddle - Ks Products\" \/>\n<meta property=\"og:description\" content=\"This bag is custom designed to fit the Blackstone 22-inch Table Top Griddle.\u00a0 Easily and safely transport your 22-inch Griddle to all of your favorite outdoor cooking events!\" \/>\n<meta property=\"og:url\" content=\"https:\/\/ksproducts.ca\/fr\/product\/22-sac-de-transport-pour-plancha-de-la-serie-e\/\" \/>\n<meta property=\"og:site_name\" content=\"Ks Products\" \/>\n<meta property=\"article:modified_time\" content=\"2026-04-04T15:32:41+00:00\" \/>\n<meta property=\"og:image\" content=\"https:\/\/ksproducts.ca\/wp-content\/uploads\/2024\/04\/5520_22ESeriesGriddleBag_Front.png\" \/>\n\t<meta property=\"og:image:width\" content=\"760\" \/>\n\t<meta property=\"og:image:height\" content=\"491\" \/>\n\t<meta property=\"og:image:type\" content=\"image\/png\" \/>\n<meta name=\"twitter:card\" content=\"summary_large_image\" \/>\n<meta name=\"twitter:label1\" content=\"Estimation du temps de lecture\" \/>\n\t<meta name=\"twitter:data1\" content=\"1 minute\" \/>\n<script type=\"application\/ld+json\" class=\"yoast-schema-graph\">{\"@context\":\"https:\\\/\\\/schema.org\",\"@graph\":[{\"@type\":\"WebPage\",\"@id\":\"https:\\\/\\\/ksproducts.ca\\\/product\\\/22-e-series-griddle-carry-bag\\\/\",\"url\":\"https:\\\/\\\/ksproducts.ca\\\/product\\\/22-e-series-griddle-carry-bag\\\/\",\"name\":\"Blackstone E-Series Carrying Bag for 22inch Griddle - Ks Products\",\"isPartOf\":{\"@id\":\"https:\\\/\\\/ksproducts.ca\\\/#website\"},\"primaryImageOfPage\":{\"@id\":\"https:\\\/\\\/ksproducts.ca\\\/product\\\/22-e-series-griddle-carry-bag\\\/#primaryimage\"},\"image\":{\"@id\":\"https:\\\/\\\/ksproducts.ca\\\/product\\\/22-e-series-griddle-carry-bag\\\/#primaryimage\"},\"thumbnailUrl\":\"https:\\\/\\\/ksproducts.ca\\\/wp-content\\\/uploads\\\/2024\\\/04\\\/5520_22ESeriesGriddleBag_Front.png\",\"datePublished\":\"2024-04-15T16:16:03+00:00\",\"dateModified\":\"2026-04-04T15:32:41+00:00\",\"breadcrumb\":{\"@id\":\"https:\\\/\\\/ksproducts.ca\\\/product\\\/22-e-series-griddle-carry-bag\\\/#breadcrumb\"},\"inLanguage\":\"fr-CA\",\"potentialAction\":[{\"@type\":\"ReadAction\",\"target\":[\"https:\\\/\\\/ksproducts.ca\\\/product\\\/22-e-series-griddle-carry-bag\\\/\"]}]},{\"@type\":\"ImageObject\",\"inLanguage\":\"fr-CA\",\"@id\":\"https:\\\/\\\/ksproducts.ca\\\/product\\\/22-e-series-griddle-carry-bag\\\/#primaryimage\",\"url\":\"https:\\\/\\\/ksproducts.ca\\\/wp-content\\\/uploads\\\/2024\\\/04\\\/5520_22ESeriesGriddleBag_Front.png\",\"contentUrl\":\"https:\\\/\\\/ksproducts.ca\\\/wp-content\\\/uploads\\\/2024\\\/04\\\/5520_22ESeriesGriddleBag_Front.png\",\"width\":760,\"height\":491,\"caption\":\"Blackstone E-Series Carrying Bag for 22inch Griddle\"},{\"@type\":\"BreadcrumbList\",\"@id\":\"https:\\\/\\\/ksproducts.ca\\\/product\\\/22-e-series-griddle-carry-bag\\\/#breadcrumb\",\"itemListElement\":[{\"@type\":\"ListItem\",\"position\":1,\"name\":\"Home\",\"item\":\"https:\\\/\\\/ksproducts.ca\\\/\"},{\"@type\":\"ListItem\",\"position\":2,\"name\":\"Shop\",\"item\":\"https:\\\/\\\/ksproducts.ca\\\/shop\\\/\"},{\"@type\":\"ListItem\",\"position\":3,\"name\":\"Blackstone E-Series Carrying Bag for 22inch Griddle\"}]},{\"@type\":\"WebSite\",\"@id\":\"https:\\\/\\\/ksproducts.ca\\\/#website\",\"url\":\"https:\\\/\\\/ksproducts.ca\\\/\",\"name\":\"Ks Products\",\"description\":\"Outdoor cooking and living, made easy in Canada\",\"publisher\":{\"@id\":\"https:\\\/\\\/ksproducts.ca\\\/#organization\"},\"potentialAction\":[{\"@type\":\"SearchAction\",\"target\":{\"@type\":\"EntryPoint\",\"urlTemplate\":\"https:\\\/\\\/ksproducts.ca\\\/?s={search_term_string}\"},\"query-input\":{\"@type\":\"PropertyValueSpecification\",\"valueRequired\":true,\"valueName\":\"search_term_string\"}}],\"inLanguage\":\"fr-CA\"},{\"@type\":\"Organization\",\"@id\":\"https:\\\/\\\/ksproducts.ca\\\/#organization\",\"name\":\"Ks Products\",\"url\":\"https:\\\/\\\/ksproducts.ca\\\/\",\"logo\":{\"@type\":\"ImageObject\",\"inLanguage\":\"fr-CA\",\"@id\":\"https:\\\/\\\/ksproducts.ca\\\/#\\\/schema\\\/logo\\\/image\\\/\",\"url\":\"https:\\\/\\\/ksproducts.ca\\\/wp-content\\\/uploads\\\/2023\\\/09\\\/Kennedy-Sales-Logo-header-1.png\",\"contentUrl\":\"https:\\\/\\\/ksproducts.ca\\\/wp-content\\\/uploads\\\/2023\\\/09\\\/Kennedy-Sales-Logo-header-1.png\",\"width\":150,\"height\":77,\"caption\":\"Ks Products\"},\"image\":{\"@id\":\"https:\\\/\\\/ksproducts.ca\\\/#\\\/schema\\\/logo\\\/image\\\/\"}}]}<\/script>\n<!-- \/ Yoast SEO plugin. -->","yoast_head_json":{"title":"Blackstone E-Series Carrying Bag for 22inch Griddle - Ks Products","robots":{"index":"index","follow":"follow","max-snippet":"max-snippet:-1","max-image-preview":"max-image-preview:large","max-video-preview":"max-video-preview:-1"},"canonical":"https:\/\/ksproducts.ca\/fr\/product\/22-sac-de-transport-pour-plancha-de-la-serie-e\/","og_locale":"fr_CA","og_type":"article","og_title":"Blackstone E-Series Carrying Bag for 22inch Griddle - Ks Products","og_description":"This bag is custom designed to fit the Blackstone 22-inch Table Top Griddle.\u00a0 Easily and safely transport your 22-inch Griddle to all of your favorite outdoor cooking events!","og_url":"https:\/\/ksproducts.ca\/fr\/product\/22-sac-de-transport-pour-plancha-de-la-serie-e\/","og_site_name":"Ks Products","article_modified_time":"2026-04-04T15:32:41+00:00","og_image":[{"width":760,"height":491,"url":"https:\/\/ksproducts.ca\/wp-content\/uploads\/2024\/04\/5520_22ESeriesGriddleBag_Front.png","type":"image\/png"}],"twitter_card":"summary_large_image","twitter_misc":{"Estimation du temps de lecture":"1 minute"},"schema":{"@context":"https:\/\/schema.org","@graph":[{"@type":"WebPage","@id":"https:\/\/ksproducts.ca\/product\/22-e-series-griddle-carry-bag\/","url":"https:\/\/ksproducts.ca\/product\/22-e-series-griddle-carry-bag\/","name":"Blackstone E-Series Carrying Bag for 22inch Griddle - Ks Products","isPartOf":{"@id":"https:\/\/ksproducts.ca\/#website"},"primaryImageOfPage":{"@id":"https:\/\/ksproducts.ca\/product\/22-e-series-griddle-carry-bag\/#primaryimage"},"image":{"@id":"https:\/\/ksproducts.ca\/product\/22-e-series-griddle-carry-bag\/#primaryimage"},"thumbnailUrl":"https:\/\/ksproducts.ca\/wp-content\/uploads\/2024\/04\/5520_22ESeriesGriddleBag_Front.png","datePublished":"2024-04-15T16:16:03+00:00","dateModified":"2026-04-04T15:32:41+00:00","breadcrumb":{"@id":"https:\/\/ksproducts.ca\/product\/22-e-series-griddle-carry-bag\/#breadcrumb"},"inLanguage":"fr-CA","potentialAction":[{"@type":"ReadAction","target":["https:\/\/ksproducts.ca\/product\/22-e-series-griddle-carry-bag\/"]}]},{"@type":"ImageObject","inLanguage":"fr-CA","@id":"https:\/\/ksproducts.ca\/product\/22-e-series-griddle-carry-bag\/#primaryimage","url":"https:\/\/ksproducts.ca\/wp-content\/uploads\/2024\/04\/5520_22ESeriesGriddleBag_Front.png","contentUrl":"https:\/\/ksproducts.ca\/wp-content\/uploads\/2024\/04\/5520_22ESeriesGriddleBag_Front.png","width":760,"height":491,"caption":"Blackstone E-Series Carrying Bag for 22inch Griddle"},{"@type":"BreadcrumbList","@id":"https:\/\/ksproducts.ca\/product\/22-e-series-griddle-carry-bag\/#breadcrumb","itemListElement":[{"@type":"ListItem","position":1,"name":"Home","item":"https:\/\/ksproducts.ca\/"},{"@type":"ListItem","position":2,"name":"Shop","item":"https:\/\/ksproducts.ca\/shop\/"},{"@type":"ListItem","position":3,"name":"Blackstone E-Series Carrying Bag for 22inch Griddle"}]},{"@type":"WebSite","@id":"https:\/\/ksproducts.ca\/#website","url":"https:\/\/ksproducts.ca\/","name":"Produits Ks","description":"Cuisiner et vivre en plein air, c'est facile au Canada","publisher":{"@id":"https:\/\/ksproducts.ca\/#organization"},"potentialAction":[{"@type":"SearchAction","target":{"@type":"EntryPoint","urlTemplate":"https:\/\/ksproducts.ca\/?s={search_term_string}"},"query-input":{"@type":"PropertyValueSpecification","valueRequired":true,"valueName":"search_term_string"}}],"inLanguage":"fr-CA"},{"@type":"Organization","@id":"https:\/\/ksproducts.ca\/#organization","name":"Produits Ks","url":"https:\/\/ksproducts.ca\/","logo":{"@type":"ImageObject","inLanguage":"fr-CA","@id":"https:\/\/ksproducts.ca\/#\/schema\/logo\/image\/","url":"https:\/\/ksproducts.ca\/wp-content\/uploads\/2023\/09\/Kennedy-Sales-Logo-header-1.png","contentUrl":"https:\/\/ksproducts.ca\/wp-content\/uploads\/2023\/09\/Kennedy-Sales-Logo-header-1.png","width":150,"height":77,"caption":"Ks Products"},"image":{"@id":"https:\/\/ksproducts.ca\/#\/schema\/logo\/image\/"}}]}},"_links":{"self":[{"href":"https:\/\/ksproducts.ca\/fr\/wp-json\/wp\/v2\/product\/7982","targetHints":{"allow":["GET"]}}],"collection":[{"href":"https:\/\/ksproducts.ca\/fr\/wp-json\/wp\/v2\/product"}],"about":[{"href":"https:\/\/ksproducts.ca\/fr\/wp-json\/wp\/v2\/types\/product"}],"replies":[{"embeddable":true,"href":"https:\/\/ksproducts.ca\/fr\/wp-json\/wp\/v2\/comments?post=7982"}],"version-history":[{"count":3,"href":"https:\/\/ksproducts.ca\/fr\/wp-json\/wp\/v2\/product\/7982\/revisions"}],"predecessor-version":[{"id":10781,"href":"https:\/\/ksproducts.ca\/fr\/wp-json\/wp\/v2\/product\/7982\/revisions\/10781"}],"wp:featuredmedia":[{"embeddable":true,"href":"https:\/\/ksproducts.ca\/fr\/wp-json\/wp\/v2\/media\/7985"}],"wp:attachment":[{"href":"https:\/\/ksproducts.ca\/fr\/wp-json\/wp\/v2\/media?parent=7982"}],"wp:term":[{"taxonomy":"product_cat","embeddable":true,"href":"https:\/\/ksproducts.ca\/fr\/wp-json\/wp\/v2\/product_cat?post=7982"},{"taxonomy":"product_tag","embeddable":true,"href":"https:\/\/ksproducts.ca\/fr\/wp-json\/wp\/v2\/product_tag?post=7982"}],"curies":[{"name":"wp","href":"https:\/\/api.w.org\/{rel}","templated":true}]}}